{"id":447300,"date":"2025-02-25T16:39:59","date_gmt":"2025-02-25T15:39:59","guid":{"rendered":"https:\/\/www.pricetornado.com\/da\/produkt\/nedis-inki110cbk4-myggefaelde\/"},"modified":"2026-04-17T03:40:18","modified_gmt":"2026-04-17T01:40:18","slug":"nedis-inki110cbk4-myggefaelde","status":"publish","type":"product","link":"https:\/\/www.pricetornado.com\/da\/produkt\/nedis-inki110cbk4-myggefaelde\/","title":{"rendered":"Nedis INKI110CBK4 Myggef\u00e6lde"},"content":{"rendered":"<p>K\u00f8b billig Nedis INKI110CBK4 Myggef\u00e6lde!<br \/>\nSlip af med myg, fluer, hvepse og andre irriterende, flyvende insekter med denne elektriske insektfanger fra Nedis. Den anvender en energieffektiv 4 W UV-A LED-lampe til at tiltr\u00e6kke insekter, som straks elimineres ved kontakt med det indvendige h\u00f8jsp\u00e6ndingsgitter. Med et \u00e5bent design d\u00e6kkes et stort omr\u00e5de p\u00e5 op til 30 m\u00b2, hvilket g\u00f8r f\u00e6lden ideel til b\u00e5de hjemmet, terrassen, camping eller rejsebrug.Insektfangerens kabinet er fremstillet i let og robust plast, hvilket g\u00f8r den nem at h\u00e5ndtere og mere modstandsdygtig over for st\u00f8d. Den kompakte st\u00f8rrelse g\u00f8r den nem at placere \u2013 hvad end det er i hjemmet eller p\u00e5 farten. En praktisk h\u00e6ngekrog medf\u00f8lger, s\u00e5 f\u00e6lden let kan h\u00e6nges op efter behov. Da den ikke anvender kemikalier, er den en milj\u00f8venlig og sikker l\u00f8sning for b\u00e5de mennesker og milj\u00f8.En brugervenlig t\u00e6nd\/sluk-knap g\u00f8r betjeningen enkel, og den aftagelige, vaskbare opsamlingsbakke g\u00f8r reng\u00f8ringen hurtig og bekvem. Alt sammen sikrer nem vedligeholdelse og en hygiejnisk brug. hos Butik24 og oplev frihed fra irriterende insekter \u00e5ret rundt.<\/p>\n<p>Sammenlign priser p\u00e5 Nedis INKI110CBK4 Myggef\u00e6lde og k\u00f8b online til den billigste pris, samt p\u00e5 tilbud!\u00a0\u00a0Tjek den bedste pris, produkt beskrivelse, video, test, anmeldelser osv.<\/p>\n<p><strong>Brand: <\/strong>Nedis<br \/>\n<strong>EAN: <\/strong>5412810268429<br \/>\n<strong>Producentens varenr.:<\/strong> 5412810268429<\/p>\n<p><strong>P.S.<\/strong><br \/>\nTilmeld dig til &#8220;Opret Gratis Prisfald Alarm&#8221;, og bliv underrettet med det samme om prisfald p\u00e5 Nedis INKI110CBK4 Myggef\u00e6lde, og f\u00e5 den billigste pris!<\/p>\n<p>&nbsp;<\/p>\n<p>&nbsp;<\/p>\n","protected":false},"excerpt":{"rendered":"<p>K\u00f8b billig Nedis INKI110CBK4 Myggef\u00e6lde! Slip af med myg, fluer, hvepse og andre irriterende, flyvende insekter med denne elektriske insektfanger fra Nedis. Den anvender en energieffektiv 4 W UV-A LED-lampe til at tiltr\u00e6kke insekter, som straks elimineres ved kontakt med det indvendige h\u00f8jsp\u00e6ndingsgitter. Med et \u00e5bent design d\u00e6kkes et stort omr\u00e5de p\u00e5 op til 30 [&hellip;]<\/p>\n","protected":false},"featured_media":999980000004473000,"template":"","meta":[],"store":[1272516],"product_brand":[1272517],"product_cat":[1272461],"product_tag":[1272817,1275178],"class_list":{"0":"post-447300","1":"product","2":"type-product","3":"status-publish","4":"has-post-thumbnail","6":"store-butik24","7":"product_brand-nedis","8":"product_cat-hjemmet","9":"product_tag-hjemmet","10":"product_tag-nedis","11":"pa_maerke-nedis","13":"first","14":"instock","15":"product-type-external"},"_links":{"self":[{"href":"https:\/\/www.pricetornado.com\/da\/wp-json\/wp\/v2\/product\/447300","targetHints":{"allow":["GET"]}}],"collection":[{"href":"https:\/\/www.pricetornado.com\/da\/wp-json\/wp\/v2\/product"}],"about":[{"href":"https:\/\/www.pricetornado.com\/da\/wp-json\/wp\/v2\/types\/product"}],"wp:featuredmedia":[{"embeddable":true,"href":"https:\/\/www.pricetornado.com\/da\/wp-json\/"}],"wp:attachment":[{"href":"https:\/\/www.pricetornado.com\/da\/wp-json\/wp\/v2\/media?parent=447300"}],"wp:term":[{"taxonomy":"store","embeddable":true,"href":"https:\/\/www.pricetornado.com\/da\/wp-json\/wp\/v2\/store?post=447300"},{"taxonomy":"product_brand","embeddable":true,"href":"https:\/\/www.pricetornado.com\/da\/wp-json\/wp\/v2\/product_brand?post=447300"},{"taxonomy":"product_cat","embeddable":true,"href":"https:\/\/www.pricetornado.com\/da\/wp-json\/wp\/v2\/product_cat?post=447300"},{"taxonomy":"product_tag","embeddable":true,"href":"https:\/\/www.pricetornado.com\/da\/wp-json\/wp\/v2\/product_tag?post=447300"}],"curies":[{"name":"wp","href":"https:\/\/api.w.org\/{rel}","templated":true}]}}