{"id":447280,"date":"2025-02-20T13:06:50","date_gmt":"2025-02-20T12:06:50","guid":{"rendered":"https:\/\/www.pricetornado.com\/da\/produkt\/nedis-karc115al-ris-koger-1-5l-500w\/"},"modified":"2026-04-20T02:40:04","modified_gmt":"2026-04-20T00:40:04","slug":"nedis-karc115al-ris-koger-1-5l-500w","status":"publish","type":"product","link":"https:\/\/www.pricetornado.com\/da\/produkt\/nedis-karc115al-ris-koger-1-5l-500w\/","title":{"rendered":"Nedis KARC115AL Ris Koger 1.5L 500W"},"content":{"rendered":"<p>K\u00f8b billig Nedis KARC115AL Ris Koger 1.5L 500W!<br \/>\nDenne Nedis riskoger kombinerer et robust kabinet af rustfrit st\u00e5l med holdbare ABS-plastkomponenter, hvilket sikrer lang levetid og god varmebestandighed. Med en kapacitet p\u00e5 1,5 liter og 500 watt effekt kan du nemt tilberede op til 5 portioner ris ad gangen \u2013 perfekt til hele familien eller mindre selskaber. Riskogeren er ogs\u00e5 velegnet til at lave mindre m\u00e6ngder ris.Riskogeren er udstyret med en aftagelig indersk\u00e5l med slip-let-bel\u00e6gning, s\u00e5 risene ikke kl\u00e6ber, og g\u00f8r reng\u00f8ringen enkel. Det gennemsigtige glasl\u00e5g g\u00f8r det let at holde \u00f8je med risene under tilberedningen, uden at du beh\u00f8ver tage l\u00e5get af.Automatisk sluk og hold varm-funktion: Skifter automatisk til en temperatur p\u00e5 70\u201375\u00b0C, s\u00e5 risene holdes perfekte uden at overkoge.Beskyttelse mod t\u00f8rkogning: Forhindrer overophedning, hvis der mangler vand i gryden.Skridsikker base: Giver stabilitet under madlavningen.Energi\u00f8konomisk drift: Auto sluk reducerer energiforbruget ved automatisk at sl\u00e5 maskinen fra, n\u00e5r risene er f\u00e6rdige.Med riskogeren medf\u00f8lger b\u00e5de m\u00e5leb\u00e6ger og ske, s\u00e5 du nemt kan opm\u00e5le ris og vand til den \u00f8nskede m\u00e6ngde. Riskogeren er s\u00e6rligt ideel til at lave ris til sushi, men egner sig ogs\u00e5 til klassiske risretter.G\u00f8r madlavningen nemmere med Nedis riskoger \u2013 praktisk, p\u00e5lidelig og nem at reng\u00f8re. Se flere kvalitetsprodukter fra hos Butik24.<\/p>\n<p>Sammenlign priser p\u00e5 Nedis KARC115AL Ris Koger 1.5L 500W og k\u00f8b online til den billigste pris, samt p\u00e5 tilbud!\u00a0\u00a0Tjek den bedste pris, produkt beskrivelse, video, test, anmeldelser osv.<\/p>\n<p><strong>Brand: <\/strong>Nedis<br \/>\n<strong>EAN: <\/strong>5412810336265<br \/>\n<strong>Producentens varenr.:<\/strong> 5412810336265<\/p>\n<p><strong>P.S.<\/strong><br \/>\nTilmeld dig til &#8220;Opret Gratis Prisfald Alarm&#8221;, og bliv underrettet med det samme om prisfald p\u00e5 Nedis KARC115AL Ris Koger 1.5L 500W, og f\u00e5 den billigste pris!<\/p>\n<p>&nbsp;<\/p>\n<p>&nbsp;<\/p>\n","protected":false},"excerpt":{"rendered":"<p>K\u00f8b billig Nedis KARC115AL Ris Koger 1.5L 500W! Denne Nedis riskoger kombinerer et robust kabinet af rustfrit st\u00e5l med holdbare ABS-plastkomponenter, hvilket sikrer lang levetid og god varmebestandighed. Med en kapacitet p\u00e5 1,5 liter og 500 watt effekt kan du nemt tilberede op til 5 portioner ris ad gangen \u2013 perfekt til hele familien eller [&hellip;]<\/p>\n","protected":false},"featured_media":999980000004472800,"template":"","meta":[],"store":[1272516],"product_brand":[1272517],"product_cat":[1272418],"product_tag":[1272757,1275178],"class_list":{"0":"post-447280","1":"product","2":"type-product","3":"status-publish","4":"has-post-thumbnail","6":"store-butik24","7":"product_brand-nedis","8":"product_cat-koekkenmaskiner","9":"product_tag-koekkenmaskiner","10":"product_tag-nedis","11":"pa_maerke-nedis","13":"first","14":"instock","15":"product-type-external"},"_links":{"self":[{"href":"https:\/\/www.pricetornado.com\/da\/wp-json\/wp\/v2\/product\/447280","targetHints":{"allow":["GET"]}}],"collection":[{"href":"https:\/\/www.pricetornado.com\/da\/wp-json\/wp\/v2\/product"}],"about":[{"href":"https:\/\/www.pricetornado.com\/da\/wp-json\/wp\/v2\/types\/product"}],"wp:featuredmedia":[{"embeddable":true,"href":"https:\/\/www.pricetornado.com\/da\/wp-json\/"}],"wp:attachment":[{"href":"https:\/\/www.pricetornado.com\/da\/wp-json\/wp\/v2\/media?parent=447280"}],"wp:term":[{"taxonomy":"store","embeddable":true,"href":"https:\/\/www.pricetornado.com\/da\/wp-json\/wp\/v2\/store?post=447280"},{"taxonomy":"product_brand","embeddable":true,"href":"https:\/\/www.pricetornado.com\/da\/wp-json\/wp\/v2\/product_brand?post=447280"},{"taxonomy":"product_cat","embeddable":true,"href":"https:\/\/www.pricetornado.com\/da\/wp-json\/wp\/v2\/product_cat?post=447280"},{"taxonomy":"product_tag","embeddable":true,"href":"https:\/\/www.pricetornado.com\/da\/wp-json\/wp\/v2\/product_tag?post=447280"}],"curies":[{"name":"wp","href":"https:\/\/api.w.org\/{rel}","templated":true}]}}