{"id":447275,"date":"2025-02-26T20:46:13","date_gmt":"2025-02-26T19:46:13","guid":{"rendered":"https:\/\/www.pricetornado.com\/da\/produkt\/philips-led-classic-filament-40w-e27-varm-hvid-klar-ikke-daempbar-2-pak-box\/"},"modified":"2026-04-17T08:19:54","modified_gmt":"2026-04-17T06:19:54","slug":"philips-led-classic-filament-40w-e27-varm-hvid-klar-ikke-daempbar-2-pak-box","status":"publish","type":"product","link":"https:\/\/www.pricetornado.com\/da\/produkt\/philips-led-classic-filament-40w-e27-varm-hvid-klar-ikke-daempbar-2-pak-box\/","title":{"rendered":"PHILIPS LED Classic Filament, 40W, E27, varm hvid, klar ikke d\u00e6mpbar, 2-pak BOX"},"content":{"rendered":"<p>K\u00f8b billig PHILIPS LED Classic Filament, 40W, E27, varm hvid, klar ikke d\u00e6mpbar, 2-pak BOX!<br \/>\nOplev et tidl\u00f8st design kombineret med moderne LED-teknologi med Philips LED Classic Filament-p\u00e6ren. Den nostalgiske p\u00e6re har klart glas og synlige LED-filamenter, hvilket giver et autentisk vintageudtryk samt en varm hvid gl\u00f8d p\u00e5 2700K. P\u00e6ren passer perfekt til dekorativ og funktionel belysning i ethvert rum, hvor b\u00e5de \u00e6stetik og energibesparelse er i fokus.Denne Philips LED-p\u00e6re bruger kun 4,3 watt, hvilket svarer til en traditionel 40 watts gl\u00f8dep\u00e6re. Med op til 85 % lavere energiforbrug end almindelige gl\u00f8dep\u00e6rer og en levetid p\u00e5 op til 15.000 timer, holder den op til ti gange l\u00e6ngere. Det giver store besparelser p\u00e5 b\u00e5de str\u00f8mforbrug og udskiftning af p\u00e6rer.V\u00e6lg Philips LED Classic Filament-p\u00e6ren for et klassisk look med moderne, energibesparende fordele. Se hele udvalget af p\u00e6rer og belysning hos Butik24 for flere kvalitetsl\u00f8sninger til hjemmet.<\/p>\n<p>Sammenlign priser p\u00e5 PHILIPS LED Classic Filament, 40W, E27, varm hvid, klar ikke d\u00e6mpbar, 2-pak BOX og k\u00f8b online til den billigste pris, samt p\u00e5 tilbud!\u00a0\u00a0Tjek den bedste pris, produkt beskrivelse, video, test, anmeldelser osv.<\/p>\n<p><strong>Brand: <\/strong>Philips<br \/>\n<strong>EAN: <\/strong>8718699777593<br \/>\n<strong>Producentens varenr.:<\/strong> 8718699777593<\/p>\n<p><strong>P.S.<\/strong><br \/>\nTilmeld dig til &#8220;Opret Gratis Prisfald Alarm&#8221;, og bliv underrettet med det samme om prisfald p\u00e5 PHILIPS LED Classic Filament, 40W, E27, varm hvid, klar ikke d\u00e6mpbar, 2-pak BOX, og f\u00e5 den billigste pris!<\/p>\n<p>&nbsp;<\/p>\n<p>&nbsp;<\/p>\n","protected":false},"excerpt":{"rendered":"<p>K\u00f8b billig PHILIPS LED Classic Filament, 40W, E27, varm hvid, klar ikke d\u00e6mpbar, 2-pak BOX! Oplev et tidl\u00f8st design kombineret med moderne LED-teknologi med Philips LED Classic Filament-p\u00e6ren. Den nostalgiske p\u00e6re har klart glas og synlige LED-filamenter, hvilket giver et autentisk vintageudtryk samt en varm hvid gl\u00f8d p\u00e5 2700K. P\u00e6ren passer perfekt til dekorativ og [&hellip;]<\/p>\n","protected":false},"featured_media":999980000004472750,"template":"","meta":[],"store":[1272516],"product_brand":[1272519],"product_cat":[1272407],"product_tag":[1272697,1275180],"class_list":{"0":"post-447275","1":"product","2":"type-product","3":"status-publish","4":"has-post-thumbnail","6":"store-butik24","7":"product_brand-philips","8":"product_cat-belysning-2","9":"product_tag-belysning","10":"product_tag-philips","11":"pa_maerke-philips","13":"first","14":"instock","15":"product-type-external"},"_links":{"self":[{"href":"https:\/\/www.pricetornado.com\/da\/wp-json\/wp\/v2\/product\/447275","targetHints":{"allow":["GET"]}}],"collection":[{"href":"https:\/\/www.pricetornado.com\/da\/wp-json\/wp\/v2\/product"}],"about":[{"href":"https:\/\/www.pricetornado.com\/da\/wp-json\/wp\/v2\/types\/product"}],"wp:featuredmedia":[{"embeddable":true,"href":"https:\/\/www.pricetornado.com\/da\/wp-json\/"}],"wp:attachment":[{"href":"https:\/\/www.pricetornado.com\/da\/wp-json\/wp\/v2\/media?parent=447275"}],"wp:term":[{"taxonomy":"store","embeddable":true,"href":"https:\/\/www.pricetornado.com\/da\/wp-json\/wp\/v2\/store?post=447275"},{"taxonomy":"product_brand","embeddable":true,"href":"https:\/\/www.pricetornado.com\/da\/wp-json\/wp\/v2\/product_brand?post=447275"},{"taxonomy":"product_cat","embeddable":true,"href":"https:\/\/www.pricetornado.com\/da\/wp-json\/wp\/v2\/product_cat?post=447275"},{"taxonomy":"product_tag","embeddable":true,"href":"https:\/\/www.pricetornado.com\/da\/wp-json\/wp\/v2\/product_tag?post=447275"}],"curies":[{"name":"wp","href":"https:\/\/api.w.org\/{rel}","templated":true}]}}