{"id":447272,"date":"2025-02-22T16:10:57","date_gmt":"2025-02-22T15:10:57","guid":{"rendered":"https:\/\/www.pricetornado.com\/da\/produkt\/jvc-ha-a11t-bu-marshmallow-true-wireless-earbuds-sort\/"},"modified":"2026-04-20T09:40:34","modified_gmt":"2026-04-20T07:40:34","slug":"jvc-ha-a11t-bu-marshmallow-true-wireless-earbuds-sort","status":"publish","type":"product","link":"https:\/\/www.pricetornado.com\/da\/produkt\/jvc-ha-a11t-bu-marshmallow-true-wireless-earbuds-sort\/","title":{"rendered":"JVC HA-A11T-BU Marshmallow True Wireless EarBuds &#8211; Sort"},"content":{"rendered":"<p>K\u00f8b billig JVC HA-A11T-BU Marshmallow True Wireless EarBuds &#8211; Sort!<br \/>\nOplev friheden ved kabelfri lytning med JVC Marshmallow true wireless earbuds. De lette \u00f8retelefoner har bl\u00f8de memory foam-\u00f8repropper, som sikrer en behagelig og sikker pasform \u2013 ogs\u00e5 ved l\u00e6ngere tids brug. Ideelle til b\u00e5de musik og telefonsamtaler uden gener.Stabil bluetooth 5.1 forbindelse og enkel betjeningDe tr\u00e5dl\u00f8se h\u00f8retelefoner tilbyder Bluetooth 5.1 for en stabil og hurtig forbindelse. Automatisk sammenkobling sker, n\u00e5r du tager \u00f8retelefonerne ud af opladeretuiet, hvilket g\u00f8r dem nemme at bruge. Med enkelt-knapbetjening p\u00e5 begge \u00f8retelefoner kan du nemt styre afspilning, skifte numre og h\u00e5ndtere opkald.JVC Marshmallow true wireless earbuds giver dig op til 8 timers afspilning p\u00e5 \u00e9n opladning og op til 28 timers samlet brugstid med opladningsetuiet. Med kun 10 minutters opladning kan du opn\u00e5 op til 1 times ekstra spilletid \u2013 ideelt n\u00e5r du er p\u00e5 farten og har brug for musik hurtigt.V\u00e6lg disse earbuds, hvis du \u00f8nsker solid lyd, brugervenlige funktioner og maksimal komfort i en aktiv hverdag. Se hele vores udvalg af produkter og find den perfekte l\u00f8sning til dine behov.<\/p>\n<p>Sammenlign priser p\u00e5 JVC HA-A11T-BU Marshmallow True Wireless EarBuds &#8211; Sort og k\u00f8b online til den billigste pris, samt p\u00e5 tilbud!\u00a0\u00a0Tjek den bedste pris, produkt beskrivelse, video, test, anmeldelser osv.<\/p>\n<p><strong>Brand: <\/strong>JVC<br \/>\n<strong>EAN: <\/strong>4975769020308<br \/>\n<strong>Producentens varenr.:<\/strong> 4975769020308<\/p>\n<p><strong>P.S.<\/strong><br \/>\nTilmeld dig til &#8220;Opret Gratis Prisfald Alarm&#8221;, og bliv underrettet med det samme om prisfald p\u00e5 JVC HA-A11T-BU Marshmallow True Wireless EarBuds &#8211; Sort, og f\u00e5 den billigste pris!<\/p>\n<p>&nbsp;<\/p>\n<p>&nbsp;<\/p>\n","protected":false},"excerpt":{"rendered":"<p>K\u00f8b billig JVC HA-A11T-BU Marshmallow True Wireless EarBuds &#8211; Sort! Oplev friheden ved kabelfri lytning med JVC Marshmallow true wireless earbuds. De lette \u00f8retelefoner har bl\u00f8de memory foam-\u00f8repropper, som sikrer en behagelig og sikker pasform \u2013 ogs\u00e5 ved l\u00e6ngere tids brug. Ideelle til b\u00e5de musik og telefonsamtaler uden gener.Stabil bluetooth 5.1 forbindelse og enkel betjeningDe [&hellip;]<\/p>\n","protected":false},"featured_media":999980000004472720,"template":"","meta":[],"store":[1272516],"product_brand":[1272530],"product_cat":[1272434],"product_tag":[1272843,1275190],"class_list":{"0":"post-447272","1":"product","2":"type-product","3":"status-publish","4":"has-post-thumbnail","6":"store-butik24","7":"product_brand-jvc","8":"product_cat-hovedtelefoner","9":"product_tag-hovedtelefoner","10":"product_tag-jvc","11":"pa_maerke-jvc","13":"first","14":"instock","15":"product-type-external"},"_links":{"self":[{"href":"https:\/\/www.pricetornado.com\/da\/wp-json\/wp\/v2\/product\/447272","targetHints":{"allow":["GET"]}}],"collection":[{"href":"https:\/\/www.pricetornado.com\/da\/wp-json\/wp\/v2\/product"}],"about":[{"href":"https:\/\/www.pricetornado.com\/da\/wp-json\/wp\/v2\/types\/product"}],"wp:featuredmedia":[{"embeddable":true,"href":"https:\/\/www.pricetornado.com\/da\/wp-json\/"}],"wp:attachment":[{"href":"https:\/\/www.pricetornado.com\/da\/wp-json\/wp\/v2\/media?parent=447272"}],"wp:term":[{"taxonomy":"store","embeddable":true,"href":"https:\/\/www.pricetornado.com\/da\/wp-json\/wp\/v2\/store?post=447272"},{"taxonomy":"product_brand","embeddable":true,"href":"https:\/\/www.pricetornado.com\/da\/wp-json\/wp\/v2\/product_brand?post=447272"},{"taxonomy":"product_cat","embeddable":true,"href":"https:\/\/www.pricetornado.com\/da\/wp-json\/wp\/v2\/product_cat?post=447272"},{"taxonomy":"product_tag","embeddable":true,"href":"https:\/\/www.pricetornado.com\/da\/wp-json\/wp\/v2\/product_tag?post=447272"}],"curies":[{"name":"wp","href":"https:\/\/api.w.org\/{rel}","templated":true}]}}