{"id":447271,"date":"2025-02-26T11:03:26","date_gmt":"2025-02-26T10:03:26","guid":{"rendered":"https:\/\/www.pricetornado.com\/da\/produkt\/philips-fuldautomatisk-espressomaskine-series-2300-ep2336-40\/"},"modified":"2026-04-17T02:50:32","modified_gmt":"2026-04-17T00:50:32","slug":"philips-fuldautomatisk-espressomaskine-series-2300-ep2336-40","status":"publish","type":"product","link":"https:\/\/www.pricetornado.com\/da\/produkt\/philips-fuldautomatisk-espressomaskine-series-2300-ep2336-40\/","title":{"rendered":"Philips Fuldautomatisk espressomaskine Series 2300 &#8211; EP2336\/40"},"content":{"rendered":"<p>K\u00f8b billig Philips Fuldautomatisk espressomaskine Series 2300 &#8211; EP2336\/40!<br \/>\nOplev den ultimative kaffeoplevelse med Philips Series 2300 fuldautomatisk espressomaskine. Med \u00e9t tryk kan du nyde fire popul\u00e6re kaffedrikke: espresso, lungo, cappuccino og varmt vand til te. Det innovative LatteGo-m\u00e6lkesystem giver silkebl\u00f8dt m\u00e6lkeskum og best\u00e5r kun af to dele uden slanger, s\u00e5 reng\u00f8ringen klares nemt p\u00e5 bare 10 sekunder under vandhanen. Delene kan desuden vaskes i opvaskemaskine.Den keramiske kv\u00e6rn er justerbar i 12 trin og konstrueret til at male op til 20.000 kopper kaffe, hvilket sikrer vedvarende friskhed og rig aroma i hver kop. Maskinen har et prim\u00e6rt kabinet af plast kombineret med metaldele for \u00f8get holdbarhed.Med SilentBrew-teknologi brygger espressomaskinen 40 % mere lydsvagt end tidligere modeller, s\u00e5 du kan nyde din kaffe i ro og mag. Teknologien er Quiet Mark-certificeret for sin st\u00f8jreduktion.AquaClean filter \u2013 op til 5.000 kopper uden afkalkningTakket v\u00e6re det avancerede AquaClean-filter kan du brygge op til 5.000 kopper uden at skulle afkalke maskinen. Filteret renser vandet, forbedrer smagen og maskinen minder automatisk om filterudskiftning, s\u00e5 ydeevnen forbliver optimal.Betjen maskinen via den intuitive, farvede touchscreen, hvor du nemt kan justere kaffestyrke, volumen og m\u00e6lkeskum efter din personlige smag. Med det cykloniske LatteGo-system kan du ogs\u00e5 lave m\u00e6lkeskum med plantem\u00e6lk, s\u00e5 du altid f\u00e5r det \u00f8nskede resultat.Philips Series 2300 er udstyret med energieffektive varmeelementer og har standbyfunktion, som reducerer str\u00f8mforbruget, n\u00e5r maskinen ikke er i brug. Dette g\u00f8r den b\u00e5de \u00f8konomisk og milj\u00f8venlig til hverdagsbrug.Op til 5.000 kopper uden afkalkning med AquaClean-filterKeramisk kv\u00e6rn med 12-trins justering og lang holdbarhed (20.000 kopper)Philips Series 2300 fuldautomatisk espressomaskine er det ideelle valg til dig, der \u00f8nsker nem, hurtig og l\u00e6kker kaffe \u2013 hver dag. Oplev flere Philips kaffemaskiner i vores sortiment, og find din favorit.<\/p>\n<p>Sammenlign priser p\u00e5 Philips Fuldautomatisk espressomaskine Series 2300 &#8211; EP2336\/40 og k\u00f8b online til den billigste pris, samt p\u00e5 tilbud!\u00a0\u00a0Tjek den bedste pris, produkt beskrivelse, video, test, anmeldelser osv.<\/p>\n<p><strong>Brand: <\/strong>Philips<br \/>\n<strong>EAN: <\/strong>8720389027604<br \/>\n<strong>Producentens varenr.:<\/strong> 8720389027604<\/p>\n<p><strong>P.S.<\/strong><br \/>\nTilmeld dig til &#8220;Opret Gratis Prisfald Alarm&#8221;, og bliv underrettet med det samme om prisfald p\u00e5 Philips Fuldautomatisk espressomaskine Series 2300 &#8211; EP2336\/40, og f\u00e5 den billigste pris!<\/p>\n<p>&nbsp;<\/p>\n<p>&nbsp;<\/p>\n","protected":false},"excerpt":{"rendered":"<p>K\u00f8b billig Philips Fuldautomatisk espressomaskine Series 2300 &#8211; EP2336\/40! Oplev den ultimative kaffeoplevelse med Philips Series 2300 fuldautomatisk espressomaskine. Med \u00e9t tryk kan du nyde fire popul\u00e6re kaffedrikke: espresso, lungo, cappuccino og varmt vand til te. Det innovative LatteGo-m\u00e6lkesystem giver silkebl\u00f8dt m\u00e6lkeskum og best\u00e5r kun af to dele uden slanger, s\u00e5 reng\u00f8ringen klares nemt p\u00e5 [&hellip;]<\/p>\n","protected":false},"featured_media":999980000004472710,"template":"","meta":[],"store":[1272516],"product_brand":[1272519],"product_cat":[855237],"product_tag":[1272770,1275180],"class_list":{"0":"post-447271","1":"product","2":"type-product","3":"status-publish","4":"has-post-thumbnail","6":"store-butik24","7":"product_brand-philips","8":"product_cat-kaffemaskiner","9":"product_tag-kaffemaskiner","10":"product_tag-philips","11":"pa_maerke-philips","13":"first","14":"instock","15":"product-type-external"},"_links":{"self":[{"href":"https:\/\/www.pricetornado.com\/da\/wp-json\/wp\/v2\/product\/447271","targetHints":{"allow":["GET"]}}],"collection":[{"href":"https:\/\/www.pricetornado.com\/da\/wp-json\/wp\/v2\/product"}],"about":[{"href":"https:\/\/www.pricetornado.com\/da\/wp-json\/wp\/v2\/types\/product"}],"wp:featuredmedia":[{"embeddable":true,"href":"https:\/\/www.pricetornado.com\/da\/wp-json\/"}],"wp:attachment":[{"href":"https:\/\/www.pricetornado.com\/da\/wp-json\/wp\/v2\/media?parent=447271"}],"wp:term":[{"taxonomy":"store","embeddable":true,"href":"https:\/\/www.pricetornado.com\/da\/wp-json\/wp\/v2\/store?post=447271"},{"taxonomy":"product_brand","embeddable":true,"href":"https:\/\/www.pricetornado.com\/da\/wp-json\/wp\/v2\/product_brand?post=447271"},{"taxonomy":"product_cat","embeddable":true,"href":"https:\/\/www.pricetornado.com\/da\/wp-json\/wp\/v2\/product_cat?post=447271"},{"taxonomy":"product_tag","embeddable":true,"href":"https:\/\/www.pricetornado.com\/da\/wp-json\/wp\/v2\/product_tag?post=447271"}],"curies":[{"name":"wp","href":"https:\/\/api.w.org\/{rel}","templated":true}]}}