{"id":447269,"date":"2025-02-20T22:49:14","date_gmt":"2025-02-20T21:49:14","guid":{"rendered":"https:\/\/www.pricetornado.com\/da\/produkt\/philips-led-classic-50w-gu10-glas-warm-glow-daempbar-1-pak\/"},"modified":"2026-04-17T02:30:00","modified_gmt":"2026-04-17T00:30:00","slug":"philips-led-classic-50w-gu10-glas-warm-glow-daempbar-1-pak","status":"publish","type":"product","link":"https:\/\/www.pricetornado.com\/da\/produkt\/philips-led-classic-50w-gu10-glas-warm-glow-daempbar-1-pak\/","title":{"rendered":"PHILIPS LED CLassic 50W GU10 glas warm glow d\u00e6mpbar, 1 pak"},"content":{"rendered":"<p>K\u00f8b billig PHILIPS LED CLassic 50W GU10 glas warm glow d\u00e6mpbar, 1 pak!<br \/>\nPhilips LED Classic GU10 50W p\u00e6ren med WarmGlow-teknologi giver dig mulighed for at skabe et varmt, hyggeligt og tilpasset lysmilj\u00f8 i hjemmet. N\u00e5r lyset d\u00e6mpes, skifter farvetemperaturen gradvist fra varm hvid (2700K) til ekstra varm hvid (2200K) \u2013 pr\u00e6cis som traditionelle gl\u00f8dep\u00e6rer. Denne unikke funktion sikrer en atmosf\u00e6re, der b\u00e5de er ideel til afslapning og aktivitet, og som adskiller sig markant fra almindelige d\u00e6mpbare LED-lyskilder.Med et str\u00f8mforbrug p\u00e5 kun 3,8 watt er denne LED-p\u00e6re en effektiv erstatning for klassiske 50W halogenp\u00e6rer. Du reducerer energiforbruget markant uden at g\u00e5 p\u00e5 kompromis med lysstyrken eller kvaliteten \u2013 Philips GU10 LED\u2019en leverer 345 lumen, hvilket g\u00f8r den velegnet til mange forskellige rum. P\u00e6rens lange levetid p\u00e5 op til 15.000 timer betyder f\u00e6rre udskiftninger og lavere vedligeholdelsesomkostninger. Just\u00e9r b\u00e5de lysstyrke og farvetemperatur, og skab en hyggelig og indbydende atmosf\u00e6re. Med et CRI p\u00e5 90 genskabes farver naturligt og levende \u2013 perfekt til hjemmet. Ideel til b\u00e5de accentbelysning og generel belysning i f.eks. k\u00f8kken og stue. Standard GU10-fatning g\u00f8r udskiftning nem og hurtig i eksisterende armaturer. LED-p\u00e6ren er fremstillet af holdbare materialer, har minimal varmeudvikling og udleder ingen UV-str\u00e5ling.Philips WarmGlow LED-p\u00e6rer giver dig fleksibiliteten til at indrette hjemmets lys, s\u00e5 det altid matcher dine behov og \u00f8nsker. Den bl\u00f8de, varme d\u00e6mpningseffekt giver et lysmilj\u00f8, som almindelige d\u00e6mpbare LED-p\u00e6rer ikke kan matche. Oplev energieffektiv og stemningsfuld belysning i topkvalitet \u2013 hvor b\u00e5de funktionalitet og atmosf\u00e6re er i fokus. LED-p\u00e6rer hos Butik24 og opgrader din belysning med WarmGlow-teknologi.<\/p>\n<p>Sammenlign priser p\u00e5 PHILIPS LED CLassic 50W GU10 glas warm glow d\u00e6mpbar, 1 pak og k\u00f8b online til den billigste pris, samt p\u00e5 tilbud!\u00a0\u00a0Tjek den bedste pris, produkt beskrivelse, video, test, anmeldelser osv.<\/p>\n<p><strong>Brand: <\/strong>Philips<br \/>\n<strong>EAN: <\/strong>8718699774233<br \/>\n<strong>Producentens varenr.:<\/strong> 8718699774233<\/p>\n<p><strong>P.S.<\/strong><br \/>\nTilmeld dig til &#8220;Opret Gratis Prisfald Alarm&#8221;, og bliv underrettet med det samme om prisfald p\u00e5 PHILIPS LED CLassic 50W GU10 glas warm glow d\u00e6mpbar, 1 pak, og f\u00e5 den billigste pris!<\/p>\n<p>&nbsp;<\/p>\n<p>&nbsp;<\/p>\n","protected":false},"excerpt":{"rendered":"<p>K\u00f8b billig PHILIPS LED CLassic 50W GU10 glas warm glow d\u00e6mpbar, 1 pak! Philips LED Classic GU10 50W p\u00e6ren med WarmGlow-teknologi giver dig mulighed for at skabe et varmt, hyggeligt og tilpasset lysmilj\u00f8 i hjemmet. N\u00e5r lyset d\u00e6mpes, skifter farvetemperaturen gradvist fra varm hvid (2700K) til ekstra varm hvid (2200K) \u2013 pr\u00e6cis som traditionelle gl\u00f8dep\u00e6rer. [&hellip;]<\/p>\n","protected":false},"featured_media":999980000004472690,"template":"","meta":[],"store":[1272516],"product_brand":[1272519],"product_cat":[1272407],"product_tag":[1272697,1275180],"class_list":{"0":"post-447269","1":"product","2":"type-product","3":"status-publish","4":"has-post-thumbnail","6":"store-butik24","7":"product_brand-philips","8":"product_cat-belysning-2","9":"product_tag-belysning","10":"product_tag-philips","11":"pa_maerke-philips","13":"first","14":"instock","15":"product-type-external"},"_links":{"self":[{"href":"https:\/\/www.pricetornado.com\/da\/wp-json\/wp\/v2\/product\/447269","targetHints":{"allow":["GET"]}}],"collection":[{"href":"https:\/\/www.pricetornado.com\/da\/wp-json\/wp\/v2\/product"}],"about":[{"href":"https:\/\/www.pricetornado.com\/da\/wp-json\/wp\/v2\/types\/product"}],"wp:featuredmedia":[{"embeddable":true,"href":"https:\/\/www.pricetornado.com\/da\/wp-json\/"}],"wp:attachment":[{"href":"https:\/\/www.pricetornado.com\/da\/wp-json\/wp\/v2\/media?parent=447269"}],"wp:term":[{"taxonomy":"store","embeddable":true,"href":"https:\/\/www.pricetornado.com\/da\/wp-json\/wp\/v2\/store?post=447269"},{"taxonomy":"product_brand","embeddable":true,"href":"https:\/\/www.pricetornado.com\/da\/wp-json\/wp\/v2\/product_brand?post=447269"},{"taxonomy":"product_cat","embeddable":true,"href":"https:\/\/www.pricetornado.com\/da\/wp-json\/wp\/v2\/product_cat?post=447269"},{"taxonomy":"product_tag","embeddable":true,"href":"https:\/\/www.pricetornado.com\/da\/wp-json\/wp\/v2\/product_tag?post=447269"}],"curies":[{"name":"wp","href":"https:\/\/api.w.org\/{rel}","templated":true}]}}