{"id":447262,"date":"2025-02-23T07:59:46","date_gmt":"2025-02-23T06:59:46","guid":{"rendered":"https:\/\/www.pricetornado.com\/da\/produkt\/imperial-dabman-i160-dab-og-internetradio-sort-22-263-10\/"},"modified":"2026-04-17T06:39:59","modified_gmt":"2026-04-17T04:39:59","slug":"imperial-dabman-i160-dab-og-internetradio-sort-22-263-10","status":"publish","type":"product","link":"https:\/\/www.pricetornado.com\/da\/produkt\/imperial-dabman-i160-dab-og-internetradio-sort-22-263-10\/","title":{"rendered":"Imperial &#8211; DABMAN i160 DAB+ og internetradio Sort &#8211; 22-263-10"},"content":{"rendered":"<p>K\u00f8b billig Imperial &#8211; DABMAN i160 DAB+ og internetradio Sort &#8211; 22-263-10!<br \/>\nDen kompakte Imperial DABMAN i160 repr\u00e6senterer den nyeste radioteknologi og modtager digital DAB+, analog FM og mere end 25.000 internetradiostationer. Selvom den er lille i st\u00f8rrelsen, tilbyder DABMAN i160 en solid lydoplevelse takket v\u00e6re dens fuld-range h\u00f8jttaler med en udgangseffekt p\u00e5 10W. Lyden kan justeres til individuelle pr\u00e6ferencer via equalizer-tilstanden.DABMAN i160 er kompatibel med UPnP og DLNA og kommer med en alsidig USB-medietilstand til afspilning af forskellige typer data og en avanceret optagetilstand. Ydermere indeholder den meget alsidige radio mange brugervenlige funktioner s\u00e5som v\u00e6kkeur, sleep-timer, flersproget menu og favoritknapper.<\/p>\n<p>Sammenlign priser p\u00e5 Imperial &#8211; DABMAN i160 DAB+ og internetradio Sort &#8211; 22-263-10 og k\u00f8b online til den billigste pris, samt p\u00e5 tilbud!\u00a0\u00a0Tjek den bedste pris, produkt beskrivelse, video, test, anmeldelser osv.<\/p>\n<p><strong>Brand: <\/strong>Imperial<br \/>\n<strong>EAN: <\/strong>4024035226316<br \/>\n<strong>Producentens varenr.:<\/strong> 4024035226316<\/p>\n<p><strong>P.S.<\/strong><br \/>\nTilmeld dig til &#8220;Opret Gratis Prisfald Alarm&#8221;, og bliv underrettet med det samme om prisfald p\u00e5 Imperial &#8211; DABMAN i160 DAB+ og internetradio Sort &#8211; 22-263-10, og f\u00e5 den billigste pris!<\/p>\n<p>&nbsp;<\/p>\n<p>&nbsp;<\/p>\n","protected":false},"excerpt":{"rendered":"<p>K\u00f8b billig Imperial &#8211; DABMAN i160 DAB+ og internetradio Sort &#8211; 22-263-10! Den kompakte Imperial DABMAN i160 repr\u00e6senterer den nyeste radioteknologi og modtager digital DAB+, analog FM og mere end 25.000 internetradiostationer. Selvom den er lille i st\u00f8rrelsen, tilbyder DABMAN i160 en solid lydoplevelse takket v\u00e6re dens fuld-range h\u00f8jttaler med en udgangseffekt p\u00e5 10W. Lyden [&hellip;]<\/p>\n","protected":false},"featured_media":999980000004472620,"template":"","meta":[],"store":[1272516],"product_brand":[1272525],"product_cat":[1272439],"product_tag":[1275182,1272694],"class_list":{"0":"post-447262","1":"product","2":"type-product","3":"status-publish","4":"has-post-thumbnail","6":"store-butik24","7":"product_brand-imperial","8":"product_cat-radio-2","9":"product_tag-imperial","10":"product_tag-radio","11":"pa_maerke-imperial","13":"first","14":"instock","15":"product-type-external"},"_links":{"self":[{"href":"https:\/\/www.pricetornado.com\/da\/wp-json\/wp\/v2\/product\/447262","targetHints":{"allow":["GET"]}}],"collection":[{"href":"https:\/\/www.pricetornado.com\/da\/wp-json\/wp\/v2\/product"}],"about":[{"href":"https:\/\/www.pricetornado.com\/da\/wp-json\/wp\/v2\/types\/product"}],"wp:featuredmedia":[{"embeddable":true,"href":"https:\/\/www.pricetornado.com\/da\/wp-json\/"}],"wp:attachment":[{"href":"https:\/\/www.pricetornado.com\/da\/wp-json\/wp\/v2\/media?parent=447262"}],"wp:term":[{"taxonomy":"store","embeddable":true,"href":"https:\/\/www.pricetornado.com\/da\/wp-json\/wp\/v2\/store?post=447262"},{"taxonomy":"product_brand","embeddable":true,"href":"https:\/\/www.pricetornado.com\/da\/wp-json\/wp\/v2\/product_brand?post=447262"},{"taxonomy":"product_cat","embeddable":true,"href":"https:\/\/www.pricetornado.com\/da\/wp-json\/wp\/v2\/product_cat?post=447262"},{"taxonomy":"product_tag","embeddable":true,"href":"https:\/\/www.pricetornado.com\/da\/wp-json\/wp\/v2\/product_tag?post=447262"}],"curies":[{"name":"wp","href":"https:\/\/api.w.org\/{rel}","templated":true}]}}