{"id":447261,"date":"2025-02-23T20:01:54","date_gmt":"2025-02-23T19:01:54","guid":{"rendered":"https:\/\/www.pricetornado.com\/da\/produkt\/imperial-dabman-16-dab-fm-stereo-radio-hvid-22-126-20\/"},"modified":"2026-04-18T01:49:51","modified_gmt":"2026-04-17T23:49:51","slug":"imperial-dabman-16-dab-fm-stereo-radio-hvid-22-126-20","status":"publish","type":"product","link":"https:\/\/www.pricetornado.com\/da\/produkt\/imperial-dabman-16-dab-fm-stereo-radio-hvid-22-126-20\/","title":{"rendered":"Imperial &#8211; DABMAN 16 DAB+ \/ FM Stereo Radio Hvid &#8211; 22-126-20"},"content":{"rendered":"<p>K\u00f8b billig Imperial &#8211; DABMAN 16 DAB+ \/ FM Stereo Radio Hvid &#8211; 22-126-20!<br \/>\nKompakt DAB+\/FM-stereoradio med alarmfunktion og sleeptimer, kan eventuelt drives med batterier.En moderne digital radio med et moderne look: Med DABMAN 16 kan du modtage digitale og analoge radiosignaler (DAB+ &amp; FM) i den bedste stereolyd.Radioen har et stort farvedisplay, som kan tilpasses, og nogle interessante ekstrafunktioner (v\u00e6kkeur, sleeptimer, hukommelse for favoritter).DABMAN 16 er ekstremt nem at bruge og kan, hvis det \u00f8nskes, ogs\u00e5 drives med 4 AA-batterier og dermed bruges p\u00e5 farten.Den f\u00e5s i hvid og sort.<\/p>\n<p>Sammenlign priser p\u00e5 Imperial &#8211; DABMAN 16 DAB+ \/ FM Stereo Radio Hvid &#8211; 22-126-20 og k\u00f8b online til den billigste pris, samt p\u00e5 tilbud!\u00a0\u00a0Tjek den bedste pris, produkt beskrivelse, video, test, anmeldelser osv.<\/p>\n<p><strong>Brand: <\/strong>Imperial<br \/>\n<strong>EAN: <\/strong>4024035126203<br \/>\n<strong>Producentens varenr.:<\/strong> 4024035126203<\/p>\n<p><strong>P.S.<\/strong><br \/>\nTilmeld dig til &#8220;Opret Gratis Prisfald Alarm&#8221;, og bliv underrettet med det samme om prisfald p\u00e5 Imperial &#8211; DABMAN 16 DAB+ \/ FM Stereo Radio Hvid &#8211; 22-126-20, og f\u00e5 den billigste pris!<\/p>\n<p>&nbsp;<\/p>\n<p>&nbsp;<\/p>\n","protected":false},"excerpt":{"rendered":"<p>K\u00f8b billig Imperial &#8211; DABMAN 16 DAB+ \/ FM Stereo Radio Hvid &#8211; 22-126-20! Kompakt DAB+\/FM-stereoradio med alarmfunktion og sleeptimer, kan eventuelt drives med batterier.En moderne digital radio med et moderne look: Med DABMAN 16 kan du modtage digitale og analoge radiosignaler (DAB+ &amp; FM) i den bedste stereolyd.Radioen har et stort farvedisplay, som kan [&hellip;]<\/p>\n","protected":false},"featured_media":999980000004472610,"template":"","meta":[],"store":[1272516],"product_brand":[1272525],"product_cat":[1272439],"product_tag":[1275182,1272694],"class_list":{"0":"post-447261","1":"product","2":"type-product","3":"status-publish","4":"has-post-thumbnail","6":"store-butik24","7":"product_brand-imperial","8":"product_cat-radio-2","9":"product_tag-imperial","10":"product_tag-radio","11":"pa_maerke-imperial","13":"first","14":"instock","15":"product-type-external"},"_links":{"self":[{"href":"https:\/\/www.pricetornado.com\/da\/wp-json\/wp\/v2\/product\/447261","targetHints":{"allow":["GET"]}}],"collection":[{"href":"https:\/\/www.pricetornado.com\/da\/wp-json\/wp\/v2\/product"}],"about":[{"href":"https:\/\/www.pricetornado.com\/da\/wp-json\/wp\/v2\/types\/product"}],"wp:featuredmedia":[{"embeddable":true,"href":"https:\/\/www.pricetornado.com\/da\/wp-json\/"}],"wp:attachment":[{"href":"https:\/\/www.pricetornado.com\/da\/wp-json\/wp\/v2\/media?parent=447261"}],"wp:term":[{"taxonomy":"store","embeddable":true,"href":"https:\/\/www.pricetornado.com\/da\/wp-json\/wp\/v2\/store?post=447261"},{"taxonomy":"product_brand","embeddable":true,"href":"https:\/\/www.pricetornado.com\/da\/wp-json\/wp\/v2\/product_brand?post=447261"},{"taxonomy":"product_cat","embeddable":true,"href":"https:\/\/www.pricetornado.com\/da\/wp-json\/wp\/v2\/product_cat?post=447261"},{"taxonomy":"product_tag","embeddable":true,"href":"https:\/\/www.pricetornado.com\/da\/wp-json\/wp\/v2\/product_tag?post=447261"}],"curies":[{"name":"wp","href":"https:\/\/api.w.org\/{rel}","templated":true}]}}