{"id":447248,"date":"2025-02-26T16:37:18","date_gmt":"2025-02-26T15:37:18","guid":{"rendered":"https:\/\/www.pricetornado.com\/da\/produkt\/nedis-smartlife-stemningslys-wi-fi-tube-180-lm-rgbic-varm-til-koelig-hvid-2700-6500-k-10-w-metal-silikone-1-stk-wifild20rgbw\/"},"modified":"2026-04-21T10:50:36","modified_gmt":"2026-04-21T08:50:36","slug":"nedis-smartlife-stemningslys-wi-fi-tube-180-lm-rgbic-varm-til-koelig-hvid-2700-6500-k-10-w-metal-silikone-1-stk-wifild20rgbw","status":"publish","type":"product","link":"https:\/\/www.pricetornado.com\/da\/produkt\/nedis-smartlife-stemningslys-wi-fi-tube-180-lm-rgbic-varm-til-koelig-hvid-2700-6500-k-10-w-metal-silikone-1-stk-wifild20rgbw\/","title":{"rendered":"Nedis &#8211; SmartLife Stemningslys | Wi-Fi | Tube | 180 lm | RGBIC \/ Varm til k\u00f8lig hvid | 2700 &#8211; 6500 K | 10 W | Metal \/ Silikone | 1 stk. &#8211; WIFILD20RGBW"},"content":{"rendered":"<p>K\u00f8b billig Nedis &#8211; SmartLife Stemningslys | Wi-Fi | Tube | 180 lm | RGBIC \/ Varm til k\u00f8lig hvid | 2700 &#8211; 6500 K | 10 W | Metal \/ Silikone | 1 stk. &#8211; WIFILD20RGBW!<br \/>\nDenne avancerede, lodrette Smart LED-gulvlampe fra Nedis SmartLife kombinerer et slankt og minimalistisk design med et solidt metal- og silikonehus, hvilket sikrer b\u00e5de holdbarhed, stabilitet og en vis st\u00f8dabsorbering. Lampen passer elegant ind i enhver indretning og er ideel som indirekte belysning bag sofaen eller i hj\u00f8rnerne af hjemmet.Med en h\u00f8jde p\u00e5 1,05 meter og 135 LED&apos;er leverer gulvlampen meget j\u00e6vne farvetilstande samt en samlet lysstyrke, der skaber den \u00f8nskede stemning i rummet. I Nedis SmartLife-appen kan du v\u00e6lge mellem:RGBIC-teknologien g\u00f8r det muligt at skifte mellem farver og tilpasse lyset, s\u00e5 det passer til b\u00e5de afslapning, arbejde eller underholdning \u2013 perfekt til hjemmekontoret eller hyggekrogen.Lampen forbinder direkte til dit Wi-Fi og styres nemt via Nedis SmartLife-appen, hvor du kan t\u00e6nde, slukke og automatisere lyset \u2013 selv n\u00e5r du ikke er hjemme. Den underst\u00f8tter ogs\u00e5 stemmekommandoer via Siri Shortcuts, Amazon Alexa og Google Home, s\u00e5 du kan justere belysningen med stemmen.Installationen er enkel og kr\u00e6ver kun din Wi-Fi-router og den intuitive app \u2013 du beh\u00f8ver ikke v\u00e6re teknisk ekspert eller elektriker for at komme i gang.Med et maksimalt str\u00f8mforbrug p\u00e5 kun 10 W og et energiforbrug p\u00e5 5,0 kWh per 1000 timer er denne gulvlampe energieffektiv. Levetiden er op til 20.000 timer, og lampen kan t\u00e5le op til 200.000 t\u00e6nd\/sluk-cyklusser, hvilket sikrer langvarig drift. IP20-beskyttelsen betyder, at lampen er beskyttet mod faste genstande st\u00f8rre end 12 mm, men den b\u00f8r ikke uds\u00e6ttes for fugt eller vand.Du kan let indstille tidsplaner for, hvorn\u00e5r lampen skal t\u00e6nde og slukke \u2013 for eksempel ved solopgang eller solnedgang. Dette bidrager ikke kun til bekvemmelighed og komfort, men kan ogs\u00e5 give indtrykket af, at der er nogen hjemme, hvilket hj\u00e6lper med at afskr\u00e6kke indbrudstyve. Lampen kan desuden nemt indg\u00e5 i scenarier med andre produkter fra for en fuldt automatiseret hverdag.Med Nedis SmartLife-gulvlampen f\u00e5r du fleksibel, brugervenlig og intelligent belysning, der let integreres i dit eksisterende smart home. Oplev, hvor nemt det er at personligg\u00f8re din belysning og g\u00f8r din bolig b\u00e5de smartere og mere sikker.<\/p>\n<p>Sammenlign priser p\u00e5 Nedis &#8211; SmartLife Stemningslys | Wi-Fi | Tube | 180 lm | RGBIC \/ Varm til k\u00f8lig hvid | 2700 &#8211; 6500 K | 10 W | Metal \/ Silikone | 1 stk. &#8211; WIFILD20RGBW og k\u00f8b online til den billigste pris, samt p\u00e5 tilbud!\u00a0\u00a0Tjek den bedste pris, produkt beskrivelse, video, test, anmeldelser osv.<\/p>\n<p><strong>Brand: <\/strong>Nedis<br \/>\n<strong>EAN: <\/strong>5412810415304<br \/>\n<strong>Producentens varenr.:<\/strong> 5412810415304<\/p>\n<p><strong>P.S.<\/strong><br \/>\nTilmeld dig til &#8220;Opret Gratis Prisfald Alarm&#8221;, og bliv underrettet med det samme om prisfald p\u00e5 Nedis &#8211; SmartLife Stemningslys | Wi-Fi | Tube | 180 lm | RGBIC \/ Varm til k\u00f8lig hvid | 2700 &#8211; 6500 K | 10 W | Metal \/ Silikone | 1 stk. &#8211; WIFILD20RGBW, og f\u00e5 den billigste pris!<\/p>\n<p>&nbsp;<\/p>\n<p>&nbsp;<\/p>\n","protected":false},"excerpt":{"rendered":"<p>K\u00f8b billig Nedis &#8211; SmartLife Stemningslys | Wi-Fi | Tube | 180 lm | RGBIC \/ Varm til k\u00f8lig hvid | 2700 &#8211; 6500 K | 10 W | Metal \/ Silikone | 1 stk. &#8211; WIFILD20RGBW! Denne avancerede, lodrette Smart LED-gulvlampe fra Nedis SmartLife kombinerer et slankt og minimalistisk design med et solidt metal- [&hellip;]<\/p>\n","protected":false},"featured_media":999980000004472480,"template":"","meta":[],"store":[1272516],"product_brand":[1272517],"product_cat":[1272407],"product_tag":[1272697,1275178],"class_list":{"0":"post-447248","1":"product","2":"type-product","3":"status-publish","4":"has-post-thumbnail","6":"store-butik24","7":"product_brand-nedis","8":"product_cat-belysning-2","9":"product_tag-belysning","10":"product_tag-nedis","11":"pa_maerke-nedis","13":"first","14":"instock","15":"product-type-external"},"_links":{"self":[{"href":"https:\/\/www.pricetornado.com\/da\/wp-json\/wp\/v2\/product\/447248","targetHints":{"allow":["GET"]}}],"collection":[{"href":"https:\/\/www.pricetornado.com\/da\/wp-json\/wp\/v2\/product"}],"about":[{"href":"https:\/\/www.pricetornado.com\/da\/wp-json\/wp\/v2\/types\/product"}],"wp:featuredmedia":[{"embeddable":true,"href":"https:\/\/www.pricetornado.com\/da\/wp-json\/"}],"wp:attachment":[{"href":"https:\/\/www.pricetornado.com\/da\/wp-json\/wp\/v2\/media?parent=447248"}],"wp:term":[{"taxonomy":"store","embeddable":true,"href":"https:\/\/www.pricetornado.com\/da\/wp-json\/wp\/v2\/store?post=447248"},{"taxonomy":"product_brand","embeddable":true,"href":"https:\/\/www.pricetornado.com\/da\/wp-json\/wp\/v2\/product_brand?post=447248"},{"taxonomy":"product_cat","embeddable":true,"href":"https:\/\/www.pricetornado.com\/da\/wp-json\/wp\/v2\/product_cat?post=447248"},{"taxonomy":"product_tag","embeddable":true,"href":"https:\/\/www.pricetornado.com\/da\/wp-json\/wp\/v2\/product_tag?post=447248"}],"curies":[{"name":"wp","href":"https:\/\/api.w.org\/{rel}","templated":true}]}}