{"id":447244,"date":"2025-02-21T16:32:21","date_gmt":"2025-02-21T15:32:21","guid":{"rendered":"https:\/\/www.pricetornado.com\/da\/produkt\/nedis-traadloes-mikrofon-set-20-kanaler-1-mikrofon-cardioid-70-hz-13-khz-1000-ohm-95-db-volumenkontrol-sort-mpwl200bk\/"},"modified":"2026-04-20T11:50:15","modified_gmt":"2026-04-20T09:50:15","slug":"nedis-traadloes-mikrofon-set-20-kanaler-1-mikrofon-cardioid-70-hz-13-khz-1000-ohm-95-db-volumenkontrol-sort-mpwl200bk","status":"publish","type":"product","link":"https:\/\/www.pricetornado.com\/da\/produkt\/nedis-traadloes-mikrofon-set-20-kanaler-1-mikrofon-cardioid-70-hz-13-khz-1000-ohm-95-db-volumenkontrol-sort-mpwl200bk\/","title":{"rendered":"Nedis &#8211; Tr\u00e5dl\u00f8s mikrofon Set | 20 Kanaler | 1 Mikrofon | Cardioid | 70 Hz &#8211; 13 kHz | 1000 Ohm | -95 dB | Volumenkontrol | Sort &#8211; MPWL200BK"},"content":{"rendered":"<p>K\u00f8b billig Nedis &#8211; Tr\u00e5dl\u00f8s mikrofon Set | 20 Kanaler | 1 Mikrofon | Cardioid | 70 Hz &#8211; 13 kHz | 1000 Ohm | -95 dB | Volumenkontrol | Sort &#8211; MPWL200BK!<br \/>\nOplev friheden ved tr\u00e5dl\u00f8s lyd med denne Nedis-mikrofon, som let forbindes til stort set alle musiksystemer eller lydudstyr. Den kompakte og b\u00e6rbare sender med 6,35 mm jackstik sikrer maksimal kompatibilitet med PA-h\u00f8jttalere, forst\u00e6rkere, lydmodtagere, mixere, DJ-udstyr, karaokemaskiner og andet udstyr med 6,35 mm indgang.Mikrofonen tilbyder 20 UHF-kanaler (640,5\u2013659,5 MHz) for forvr\u00e6ngningsfri lyd og minimal risiko for signalforstyrrelser. Den tr\u00e5dl\u00f8se r\u00e6kkevidde er op til 50 meter (optimalt op til 30 meter), hvilket giver god bev\u00e6gelsesfrihed, uanset om du er hjemme, til fest eller p\u00e5 scenen. Et LCD-display viser batteriniveau, kanal, lydstyrke og signalstyrke, mens betjeningsknapperne p\u00e5 siden g\u00f8r det let at v\u00e6lge kanal, justere volumen og styre brugen.Mikrofonen er fremstillet af slidst\u00e6rkt ABS-plastik og metal, hvilket sikrer lang holdbarhed. En bl\u00f8d silikonebund absorberer st\u00f8d og beskytter mikrofonen mod fald, mens anti-roll ringen forhindrer, at mikrofonen ruller eller falder, n\u00e5r du l\u00e6gger den fra dig.Takket v\u00e6re det lette, kompakte design og den tr\u00e5dl\u00f8se funktion er mikrofonen ideel til b\u00e5de hjemmebrug, karaokefester, udend\u00f8rs events samt professionelle sceneoptr\u00e6dener og DJ-optagelser. Tag den med dig, og nyd p\u00e5lidelig lyd overalt. i vores sortiment.<\/p>\n<p>Sammenlign priser p\u00e5 Nedis &#8211; Tr\u00e5dl\u00f8s mikrofon Set | 20 Kanaler | 1 Mikrofon | Cardioid | 70 Hz &#8211; 13 kHz | 1000 Ohm | -95 dB | Volumenkontrol | Sort &#8211; MPWL200BK og k\u00f8b online til den billigste pris, samt p\u00e5 tilbud!\u00a0\u00a0Tjek den bedste pris, produkt beskrivelse, video, test, anmeldelser osv.<\/p>\n<p><strong>Brand: <\/strong>Nedis<br \/>\n<strong>EAN: <\/strong>5412810330829<br \/>\n<strong>Producentens varenr.:<\/strong> 5412810330829<\/p>\n<p><strong>P.S.<\/strong><br \/>\nTilmeld dig til &#8220;Opret Gratis Prisfald Alarm&#8221;, og bliv underrettet med det samme om prisfald p\u00e5 Nedis &#8211; Tr\u00e5dl\u00f8s mikrofon Set | 20 Kanaler | 1 Mikrofon | Cardioid | 70 Hz &#8211; 13 kHz | 1000 Ohm | -95 dB | Volumenkontrol | Sort &#8211; MPWL200BK, og f\u00e5 den billigste pris!<\/p>\n<p>&nbsp;<\/p>\n<p>&nbsp;<\/p>\n","protected":false},"excerpt":{"rendered":"<p>K\u00f8b billig Nedis &#8211; Tr\u00e5dl\u00f8s mikrofon Set | 20 Kanaler | 1 Mikrofon | Cardioid | 70 Hz &#8211; 13 kHz | 1000 Ohm | -95 dB | Volumenkontrol | Sort &#8211; MPWL200BK! Oplev friheden ved tr\u00e5dl\u00f8s lyd med denne Nedis-mikrofon, som let forbindes til stort set alle musiksystemer eller lydudstyr. Den kompakte og b\u00e6rbare [&hellip;]<\/p>\n","protected":false},"featured_media":999980000004472440,"template":"","meta":[],"store":[1272516],"product_brand":[1272517],"product_cat":[1272471],"product_tag":[1275178,1272790],"class_list":{"0":"post-447244","1":"product","2":"type-product","3":"status-publish","4":"has-post-thumbnail","6":"store-butik24","7":"product_brand-nedis","8":"product_cat-underholdning","9":"product_tag-nedis","10":"product_tag-underholdning","11":"pa_maerke-nedis","13":"first","14":"instock","15":"product-type-external"},"_links":{"self":[{"href":"https:\/\/www.pricetornado.com\/da\/wp-json\/wp\/v2\/product\/447244","targetHints":{"allow":["GET"]}}],"collection":[{"href":"https:\/\/www.pricetornado.com\/da\/wp-json\/wp\/v2\/product"}],"about":[{"href":"https:\/\/www.pricetornado.com\/da\/wp-json\/wp\/v2\/types\/product"}],"wp:featuredmedia":[{"embeddable":true,"href":"https:\/\/www.pricetornado.com\/da\/wp-json\/"}],"wp:attachment":[{"href":"https:\/\/www.pricetornado.com\/da\/wp-json\/wp\/v2\/media?parent=447244"}],"wp:term":[{"taxonomy":"store","embeddable":true,"href":"https:\/\/www.pricetornado.com\/da\/wp-json\/wp\/v2\/store?post=447244"},{"taxonomy":"product_brand","embeddable":true,"href":"https:\/\/www.pricetornado.com\/da\/wp-json\/wp\/v2\/product_brand?post=447244"},{"taxonomy":"product_cat","embeddable":true,"href":"https:\/\/www.pricetornado.com\/da\/wp-json\/wp\/v2\/product_cat?post=447244"},{"taxonomy":"product_tag","embeddable":true,"href":"https:\/\/www.pricetornado.com\/da\/wp-json\/wp\/v2\/product_tag?post=447244"}],"curies":[{"name":"wp","href":"https:\/\/api.w.org\/{rel}","templated":true}]}}