{"id":447240,"date":"2025-02-21T12:40:28","date_gmt":"2025-02-21T11:40:28","guid":{"rendered":"https:\/\/www.pricetornado.com\/da\/produkt\/nedis-udendoers-tv-skaerm-cover-skaermstoerrelse-65-70-hoejeste-kvalitet-oxford-sort-tvoc6570bk\/"},"modified":"2026-04-18T03:00:31","modified_gmt":"2026-04-18T01:00:31","slug":"nedis-udendoers-tv-skaerm-cover-skaermstoerrelse-65-70-hoejeste-kvalitet-oxford-sort-tvoc6570bk","status":"publish","type":"product","link":"https:\/\/www.pricetornado.com\/da\/produkt\/nedis-udendoers-tv-skaerm-cover-skaermstoerrelse-65-70-hoejeste-kvalitet-oxford-sort-tvoc6570bk\/","title":{"rendered":"Nedis &#8211; Udend\u00f8rs TV Sk\u00e6rm Cover | Sk\u00e6rmst\u00f8rrelse: 65 &#8211; 70 &quot; | H\u00f8jeste kvalitet Oxford | Sort &#8211; TVOC6570BK"},"content":{"rendered":"<p>K\u00f8b billig Nedis &#8211; Udend\u00f8rs TV Sk\u00e6rm Cover | Sk\u00e6rmst\u00f8rrelse: 65 &#8211; 70 &quot; | H\u00f8jeste kvalitet Oxford | Sort &#8211; TVOC6570BK!<br \/>\nBeskyt dit udend\u00f8rs tv effektivt mod regn, fugt, vind, sollys, st\u00f8v og fugleklatter med dette Nedis tv-overtr\u00e6k. Overtr\u00e6kket sikrer 360\u00b0 vandafvisende beskyttelse og forl\u00e6nger tv\u2019ets levetid \u2013 ogs\u00e5 under barske vejrforhold.Overtr\u00e6kket er fremstillet af Oxford-tekstil i suver\u00e6n kvalitet, hvilket giver langtidsholdbar beskyttelse og g\u00f8r det ekstremt modstandsdygtigt over for vejr og vind. Materialet forhindrer vandindtr\u00e6ngen og beskytter mod UV-str\u00e5ling, s\u00e5 dit udend\u00f8rs tv forbliver intakt i \u00e5revis. Sk\u00e6rmer tv\u2019et mod alle typer vejr og forurening. G\u00f8r montering og afmontering enkel og sikrer, at overtr\u00e6kket sidder fast. Giver mulighed for delvis adgang til tv\u2019et uden at fjerne hele overtr\u00e6kket. Holder din fjernbetjening organiseret og let tilg\u00e6ngelig.Med dette tv-overtr\u00e6k f\u00e5r du b\u00e5de effektiv vejrbeskyttelse og praktiske funktioner, s\u00e5 du trygt kan nyde dit udend\u00f8rs tv. Se flere innovative l\u00f8sninger i vores udvalg af .<\/p>\n<p>Sammenlign priser p\u00e5 Nedis &#8211; Udend\u00f8rs TV Sk\u00e6rm Cover | Sk\u00e6rmst\u00f8rrelse: 65 &#8211; 70 &quot; | H\u00f8jeste kvalitet Oxford | Sort &#8211; TVOC6570BK og k\u00f8b online til den billigste pris, samt p\u00e5 tilbud!\u00a0\u00a0Tjek den bedste pris, produkt beskrivelse, video, test, anmeldelser osv.<\/p>\n<p><strong>Brand: <\/strong>Nedis<br \/>\n<strong>EAN: <\/strong>5412810448227<br \/>\n<strong>Producentens varenr.:<\/strong> 5412810448227<\/p>\n<p><strong>P.S.<\/strong><br \/>\nTilmeld dig til &#8220;Opret Gratis Prisfald Alarm&#8221;, og bliv underrettet med det samme om prisfald p\u00e5 Nedis &#8211; Udend\u00f8rs TV Sk\u00e6rm Cover | Sk\u00e6rmst\u00f8rrelse: 65 &#8211; 70 &quot; | H\u00f8jeste kvalitet Oxford | Sort &#8211; TVOC6570BK, og f\u00e5 den billigste pris!<\/p>\n<p>&nbsp;<\/p>\n<p>&nbsp;<\/p>\n","protected":false},"excerpt":{"rendered":"<p>K\u00f8b billig Nedis &#8211; Udend\u00f8rs TV Sk\u00e6rm Cover | Sk\u00e6rmst\u00f8rrelse: 65 &#8211; 70 &quot; | H\u00f8jeste kvalitet Oxford | Sort &#8211; TVOC6570BK! Beskyt dit udend\u00f8rs tv effektivt mod regn, fugt, vind, sollys, st\u00f8v og fugleklatter med dette Nedis tv-overtr\u00e6k. Overtr\u00e6kket sikrer 360\u00b0 vandafvisende beskyttelse og forl\u00e6nger tv\u2019ets levetid \u2013 ogs\u00e5 under barske vejrforhold.Overtr\u00e6kket er fremstillet [&hellip;]<\/p>\n","protected":false},"featured_media":999980000004472400,"template":"","meta":[],"store":[1272516],"product_brand":[1272517],"product_cat":[1272427],"product_tag":[1272678,1275178],"class_list":{"0":"post-447240","1":"product","2":"type-product","3":"status-publish","4":"has-post-thumbnail","6":"store-butik24","7":"product_brand-nedis","8":"product_cat-beslag","9":"product_tag-beslag","10":"product_tag-nedis","11":"pa_maerke-nedis","13":"first","14":"instock","15":"product-type-external"},"_links":{"self":[{"href":"https:\/\/www.pricetornado.com\/da\/wp-json\/wp\/v2\/product\/447240","targetHints":{"allow":["GET"]}}],"collection":[{"href":"https:\/\/www.pricetornado.com\/da\/wp-json\/wp\/v2\/product"}],"about":[{"href":"https:\/\/www.pricetornado.com\/da\/wp-json\/wp\/v2\/types\/product"}],"wp:featuredmedia":[{"embeddable":true,"href":"https:\/\/www.pricetornado.com\/da\/wp-json\/"}],"wp:attachment":[{"href":"https:\/\/www.pricetornado.com\/da\/wp-json\/wp\/v2\/media?parent=447240"}],"wp:term":[{"taxonomy":"store","embeddable":true,"href":"https:\/\/www.pricetornado.com\/da\/wp-json\/wp\/v2\/store?post=447240"},{"taxonomy":"product_brand","embeddable":true,"href":"https:\/\/www.pricetornado.com\/da\/wp-json\/wp\/v2\/product_brand?post=447240"},{"taxonomy":"product_cat","embeddable":true,"href":"https:\/\/www.pricetornado.com\/da\/wp-json\/wp\/v2\/product_cat?post=447240"},{"taxonomy":"product_tag","embeddable":true,"href":"https:\/\/www.pricetornado.com\/da\/wp-json\/wp\/v2\/product_tag?post=447240"}],"curies":[{"name":"wp","href":"https:\/\/api.w.org\/{rel}","templated":true}]}}