{"id":447235,"date":"2025-02-23T04:18:27","date_gmt":"2025-02-23T03:18:27","guid":{"rendered":"https:\/\/www.pricetornado.com\/da\/produkt\/lenco-koekkenradio-med-cd-bluetooth-og-fjernbetjening-hvid-kcr-150wh\/"},"modified":"2026-04-15T01:16:25","modified_gmt":"2026-04-14T23:16:25","slug":"lenco-koekkenradio-med-cd-bluetooth-og-fjernbetjening-hvid-kcr-150wh","status":"publish","type":"product","link":"https:\/\/www.pricetornado.com\/da\/produkt\/lenco-koekkenradio-med-cd-bluetooth-og-fjernbetjening-hvid-kcr-150wh\/","title":{"rendered":"Lenco &#8211; K\u00f8kkenradio med CD Bluetooth\u00ae og fjernbetjening Hvid &#8211; KCR-150WH"},"content":{"rendered":"<p>K\u00f8b billig Lenco &#8211; K\u00f8kkenradio med CD Bluetooth\u00ae og fjernbetjening Hvid &#8211; KCR-150WH!<br \/>\nLenco KCR-150 er en alsidig FM-k\u00f8kkenradio med CD-afspiller og Bluetooth\u00ae, s\u00e5 du kan nyde musik fra radio, cd\u2019er eller streame direkte fra din smartphone eller tablet. Radioen er fremstillet i holdbart plast, hvilket g\u00f8r den let og nem at reng\u00f8re \u2013 perfekt til brug i k\u00f8kkenet. Med det slanke og kompakte design, m\u00e5ler den ca. 31 cm i bredden og 7,5 cm i h\u00f8jden, hvilket g\u00f8r det nemt at placere radioen praktisk p\u00e5 k\u00f8kkenbordet eller under overskabe.Lenco KCR-150 er udstyret med klart m\u00e6rkede knapper og en overskuelig sk\u00e6rm, hvilket g\u00f8r betjeningen nem og intuitiv \u2013 ogs\u00e5 for hele familien i en travl hverdag. Den medf\u00f8lgende fjernbetjening, der bruger CR2025-batteri, giver ekstra fleksibilitet, s\u00e5 du kan styre musikken p\u00e5 afstand.Med Lenco KCR-150 kan du nemt spille musik under morgenmaden, skabe god stemning under madlavningen eller slappe af til dine yndlingsnumre efter en lang dag.K\u00f8kkenradioen leveres komplet med str\u00f8mforsyning, monteringss\u00e6t til nem oph\u00e6ngning samt fjernbetjening. Enheden er netdrevet, s\u00e5 du beh\u00f8ver ikke bekymre dig om batteriskift, og den kan bruges kontinuerligt i hjemmet.Lenco KCR-150 er et praktisk, multifunktionelt valg til k\u00f8kkenet og resten af hjemmet. Uanset om du \u00f8nsker radio, cd-afspilning eller streaming via Bluetooth\u00ae, giver denne k\u00f8kkenradio dig nem og bekvem adgang til din yndlingsmusik \u2013 dag efter dag.<\/p>\n<p>Sammenlign priser p\u00e5 Lenco &#8211; K\u00f8kkenradio med CD Bluetooth\u00ae og fjernbetjening Hvid &#8211; KCR-150WH og k\u00f8b online til den billigste pris, samt p\u00e5 tilbud!\u00a0\u00a0Tjek den bedste pris, produkt beskrivelse, video, test, anmeldelser osv.<\/p>\n<p><strong>Brand: <\/strong>Lenco<br \/>\n<strong>EAN: <\/strong>8711902040842<br \/>\n<strong>Producentens varenr.:<\/strong> 8711902040842<\/p>\n<p><strong>P.S.<\/strong><br \/>\nTilmeld dig til &#8220;Opret Gratis Prisfald Alarm&#8221;, og bliv underrettet med det samme om prisfald p\u00e5 Lenco &#8211; K\u00f8kkenradio med CD Bluetooth\u00ae og fjernbetjening Hvid &#8211; KCR-150WH, og f\u00e5 den billigste pris!<\/p>\n<p>&nbsp;<\/p>\n<p>&nbsp;<\/p>\n","protected":false},"excerpt":{"rendered":"<p>K\u00f8b billig Lenco &#8211; K\u00f8kkenradio med CD Bluetooth\u00ae og fjernbetjening Hvid &#8211; KCR-150WH! Lenco KCR-150 er en alsidig FM-k\u00f8kkenradio med CD-afspiller og Bluetooth\u00ae, s\u00e5 du kan nyde musik fra radio, cd\u2019er eller streame direkte fra din smartphone eller tablet. Radioen er fremstillet i holdbart plast, hvilket g\u00f8r den let og nem at reng\u00f8re \u2013 perfekt [&hellip;]<\/p>\n","protected":false},"featured_media":0,"template":"","meta":[],"store":[1272516],"product_brand":[1272526],"product_cat":[1272439],"product_tag":[1275188,1272694],"class_list":{"0":"post-447235","1":"product","2":"type-product","3":"status-publish","5":"store-butik24","6":"product_brand-lenco","7":"product_cat-radio-2","8":"product_tag-lenco","9":"product_tag-radio","10":"pa_maerke-lenco","12":"first","13":"instock","14":"product-type-external"},"_links":{"self":[{"href":"https:\/\/www.pricetornado.com\/da\/wp-json\/wp\/v2\/product\/447235","targetHints":{"allow":["GET"]}}],"collection":[{"href":"https:\/\/www.pricetornado.com\/da\/wp-json\/wp\/v2\/product"}],"about":[{"href":"https:\/\/www.pricetornado.com\/da\/wp-json\/wp\/v2\/types\/product"}],"wp:attachment":[{"href":"https:\/\/www.pricetornado.com\/da\/wp-json\/wp\/v2\/media?parent=447235"}],"wp:term":[{"taxonomy":"store","embeddable":true,"href":"https:\/\/www.pricetornado.com\/da\/wp-json\/wp\/v2\/store?post=447235"},{"taxonomy":"product_brand","embeddable":true,"href":"https:\/\/www.pricetornado.com\/da\/wp-json\/wp\/v2\/product_brand?post=447235"},{"taxonomy":"product_cat","embeddable":true,"href":"https:\/\/www.pricetornado.com\/da\/wp-json\/wp\/v2\/product_cat?post=447235"},{"taxonomy":"product_tag","embeddable":true,"href":"https:\/\/www.pricetornado.com\/da\/wp-json\/wp\/v2\/product_tag?post=447235"}],"curies":[{"name":"wp","href":"https:\/\/api.w.org\/{rel}","templated":true}]}}