{"id":447234,"date":"2025-02-20T17:33:02","date_gmt":"2025-02-20T16:33:02","guid":{"rendered":"https:\/\/www.pricetornado.com\/da\/produkt\/philips-led-lysroer-t8-master-value-em-mains-high-output-14w-2000lm-830-varm-hvid-120cm-erstatter-36w\/"},"modified":"2026-04-29T01:20:56","modified_gmt":"2026-04-28T23:20:56","slug":"philips-led-lysroer-t8-master-value-em-mains-high-output-14w-2000lm-830-varm-hvid-120cm-erstatter-36w","status":"publish","type":"product","link":"https:\/\/www.pricetornado.com\/da\/produkt\/philips-led-lysroer-t8-master-value-em-mains-high-output-14w-2000lm-830-varm-hvid-120cm-erstatter-36w\/","title":{"rendered":"Philips LED Lysr\u00f8r T8 MASTER Value (EM\/Mains) High Output 14W 2000lm &#8211; 830 varm hvid | 120cm &#8211; erstatter 36W"},"content":{"rendered":"<p>K\u00f8b billig Philips LED Lysr\u00f8r T8 MASTER Value (EM\/Mains) High Output 14W 2000lm &#8211; 830 varm hvid | 120cm &#8211; erstatter 36W!<br \/>\nPhilips LED Lysr\u00f8r T8 MASTER Value (EM\/Mains) High Output 14W 2000lm \u2013 830 varm hvid er det ideelle valg, n\u00e5r du \u00f8nsker at udskifte et traditionelt 36W lysstofr\u00f8r p\u00e5 120 cm i eksisterende armaturer med enten elektronisk eller konventionel (EM\/mains) ballast. Dette LED-lysr\u00f8r passer i standard T8 fatning (G13), s\u00e5 du kan udskifte uden ombygning eller ny installation.Med et energiforbrug p\u00e5 kun 14W og en lysstyrke p\u00e5 2000 lumen kan du spare op til 70% p\u00e5 dine energiomkostninger sammenlignet med \u00e6ldre lysstofr\u00f8r p\u00e5 36W. Lysr\u00f8ret opfylder EU&apos;s RoHS-krav og er fri for kviks\u00f8lv og andre skadelige stoffer, hvilket sikrer et mere milj\u00f8venligt valg.Philips LED lysr\u00f8r har en levetid p\u00e5 hele 60.000 timer og kan klare op til 200.000 t\u00e6nd\/sluk-cyklusser, hvilket betyder f\u00e6rre udskiftninger og lavere vedligeholdelsesomkostninger. Selv ved daglig brug i kontormilj\u00f8er holder dette lysr\u00f8r mere end 15 \u00e5r, hvilket langt overg\u00e5r traditionelle lysstofr\u00f8r med en typisk levetid p\u00e5 10.000 timer.Lysr\u00f8ret giver et varmt hvidt lys (3000K) med en farvegengivelse (CRI) p\u00e5 80, hvilket sikrer en naturlig og behagelig belysning. Den frostede overflade skaber ensartet og bl\u00e6ndfrit lys, der minder om klassiske lysstofr\u00f8r, og r\u00f8ret t\u00e6nder \u00f8jeblikkeligt \u2013 fuld lysstyrke p\u00e5 under 0,5 sekunder.Levetid op til 60.000 timer og op til 200.000 t\u00e6nd\/sluk-cyklusserV\u00e6lg Philips LED Lysr\u00f8r T8 MASTER Value for en energieffektiv, driftsikker og milj\u00f8venlig l\u00f8sning, der b\u00e5de forbedrer lyskvaliteten og mindsker dine energi- og vedligeholdelsesomkostninger. Skift til LED og oplev fordelene i b\u00e5de erhverv og private rum.<\/p>\n<p>Sammenlign priser p\u00e5 Philips LED Lysr\u00f8r T8 MASTER Value (EM\/Mains) High Output 14W 2000lm &#8211; 830 varm hvid | 120cm &#8211; erstatter 36W og k\u00f8b online til den billigste pris, samt p\u00e5 tilbud!\u00a0\u00a0Tjek den bedste pris, produkt beskrivelse, video, test, anmeldelser osv.<\/p>\n<p><strong>Brand: <\/strong>Philips<br \/>\n<strong>EAN: <\/strong>8718699646851<br \/>\n<strong>Producentens varenr.:<\/strong> 8718699646851<\/p>\n<p><strong>P.S.<\/strong><br \/>\nTilmeld dig til &#8220;Opret Gratis Prisfald Alarm&#8221;, og bliv underrettet med det samme om prisfald p\u00e5 Philips LED Lysr\u00f8r T8 MASTER Value (EM\/Mains) High Output 14W 2000lm &#8211; 830 varm hvid | 120cm &#8211; erstatter 36W, og f\u00e5 den billigste pris!<\/p>\n<p>&nbsp;<\/p>\n<p>&nbsp;<\/p>\n","protected":false},"excerpt":{"rendered":"<p>K\u00f8b billig Philips LED Lysr\u00f8r T8 MASTER Value (EM\/Mains) High Output 14W 2000lm &#8211; 830 varm hvid | 120cm &#8211; erstatter 36W! Philips LED Lysr\u00f8r T8 MASTER Value (EM\/Mains) High Output 14W 2000lm \u2013 830 varm hvid er det ideelle valg, n\u00e5r du \u00f8nsker at udskifte et traditionelt 36W lysstofr\u00f8r p\u00e5 120 cm i eksisterende [&hellip;]<\/p>\n","protected":false},"featured_media":999980000004472340,"template":"","meta":[],"store":[1272516],"product_brand":[1272519],"product_cat":[1272407],"product_tag":[1272697,1275180],"class_list":{"0":"post-447234","1":"product","2":"type-product","3":"status-publish","4":"has-post-thumbnail","6":"store-butik24","7":"product_brand-philips","8":"product_cat-belysning-2","9":"product_tag-belysning","10":"product_tag-philips","11":"pa_maerke-philips","13":"first","14":"instock","15":"product-type-external"},"_links":{"self":[{"href":"https:\/\/www.pricetornado.com\/da\/wp-json\/wp\/v2\/product\/447234","targetHints":{"allow":["GET"]}}],"collection":[{"href":"https:\/\/www.pricetornado.com\/da\/wp-json\/wp\/v2\/product"}],"about":[{"href":"https:\/\/www.pricetornado.com\/da\/wp-json\/wp\/v2\/types\/product"}],"wp:featuredmedia":[{"embeddable":true,"href":"https:\/\/www.pricetornado.com\/da\/wp-json\/"}],"wp:attachment":[{"href":"https:\/\/www.pricetornado.com\/da\/wp-json\/wp\/v2\/media?parent=447234"}],"wp:term":[{"taxonomy":"store","embeddable":true,"href":"https:\/\/www.pricetornado.com\/da\/wp-json\/wp\/v2\/store?post=447234"},{"taxonomy":"product_brand","embeddable":true,"href":"https:\/\/www.pricetornado.com\/da\/wp-json\/wp\/v2\/product_brand?post=447234"},{"taxonomy":"product_cat","embeddable":true,"href":"https:\/\/www.pricetornado.com\/da\/wp-json\/wp\/v2\/product_cat?post=447234"},{"taxonomy":"product_tag","embeddable":true,"href":"https:\/\/www.pricetornado.com\/da\/wp-json\/wp\/v2\/product_tag?post=447234"}],"curies":[{"name":"wp","href":"https:\/\/api.w.org\/{rel}","templated":true}]}}