{"id":447231,"date":"2025-02-27T13:41:57","date_gmt":"2025-02-27T12:41:57","guid":{"rendered":"https:\/\/www.pricetornado.com\/da\/produkt\/dust-wall-lantern-anthracite-1x3w-230v\/"},"modified":"2026-04-18T03:50:28","modified_gmt":"2026-04-18T01:50:28","slug":"dust-wall-lantern-anthracite-1x3w-230v","status":"publish","type":"product","link":"https:\/\/www.pricetornado.com\/da\/produkt\/dust-wall-lantern-anthracite-1x3w-230v\/","title":{"rendered":"Dust wall lantern anthracite 1x3W 230V"},"content":{"rendered":"<p>K\u00f8b billig Dust wall lantern anthracite 1x3W 230V!<br \/>\nPhilips Dust LED-v\u00e6glampen er formgivet i en smuk halvm\u00e5ne og har en robust aluminiumskonstruktion med en slidst\u00e6rk, antracitfarvet overflade. Det diskrete design skaber en elegant silhuet p\u00e5 din udend\u00f8rsv\u00e6g, samtidig med at lampen er udviklet til at modst\u00e5 det danske vejr.Den integrerede 3W LED leverer et behageligt, varmt hvidt lys med en lysstyrke p\u00e5 270 lumen. Lyset er rettet nedad og g\u00f8r lampen ideel b\u00e5de til generel og retningsbestemt belysning rundt om hjemmet eller i haven. Den energieffektive LED-l\u00f8sning har en forventet levetid p\u00e5 op til 25.000 timer, hvilket minimerer behovet for vedligeholdelse.Lampens antracitfinish giver ikke blot et moderne udtryk, men beskytter ogs\u00e5 mod rust og vejrp\u00e5virkninger. Selvom den pr\u00e6cise IP-klassificering ikke er oplyst, indikerer materialevalg og konstruktion god vejrbestandighed, hvilket g\u00f8r den s\u00e6rlig velegnet til udend\u00f8rsbrug. Lampen tilsluttes direkte til 230V str\u00f8m og kr\u00e6ver ikke batterier. Med energiklasse F for den indbyggede LED-lyskilde opn\u00e5r du god energieffektivitet.Den kompakte og pladsbesparende v\u00e6gmontering g\u00f8r lampen nem at installere og sikrer, at den ikke dominerer facaden \u2013 perfekt til b\u00e5de store og sm\u00e5 omr\u00e5der.Levetid p\u00e5 op til 25.000 timerV\u00e6lg Philips Dust LED-v\u00e6glampen for at opn\u00e5 stilfuld, holdbar og energibesparende udend\u00f8rsbelysning. Se hele udvalget af belysning for flere moderne l\u00f8sninger til hjemmet og haven.<\/p>\n<p>Sammenlign priser p\u00e5 Dust wall lantern anthracite 1x3W 230V og k\u00f8b online til den billigste pris, samt p\u00e5 tilbud!\u00a0\u00a0Tjek den bedste pris, produkt beskrivelse, video, test, anmeldelser osv.<\/p>\n<p><strong>Brand: <\/strong>Philips<br \/>\n<strong>EAN: <\/strong>8718696120682<br \/>\n<strong>Producentens varenr.:<\/strong> 8718696120682<\/p>\n<p><strong>P.S.<\/strong><br \/>\nTilmeld dig til &#8220;Opret Gratis Prisfald Alarm&#8221;, og bliv underrettet med det samme om prisfald p\u00e5 Dust wall lantern anthracite 1x3W 230V, og f\u00e5 den billigste pris!<\/p>\n<p>&nbsp;<\/p>\n<p>&nbsp;<\/p>\n","protected":false},"excerpt":{"rendered":"<p>K\u00f8b billig Dust wall lantern anthracite 1x3W 230V! Philips Dust LED-v\u00e6glampen er formgivet i en smuk halvm\u00e5ne og har en robust aluminiumskonstruktion med en slidst\u00e6rk, antracitfarvet overflade. Det diskrete design skaber en elegant silhuet p\u00e5 din udend\u00f8rsv\u00e6g, samtidig med at lampen er udviklet til at modst\u00e5 det danske vejr.Den integrerede 3W LED leverer et behageligt, [&hellip;]<\/p>\n","protected":false},"featured_media":999980000004472310,"template":"","meta":[],"store":[1272516],"product_brand":[1272519],"product_cat":[1272407],"product_tag":[1272697,1275180],"class_list":{"0":"post-447231","1":"product","2":"type-product","3":"status-publish","4":"has-post-thumbnail","6":"store-butik24","7":"product_brand-philips","8":"product_cat-belysning-2","9":"product_tag-belysning","10":"product_tag-philips","11":"pa_maerke-philips","13":"first","14":"instock","15":"product-type-external"},"_links":{"self":[{"href":"https:\/\/www.pricetornado.com\/da\/wp-json\/wp\/v2\/product\/447231","targetHints":{"allow":["GET"]}}],"collection":[{"href":"https:\/\/www.pricetornado.com\/da\/wp-json\/wp\/v2\/product"}],"about":[{"href":"https:\/\/www.pricetornado.com\/da\/wp-json\/wp\/v2\/types\/product"}],"wp:featuredmedia":[{"embeddable":true,"href":"https:\/\/www.pricetornado.com\/da\/wp-json\/"}],"wp:attachment":[{"href":"https:\/\/www.pricetornado.com\/da\/wp-json\/wp\/v2\/media?parent=447231"}],"wp:term":[{"taxonomy":"store","embeddable":true,"href":"https:\/\/www.pricetornado.com\/da\/wp-json\/wp\/v2\/store?post=447231"},{"taxonomy":"product_brand","embeddable":true,"href":"https:\/\/www.pricetornado.com\/da\/wp-json\/wp\/v2\/product_brand?post=447231"},{"taxonomy":"product_cat","embeddable":true,"href":"https:\/\/www.pricetornado.com\/da\/wp-json\/wp\/v2\/product_cat?post=447231"},{"taxonomy":"product_tag","embeddable":true,"href":"https:\/\/www.pricetornado.com\/da\/wp-json\/wp\/v2\/product_tag?post=447231"}],"curies":[{"name":"wp","href":"https:\/\/api.w.org\/{rel}","templated":true}]}}