{"id":447230,"date":"2025-02-25T19:45:48","date_gmt":"2025-02-25T18:45:48","guid":{"rendered":"https:\/\/www.pricetornado.com\/da\/produkt\/pongee-bar-tube-white-4xnw-230v\/"},"modified":"2026-04-21T02:29:55","modified_gmt":"2026-04-21T00:29:55","slug":"pongee-bar-tube-white-4xnw-230v","status":"publish","type":"product","link":"https:\/\/www.pricetornado.com\/da\/produkt\/pongee-bar-tube-white-4xnw-230v\/","title":{"rendered":"PONGEE bar\/tube white 4xNW 230V"},"content":{"rendered":"<p>K\u00f8b billig PONGEE bar\/tube white 4xNW 230V!<br \/>\nPhilips PONGEE bar\/tube white er en del af myLiving Contemporary-serien, som kendetegnes ved elegante silhuetter og lys af h\u00f8j kvalitet. Denne lampe er designet til at passe til nutidens smag, trends og livsstil, hvilket g\u00f8r den til et stilfuldt valg til b\u00e5de hjemmet og kontoret.Lampen har et slankt og moderne design med m\u00e5l p\u00e5 62,8 cm i l\u00e6ngden, 12,2 cm i bredden og 8,2 cm i h\u00f8jden. Disse kompakte dimensioner g\u00f8r det let at integrere Philips PONGEE bar\/tube white i forskellige rum og installationsmilj\u00f8er.Med Philips PONGEE bar\/tube white f\u00e5r du en belysningsl\u00f8sning, der kombinerer moderne design med funktionalitet og tilf\u00f8rer dine rum et nutidigt pr\u00e6g. for flere stilfulde belysningsl\u00f8sninger.<\/p>\n<p>Sammenlign priser p\u00e5 PONGEE bar\/tube white 4xNW 230V og k\u00f8b online til den billigste pris, samt p\u00e5 tilbud!\u00a0\u00a0Tjek den bedste pris, produkt beskrivelse, video, test, anmeldelser osv.<\/p>\n<p><strong>Brand: <\/strong>Philips<br \/>\n<strong>EAN: <\/strong>8718696164853<br \/>\n<strong>Producentens varenr.:<\/strong> 8718696164853<\/p>\n<p><strong>P.S.<\/strong><br \/>\nTilmeld dig til &#8220;Opret Gratis Prisfald Alarm&#8221;, og bliv underrettet med det samme om prisfald p\u00e5 PONGEE bar\/tube white 4xNW 230V, og f\u00e5 den billigste pris!<\/p>\n<p>&nbsp;<\/p>\n<p>&nbsp;<\/p>\n","protected":false},"excerpt":{"rendered":"<p>K\u00f8b billig PONGEE bar\/tube white 4xNW 230V! Philips PONGEE bar\/tube white er en del af myLiving Contemporary-serien, som kendetegnes ved elegante silhuetter og lys af h\u00f8j kvalitet. Denne lampe er designet til at passe til nutidens smag, trends og livsstil, hvilket g\u00f8r den til et stilfuldt valg til b\u00e5de hjemmet og kontoret.Lampen har et slankt [&hellip;]<\/p>\n","protected":false},"featured_media":999980000004472300,"template":"","meta":[],"store":[1272516],"product_brand":[1272519],"product_cat":[1272407],"product_tag":[1272697,1275180],"class_list":{"0":"post-447230","1":"product","2":"type-product","3":"status-publish","4":"has-post-thumbnail","6":"store-butik24","7":"product_brand-philips","8":"product_cat-belysning-2","9":"product_tag-belysning","10":"product_tag-philips","11":"pa_maerke-philips","13":"first","14":"instock","15":"product-type-external"},"_links":{"self":[{"href":"https:\/\/www.pricetornado.com\/da\/wp-json\/wp\/v2\/product\/447230","targetHints":{"allow":["GET"]}}],"collection":[{"href":"https:\/\/www.pricetornado.com\/da\/wp-json\/wp\/v2\/product"}],"about":[{"href":"https:\/\/www.pricetornado.com\/da\/wp-json\/wp\/v2\/types\/product"}],"wp:featuredmedia":[{"embeddable":true,"href":"https:\/\/www.pricetornado.com\/da\/wp-json\/"}],"wp:attachment":[{"href":"https:\/\/www.pricetornado.com\/da\/wp-json\/wp\/v2\/media?parent=447230"}],"wp:term":[{"taxonomy":"store","embeddable":true,"href":"https:\/\/www.pricetornado.com\/da\/wp-json\/wp\/v2\/store?post=447230"},{"taxonomy":"product_brand","embeddable":true,"href":"https:\/\/www.pricetornado.com\/da\/wp-json\/wp\/v2\/product_brand?post=447230"},{"taxonomy":"product_cat","embeddable":true,"href":"https:\/\/www.pricetornado.com\/da\/wp-json\/wp\/v2\/product_cat?post=447230"},{"taxonomy":"product_tag","embeddable":true,"href":"https:\/\/www.pricetornado.com\/da\/wp-json\/wp\/v2\/product_tag?post=447230"}],"curies":[{"name":"wp","href":"https:\/\/api.w.org\/{rel}","templated":true}]}}