{"id":447228,"date":"2025-02-24T05:36:21","date_gmt":"2025-02-24T04:36:21","guid":{"rendered":"https:\/\/www.pricetornado.com\/da\/produkt\/scanpan-18-cm-glaslaag-i-omslag-classic\/"},"modified":"2026-04-22T03:30:42","modified_gmt":"2026-04-22T01:30:42","slug":"scanpan-18-cm-glaslaag-i-omslag-classic","status":"publish","type":"product","link":"https:\/\/www.pricetornado.com\/da\/produkt\/scanpan-18-cm-glaslaag-i-omslag-classic\/","title":{"rendered":"Scanpan 18 cm glasl\u00e5g i omslag &#8211; Classic"},"content":{"rendered":"<p>K\u00f8b billig Scanpan 18 cm glasl\u00e5g i omslag &#8211; Classic!<br \/>\nScanpan 18 cm glasl\u00e5g er lavet af h\u00e6rdet, brudsikkert glas, som sikrer holdbarhed og giver dig mulighed for at f\u00f8lge madlavningen uden at l\u00f8fte l\u00e5get. L\u00e5get er udstyret med et varmeisoleret greb i h\u00f8jdensitets fenol, hvilket g\u00f8r det sikkert og behageligt at h\u00e5ndtere \u2013 selv n\u00e5r det er varmt.Dette l\u00e5g t\u00e5ler ovnvarme op til 250\u00b0C, hvilket g\u00f8r det ideelt til retter, der skal en tur i ovnen. Efter brug kan det let reng\u00f8res i opvaskemaskinen, s\u00e5 du sparer tid i k\u00f8kkenet.Glasl\u00e5get passer til alle Scanpan gryder og pander med en diameter p\u00e5 18 cm og giver dig stor fleksibilitet i dit k\u00f8kken.Med Scanpan 18 cm glasl\u00e5g f\u00e5r du et robust og funktionelt l\u00e5g, der g\u00f8r madlavningen nemmere og mere sikker. Se ogs\u00e5 vores udvalg af for at finde matchende tilbeh\u00f8r til dit k\u00f8kken.<\/p>\n<p>Sammenlign priser p\u00e5 Scanpan 18 cm glasl\u00e5g i omslag &#8211; Classic og k\u00f8b online til den billigste pris, samt p\u00e5 tilbud!\u00a0\u00a0Tjek den bedste pris, produkt beskrivelse, video, test, anmeldelser osv.<\/p>\n<p><strong>Brand: <\/strong>Scanpan<br \/>\n<strong>EAN: <\/strong>083421181213<br \/>\n<strong>Producentens varenr.:<\/strong> 083421181213<\/p>\n<p><strong>P.S.<\/strong><br \/>\nTilmeld dig til &#8220;Opret Gratis Prisfald Alarm&#8221;, og bliv underrettet med det samme om prisfald p\u00e5 Scanpan 18 cm glasl\u00e5g i omslag &#8211; Classic, og f\u00e5 den billigste pris!<\/p>\n<p>&nbsp;<\/p>\n<p>&nbsp;<\/p>\n","protected":false},"excerpt":{"rendered":"<p>K\u00f8b billig Scanpan 18 cm glasl\u00e5g i omslag &#8211; Classic! Scanpan 18 cm glasl\u00e5g er lavet af h\u00e6rdet, brudsikkert glas, som sikrer holdbarhed og giver dig mulighed for at f\u00f8lge madlavningen uden at l\u00f8fte l\u00e5get. L\u00e5get er udstyret med et varmeisoleret greb i h\u00f8jdensitets fenol, hvilket g\u00f8r det sikkert og behageligt at h\u00e5ndtere \u2013 selv [&hellip;]<\/p>\n","protected":false},"featured_media":999980000004472280,"template":"","meta":[],"store":[1272516],"product_brand":[1272521],"product_cat":[1272410],"product_tag":[1272681,1275184],"class_list":{"0":"post-447228","1":"product","2":"type-product","3":"status-publish","4":"has-post-thumbnail","6":"store-butik24","7":"product_brand-scanpan","8":"product_cat-koekkengrej","9":"product_tag-koekkengrej","10":"product_tag-scanpan","11":"pa_maerke-scanpan","13":"first","14":"instock","15":"product-type-external"},"_links":{"self":[{"href":"https:\/\/www.pricetornado.com\/da\/wp-json\/wp\/v2\/product\/447228","targetHints":{"allow":["GET"]}}],"collection":[{"href":"https:\/\/www.pricetornado.com\/da\/wp-json\/wp\/v2\/product"}],"about":[{"href":"https:\/\/www.pricetornado.com\/da\/wp-json\/wp\/v2\/types\/product"}],"wp:featuredmedia":[{"embeddable":true,"href":"https:\/\/www.pricetornado.com\/da\/wp-json\/"}],"wp:attachment":[{"href":"https:\/\/www.pricetornado.com\/da\/wp-json\/wp\/v2\/media?parent=447228"}],"wp:term":[{"taxonomy":"store","embeddable":true,"href":"https:\/\/www.pricetornado.com\/da\/wp-json\/wp\/v2\/store?post=447228"},{"taxonomy":"product_brand","embeddable":true,"href":"https:\/\/www.pricetornado.com\/da\/wp-json\/wp\/v2\/product_brand?post=447228"},{"taxonomy":"product_cat","embeddable":true,"href":"https:\/\/www.pricetornado.com\/da\/wp-json\/wp\/v2\/product_cat?post=447228"},{"taxonomy":"product_tag","embeddable":true,"href":"https:\/\/www.pricetornado.com\/da\/wp-json\/wp\/v2\/product_tag?post=447228"}],"curies":[{"name":"wp","href":"https:\/\/api.w.org\/{rel}","templated":true}]}}