{"id":447225,"date":"2025-02-27T08:07:16","date_gmt":"2025-02-27T07:07:16","guid":{"rendered":"https:\/\/www.pricetornado.com\/da\/produkt\/alecto-sa-20-roegalarm-med-time-out-knap\/"},"modified":"2026-04-17T02:10:10","modified_gmt":"2026-04-17T00:10:10","slug":"alecto-sa-20-roegalarm-med-time-out-knap","status":"publish","type":"product","link":"https:\/\/www.pricetornado.com\/da\/produkt\/alecto-sa-20-roegalarm-med-time-out-knap\/","title":{"rendered":"Alecto SA-20 R\u00f8galarm med \u201dtime-out\u201d knap"},"content":{"rendered":"<p>K\u00f8b billig Alecto SA-20 R\u00f8galarm med \u201dtime-out\u201d knap!<br \/>\nGod brandsikring beh\u00f8ver ikke v\u00e6re dyr. Alecto SA20 er en p\u00e5lidelig og budgetvenlig l\u00f8sning, der giver ro i sindet med effektiv brandsikring til hjemmet. Denne optiske r\u00f8galarm advarer hurtigt og med en kraftig lyd p\u00e5 85 dB, s\u00e5 alle i boligen f\u00e5r de bedst mulige foruds\u00e6tninger for at reagere i en n\u00f8dsituation.Alecto SA20 er designet med fokus p\u00e5 brugervenlighed: Den har kompakte m\u00e5l (3,7 cm h\u00f8j, 10 cm i diameter) og vejer kun 120 g, hvilket g\u00f8r den let at placere diskret i alle rum. Den er fremstillet af plast og leveres komplet med bundplade, skruer og plugs, s\u00e5 den nemt kan monteres p\u00e5 b\u00e5de v\u00e6g og loft \u2013 uanset om du har tr\u00e6loft eller stenv\u00e6g. Magnetmonterings-kompatibilitet sikrer ekstra fleksibilitet ved installationen.Optisk r\u00f8gdetektor sikrer straks reaktion p\u00e5 r\u00f8gudvikling.Opfylder EN 14604 sikkerhedsstandarden for r\u00f8galarmer.Kraftig 85 dB alarm advarer tydeligt ved brand.Test- og reset-knap for nem funktionskontrol og nulstilling.Hush\/mute- og time-out funktion giver mulighed for midlertidig slukning ved falske alarmer, fx under madlavning.Lav-batteri indikator giver tydelig besked, n\u00e5r det medf\u00f8lgende 9V alkaline batteri (ca. 1 \u00e5rs levetid) skal udskiftes.SA20&apos;s sensor har en levetid p\u00e5 op til 10 \u00e5r og kr\u00e6ver ingen udskiftning af centrale komponenter i perioden. R\u00f8galarmen fungerer effektivt i et driftsomr\u00e5de p\u00e5 0\u201340\u00b0C og ved luftfugtigheder op til 95 %, hvilket passer til de fleste danske hjem.Alecto SA20 koncentrerer sig om essensen: sikkert, hurtigt og p\u00e5lideligt at advare om brand \u2013 uden ekstra funktioner som smart-forbindelse eller genopladelige batterier. Du f\u00e5r en robust, brugervenlig og gennemtestet r\u00f8galarm, der nemt opgraderer brandsikringen i dit hjem.<\/p>\n<p>Sammenlign priser p\u00e5 Alecto SA-20 R\u00f8galarm med \u201dtime-out\u201d knap og k\u00f8b online til den billigste pris, samt p\u00e5 tilbud!\u00a0\u00a0Tjek den bedste pris, produkt beskrivelse, video, test, anmeldelser osv.<\/p>\n<p><strong>Brand: <\/strong>Alecto<br \/>\n<strong>EAN: <\/strong>8712412596089<br \/>\n<strong>Producentens varenr.:<\/strong> 8712412596089<\/p>\n<p><strong>P.S.<\/strong><br \/>\nTilmeld dig til &#8220;Opret Gratis Prisfald Alarm&#8221;, og bliv underrettet med det samme om prisfald p\u00e5 Alecto SA-20 R\u00f8galarm med \u201dtime-out\u201d knap, og f\u00e5 den billigste pris!<\/p>\n<p>&nbsp;<\/p>\n<p>&nbsp;<\/p>\n","protected":false},"excerpt":{"rendered":"<p>K\u00f8b billig Alecto SA-20 R\u00f8galarm med \u201dtime-out\u201d knap! God brandsikring beh\u00f8ver ikke v\u00e6re dyr. Alecto SA20 er en p\u00e5lidelig og budgetvenlig l\u00f8sning, der giver ro i sindet med effektiv brandsikring til hjemmet. Denne optiske r\u00f8galarm advarer hurtigt og med en kraftig lyd p\u00e5 85 dB, s\u00e5 alle i boligen f\u00e5r de bedst mulige foruds\u00e6tninger for [&hellip;]<\/p>\n","protected":false},"featured_media":999980000004472250,"template":"","meta":[],"store":[1272516],"product_brand":[1272518],"product_cat":[1272461],"product_tag":[1275186,1272817],"class_list":{"0":"post-447225","1":"product","2":"type-product","3":"status-publish","4":"has-post-thumbnail","6":"store-butik24","7":"product_brand-alecto","8":"product_cat-hjemmet","9":"product_tag-alecto","10":"product_tag-hjemmet","11":"pa_maerke-alecto","13":"first","14":"instock","15":"product-type-external"},"_links":{"self":[{"href":"https:\/\/www.pricetornado.com\/da\/wp-json\/wp\/v2\/product\/447225","targetHints":{"allow":["GET"]}}],"collection":[{"href":"https:\/\/www.pricetornado.com\/da\/wp-json\/wp\/v2\/product"}],"about":[{"href":"https:\/\/www.pricetornado.com\/da\/wp-json\/wp\/v2\/types\/product"}],"wp:featuredmedia":[{"embeddable":true,"href":"https:\/\/www.pricetornado.com\/da\/wp-json\/"}],"wp:attachment":[{"href":"https:\/\/www.pricetornado.com\/da\/wp-json\/wp\/v2\/media?parent=447225"}],"wp:term":[{"taxonomy":"store","embeddable":true,"href":"https:\/\/www.pricetornado.com\/da\/wp-json\/wp\/v2\/store?post=447225"},{"taxonomy":"product_brand","embeddable":true,"href":"https:\/\/www.pricetornado.com\/da\/wp-json\/wp\/v2\/product_brand?post=447225"},{"taxonomy":"product_cat","embeddable":true,"href":"https:\/\/www.pricetornado.com\/da\/wp-json\/wp\/v2\/product_cat?post=447225"},{"taxonomy":"product_tag","embeddable":true,"href":"https:\/\/www.pricetornado.com\/da\/wp-json\/wp\/v2\/product_tag?post=447225"}],"curies":[{"name":"wp","href":"https:\/\/api.w.org\/{rel}","templated":true}]}}