{"id":447221,"date":"2025-02-23T15:49:15","date_gmt":"2025-02-23T14:49:15","guid":{"rendered":"https:\/\/www.pricetornado.com\/da\/produkt\/philips-hue-white-color-ambiance-startsaet-e27-3-lyskilder-1-bridge-1-switch-bluetooth\/"},"modified":"2026-04-17T01:50:30","modified_gmt":"2026-04-16T23:50:30","slug":"philips-hue-white-color-ambiance-startsaet-e27-3-lyskilder-1-bridge-1-switch-bluetooth","status":"publish","type":"product","link":"https:\/\/www.pricetornado.com\/da\/produkt\/philips-hue-white-color-ambiance-startsaet-e27-3-lyskilder-1-bridge-1-switch-bluetooth\/","title":{"rendered":"Philips Hue white color ambiance starts\u00e6t E27, 3 lyskilder, 1 bridge, 1 switch, bluetooth"},"content":{"rendered":"<p>K\u00f8b billig Philips Hue white color ambiance starts\u00e6t E27, 3 lyskilder, 1 bridge, 1 switch, bluetooth!<br \/>\nOplev stemningsfuldt, intelligent lys med Philips Hue white and color ambiance starts\u00e6ttet. Med de medf\u00f8lgende LED-lyskilder kan du v\u00e6lge blandt mere end 16 millioner farver og over 50.000 nuancer af hvidt lys \u2013 fra energifyldt, k\u00f8ligt morgenlys til afslappende, gyldne aftennuancer. Skab den perfekte atmosf\u00e6re til arbejde, leg eller afslapning, uanset tidspunktet p\u00e5 dagen. Lyset kan let d\u00e6mpes efter behov med b\u00e5de den medf\u00f8lgende Dimmer switch og Philips Hue appen.Det medf\u00f8lgende Hue Bridge sikrer fuld kontrol over dine lyskilder og nem integration med popul\u00e6re stemmeassistenter som Amazon Alexa og Google Assistant. Styr lyset fra appen, med stemmen eller via Dimmer switch-fjernbetjeningen, s\u00e5 kan du t\u00e6nde og slukke lyskilderne samt tilpasse lysstemningen, uanset om du er hjemme eller v\u00e6k. Med Philips Hue appen er dit hjem altid lyst op, pr\u00e6cis som du \u00f8nsker det.G\u00f8r film, musik og spil endnu mere levende ved at synkronisere belysningen med dine medier via Hue Sync appen. Udnyt de forudindstillede stemningsscener, skab sommerstemning \u00e5ret rundt, eller brug dine egne billeder til at tilpasse lysets farver og udtryk. Der er ingen gr\u00e6nser for den kreative belysning med Philips Hue.LED-p\u00e6rer med en levetid p\u00e5 op til 25.000 timer og 50.000 t\u00e6nd\/sluk-cyklusserPhilips Hue systemet underst\u00f8tter b\u00e5de Zigbee og Bluetooth for enkel og stabil forbindelse mellem lyskilder og kontrolenheder. Den medf\u00f8lgende Dimmer switch kan styre op til ti lamper samtidigt og fungerer b\u00e5de som v\u00e6gmonteret kontakt og som praktisk, tr\u00e5dl\u00f8s fjernbetjening.F\u00e5 alle fordelene ved en komplet smart belysningsl\u00f8sning med Philips Hue white and color ambiance starts\u00e6ttet. Udforsk flere muligheder og tilbeh\u00f8r i vores .<\/p>\n<p>Sammenlign priser p\u00e5 Philips Hue white color ambiance starts\u00e6t E27, 3 lyskilder, 1 bridge, 1 switch, bluetooth og k\u00f8b online til den billigste pris, samt p\u00e5 tilbud!\u00a0\u00a0Tjek den bedste pris, produkt beskrivelse, video, test, anmeldelser osv.<\/p>\n<p><strong>Brand: <\/strong>Philips Hue<br \/>\n<strong>EAN: <\/strong>8719514291355<br \/>\n<strong>Producentens varenr.:<\/strong> 8719514291355<\/p>\n<p><strong>P.S.<\/strong><br \/>\nTilmeld dig til &#8220;Opret Gratis Prisfald Alarm&#8221;, og bliv underrettet med det samme om prisfald p\u00e5 Philips Hue white color ambiance starts\u00e6t E27, 3 lyskilder, 1 bridge, 1 switch, bluetooth, og f\u00e5 den billigste pris!<\/p>\n<p>&nbsp;<\/p>\n<p>&nbsp;<\/p>\n","protected":false},"excerpt":{"rendered":"<p>K\u00f8b billig Philips Hue white color ambiance starts\u00e6t E27, 3 lyskilder, 1 bridge, 1 switch, bluetooth! Oplev stemningsfuldt, intelligent lys med Philips Hue white and color ambiance starts\u00e6ttet. Med de medf\u00f8lgende LED-lyskilder kan du v\u00e6lge blandt mere end 16 millioner farver og over 50.000 nuancer af hvidt lys \u2013 fra energifyldt, k\u00f8ligt morgenlys til afslappende, [&hellip;]<\/p>\n","protected":false},"featured_media":999980000004472210,"template":"","meta":[],"store":[1272516],"product_brand":[1272523],"product_cat":[1272422],"product_tag":[1272767],"class_list":{"0":"post-447221","1":"product","2":"type-product","3":"status-publish","4":"has-post-thumbnail","6":"store-butik24","7":"product_brand-philips-hue","8":"product_cat-philips-hue","9":"product_tag-philips-hue","10":"pa_maerke-philips-hue","12":"first","13":"instock","14":"product-type-external"},"_links":{"self":[{"href":"https:\/\/www.pricetornado.com\/da\/wp-json\/wp\/v2\/product\/447221","targetHints":{"allow":["GET"]}}],"collection":[{"href":"https:\/\/www.pricetornado.com\/da\/wp-json\/wp\/v2\/product"}],"about":[{"href":"https:\/\/www.pricetornado.com\/da\/wp-json\/wp\/v2\/types\/product"}],"wp:featuredmedia":[{"embeddable":true,"href":"https:\/\/www.pricetornado.com\/da\/wp-json\/"}],"wp:attachment":[{"href":"https:\/\/www.pricetornado.com\/da\/wp-json\/wp\/v2\/media?parent=447221"}],"wp:term":[{"taxonomy":"store","embeddable":true,"href":"https:\/\/www.pricetornado.com\/da\/wp-json\/wp\/v2\/store?post=447221"},{"taxonomy":"product_brand","embeddable":true,"href":"https:\/\/www.pricetornado.com\/da\/wp-json\/wp\/v2\/product_brand?post=447221"},{"taxonomy":"product_cat","embeddable":true,"href":"https:\/\/www.pricetornado.com\/da\/wp-json\/wp\/v2\/product_cat?post=447221"},{"taxonomy":"product_tag","embeddable":true,"href":"https:\/\/www.pricetornado.com\/da\/wp-json\/wp\/v2\/product_tag?post=447221"}],"curies":[{"name":"wp","href":"https:\/\/api.w.org\/{rel}","templated":true}]}}