{"id":447217,"date":"2025-02-21T21:48:12","date_gmt":"2025-02-21T20:48:12","guid":{"rendered":"https:\/\/www.pricetornado.com\/da\/produkt\/nedis-stoeversuger-med-pose-700w-vcbg250gy\/"},"modified":"2026-04-17T09:00:09","modified_gmt":"2026-04-17T07:00:09","slug":"nedis-stoeversuger-med-pose-700w-vcbg250gy","status":"publish","type":"product","link":"https:\/\/www.pricetornado.com\/da\/produkt\/nedis-stoeversuger-med-pose-700w-vcbg250gy\/","title":{"rendered":"Nedis st\u00f8versuger med pose 700W &#8211; VCBG250GY"},"content":{"rendered":"<p>K\u00f8b billig Nedis st\u00f8versuger med pose 700W &#8211; VCBG250GY!<br \/>\nNedis st\u00f8vsuger med mikrofiberpose er en kompakt og let model, der passer perfekt til det moderne hjem. Den kraftfulde 700 watt \u00f8ko-motor leverer effektiv sugekraft og arbejder st\u00f8jsvagt med et lydniveau p\u00e5 under 72 dB, hvilket g\u00f8r den mere behagelig i brug end mange traditionelle modeller.St\u00f8vsugeren er udstyret med et vaskbart HEPA 13-filter, som fjerner hele 99,95 % af st\u00f8vpartikler og allergener fra luften. Dette bidrager til et sundere indeklima under reng\u00f8ringen.Den rummelige mikrofiberpose har en kapacitet p\u00e5 3 liter og er lavet af genanvendeligt fibermateriale, hvilket g\u00f8r affaldsh\u00e5ndteringen nem og milj\u00f8venlig.Med et 6,5 meter str\u00f8mkabel f\u00e5r du en aktionsradius p\u00e5 hele 9 meter, s\u00e5 du kan reng\u00f8re st\u00f8rre omr\u00e5der uden at skifte stikkontakt. St\u00f8vsugeren har ergonomisk h\u00e5ndtag og justerbart teleskopr\u00f8r, s\u00e5 du kan tilpasse den til din arbejdsstilling for optimal komfort.Kombi-gulvmundstykke, ideelt til b\u00e5de h\u00e5rde gulve og t\u00e6pper.Specielt mundstykke til h\u00e5rde og glatte gulve som tr\u00e6, laminat, parket, kork, fliser, sten, gulvbr\u00e6dder og vinyl.Praktisk 2-i-1 spaltemundstykke til smalle og sv\u00e6rt tilg\u00e6ngelige omr\u00e5der.Bl\u00f8d afst\u00f8vningsb\u00f8rste velegnet til gardiner, persienner og lampesk\u00e6rme.Du kan nemt styre sugestyrken via en kontrolknap p\u00e5 st\u00f8vsugeren og justere luftstr\u00f8mmen direkte p\u00e5 h\u00e5ndtaget. St\u00f8vsugeren har desuden parkeringsfunktion, automatisk tilbagetr\u00e6kning af ledningen samt indikator for fuld st\u00f8vpose \u2013 alt sammen for at g\u00f8re reng\u00f8ringen s\u00e5 enkel som muligt.F\u00e5 en st\u00f8jsvag, effektiv og brugervenlig st\u00f8vsuger til dit hjem med Nedis. Se det fulde udvalg af for flere l\u00f8sninger, der passer til dine behov.<\/p>\n<p>Sammenlign priser p\u00e5 Nedis st\u00f8versuger med pose 700W &#8211; VCBG250GY og k\u00f8b online til den billigste pris, samt p\u00e5 tilbud!\u00a0\u00a0Tjek den bedste pris, produkt beskrivelse, video, test, anmeldelser osv.<\/p>\n<p><strong>Brand: <\/strong>Nedis<br \/>\n<strong>EAN: <\/strong>5412810455621<br \/>\n<strong>Producentens varenr.:<\/strong> 5412810455621<\/p>\n<p><strong>P.S.<\/strong><br \/>\nTilmeld dig til &#8220;Opret Gratis Prisfald Alarm&#8221;, og bliv underrettet med det samme om prisfald p\u00e5 Nedis st\u00f8versuger med pose 700W &#8211; VCBG250GY, og f\u00e5 den billigste pris!<\/p>\n<p>&nbsp;<\/p>\n<p>&nbsp;<\/p>\n","protected":false},"excerpt":{"rendered":"<p>K\u00f8b billig Nedis st\u00f8versuger med pose 700W &#8211; VCBG250GY! Nedis st\u00f8vsuger med mikrofiberpose er en kompakt og let model, der passer perfekt til det moderne hjem. Den kraftfulde 700 watt \u00f8ko-motor leverer effektiv sugekraft og arbejder st\u00f8jsvagt med et lydniveau p\u00e5 under 72 dB, hvilket g\u00f8r den mere behagelig i brug end mange traditionelle modeller.St\u00f8vsugeren [&hellip;]<\/p>\n","protected":false},"featured_media":999980000004472170,"template":"","meta":[],"store":[1272516],"product_brand":[1272517],"product_cat":[1272411],"product_tag":[1275178,1272720],"class_list":{"0":"post-447217","1":"product","2":"type-product","3":"status-publish","4":"has-post-thumbnail","6":"store-butik24","7":"product_brand-nedis","8":"product_cat-stoevsugere","9":"product_tag-nedis","10":"product_tag-stoevsugere","11":"pa_maerke-nedis","13":"first","14":"instock","15":"product-type-external"},"_links":{"self":[{"href":"https:\/\/www.pricetornado.com\/da\/wp-json\/wp\/v2\/product\/447217","targetHints":{"allow":["GET"]}}],"collection":[{"href":"https:\/\/www.pricetornado.com\/da\/wp-json\/wp\/v2\/product"}],"about":[{"href":"https:\/\/www.pricetornado.com\/da\/wp-json\/wp\/v2\/types\/product"}],"wp:featuredmedia":[{"embeddable":true,"href":"https:\/\/www.pricetornado.com\/da\/wp-json\/"}],"wp:attachment":[{"href":"https:\/\/www.pricetornado.com\/da\/wp-json\/wp\/v2\/media?parent=447217"}],"wp:term":[{"taxonomy":"store","embeddable":true,"href":"https:\/\/www.pricetornado.com\/da\/wp-json\/wp\/v2\/store?post=447217"},{"taxonomy":"product_brand","embeddable":true,"href":"https:\/\/www.pricetornado.com\/da\/wp-json\/wp\/v2\/product_brand?post=447217"},{"taxonomy":"product_cat","embeddable":true,"href":"https:\/\/www.pricetornado.com\/da\/wp-json\/wp\/v2\/product_cat?post=447217"},{"taxonomy":"product_tag","embeddable":true,"href":"https:\/\/www.pricetornado.com\/da\/wp-json\/wp\/v2\/product_tag?post=447217"}],"curies":[{"name":"wp","href":"https:\/\/api.w.org\/{rel}","templated":true}]}}