{"id":447211,"date":"2025-02-26T07:36:50","date_gmt":"2025-02-26T06:36:50","guid":{"rendered":"https:\/\/www.pricetornado.com\/da\/produkt\/philips-lr20i10c-10-industrial-d-batteri-10-stk\/"},"modified":"2026-04-17T07:40:48","modified_gmt":"2026-04-17T05:40:48","slug":"philips-lr20i10c-10-industrial-d-batteri-10-stk","status":"publish","type":"product","link":"https:\/\/www.pricetornado.com\/da\/produkt\/philips-lr20i10c-10-industrial-d-batteri-10-stk\/","title":{"rendered":"Philips LR20I10C\/10 Industrial D Batteri 10-stk"},"content":{"rendered":"<p>K\u00f8b billig Philips LR20I10C\/10 Industrial D Batteri 10-stk!<br \/>\nPhilips Industrial D-batterier er et ideelt valg for professionelle, der kr\u00e6ver p\u00e5lidelige og h\u00f8jtydende str\u00f8mforsyninger til kr\u00e6vende udstyr. Disse batterier er betydeligt kraftigere og holder op til fem gange l\u00e6ngere end almindelige batterier, hvilket g\u00f8r dem perfekte til sendere, modtagere, mobilt udstyr, lommelygter og andet energikr\u00e6vende industrielt udstyr.Philips Industrial D-batterier har en bem\u00e6rkelsesv\u00e6rdig lang holdbarhed og kan opbevares i op til 10 \u00e5r uden at miste effektivitet. Med en stabil sp\u00e6nding p\u00e5 1,5V sikrer de ensartet og p\u00e5lidelig ydelse, selv i udstyr med h\u00f8jt str\u00f8mforbrug.Disse batterier er fremstillet uden skadelige tungmetaller som cadmium, kviks\u00f8lv eller bly og lever op til h\u00f8je sikkerheds- og milj\u00f8krav. Den alkaliske kemi beskytter b\u00e5de brugeren og milj\u00f8et og g\u00f8r dem sikre til h\u00e5ndtering og brug.Philips Industrial D-batterier er fremstillet med standarddimensioner, som passer til en bred vifte af enheder og er kompatible med apparater, der bruger D, LR20, AM1 og MN1300 batterityper. Dette g\u00f8r dem alsidige b\u00e5de til professionelt og privat brug.V\u00e6lg Philips Industrial D-batterier for en kraftfuld, milj\u00f8venlig og langtidsholdbar str\u00f8mkilde til dine professionelle apparater. Se flere produkter fra i vores sortiment.<\/p>\n<p>Sammenlign priser p\u00e5 Philips LR20I10C\/10 Industrial D Batteri 10-stk og k\u00f8b online til den billigste pris, samt p\u00e5 tilbud!\u00a0\u00a0Tjek den bedste pris, produkt beskrivelse, video, test, anmeldelser osv.<\/p>\n<p><strong>Brand: <\/strong>Philips<br \/>\n<strong>EAN: <\/strong>6959033840241<br \/>\n<strong>Producentens varenr.:<\/strong> 6959033840241<\/p>\n<p><strong>P.S.<\/strong><br \/>\nTilmeld dig til &#8220;Opret Gratis Prisfald Alarm&#8221;, og bliv underrettet med det samme om prisfald p\u00e5 Philips LR20I10C\/10 Industrial D Batteri 10-stk, og f\u00e5 den billigste pris!<\/p>\n<p>&nbsp;<\/p>\n<p>&nbsp;<\/p>\n","protected":false},"excerpt":{"rendered":"<p>K\u00f8b billig Philips LR20I10C\/10 Industrial D Batteri 10-stk! Philips Industrial D-batterier er et ideelt valg for professionelle, der kr\u00e6ver p\u00e5lidelige og h\u00f8jtydende str\u00f8mforsyninger til kr\u00e6vende udstyr. Disse batterier er betydeligt kraftigere og holder op til fem gange l\u00e6ngere end almindelige batterier, hvilket g\u00f8r dem perfekte til sendere, modtagere, mobilt udstyr, lommelygter og andet energikr\u00e6vende industrielt [&hellip;]<\/p>\n","protected":false},"featured_media":999980000004472110,"template":"","meta":[],"store":[1272516],"product_brand":[1272519],"product_cat":[1272435],"product_tag":[1272701,1275180],"class_list":{"0":"post-447211","1":"product","2":"type-product","3":"status-publish","4":"has-post-thumbnail","6":"store-butik24","7":"product_brand-philips","8":"product_cat-batteri","9":"product_tag-batteri","10":"product_tag-philips","11":"pa_maerke-philips","13":"first","14":"instock","15":"product-type-external"},"_links":{"self":[{"href":"https:\/\/www.pricetornado.com\/da\/wp-json\/wp\/v2\/product\/447211","targetHints":{"allow":["GET"]}}],"collection":[{"href":"https:\/\/www.pricetornado.com\/da\/wp-json\/wp\/v2\/product"}],"about":[{"href":"https:\/\/www.pricetornado.com\/da\/wp-json\/wp\/v2\/types\/product"}],"wp:featuredmedia":[{"embeddable":true,"href":"https:\/\/www.pricetornado.com\/da\/wp-json\/"}],"wp:attachment":[{"href":"https:\/\/www.pricetornado.com\/da\/wp-json\/wp\/v2\/media?parent=447211"}],"wp:term":[{"taxonomy":"store","embeddable":true,"href":"https:\/\/www.pricetornado.com\/da\/wp-json\/wp\/v2\/store?post=447211"},{"taxonomy":"product_brand","embeddable":true,"href":"https:\/\/www.pricetornado.com\/da\/wp-json\/wp\/v2\/product_brand?post=447211"},{"taxonomy":"product_cat","embeddable":true,"href":"https:\/\/www.pricetornado.com\/da\/wp-json\/wp\/v2\/product_cat?post=447211"},{"taxonomy":"product_tag","embeddable":true,"href":"https:\/\/www.pricetornado.com\/da\/wp-json\/wp\/v2\/product_tag?post=447211"}],"curies":[{"name":"wp","href":"https:\/\/api.w.org\/{rel}","templated":true}]}}