{"id":447208,"date":"2025-02-27T16:33:52","date_gmt":"2025-02-27T15:33:52","guid":{"rendered":"https:\/\/www.pricetornado.com\/da\/produkt\/melissa-varmepude-30x40-cm-med-3-varmeindstillinger-sort\/"},"modified":"2026-04-18T06:40:33","modified_gmt":"2026-04-18T04:40:33","slug":"melissa-varmepude-30x40-cm-med-3-varmeindstillinger-sort","status":"publish","type":"product","link":"https:\/\/www.pricetornado.com\/da\/produkt\/melissa-varmepude-30x40-cm-med-3-varmeindstillinger-sort\/","title":{"rendered":"Melissa Varmepude 30&#215;40 Cm med 3 varmeindstillinger &#8211; Sort"},"content":{"rendered":"<p>K\u00f8b billig Melissa Varmepude 30&#215;40 Cm med 3 varmeindstillinger &#8211; Sort!<br \/>\nOplev ultimativ afslapning og behagelig varme med Melissa varmepude 30&#215;40 cm. Den superbl\u00f8de fleece-varmepude er ideel til kolde dage, eller n\u00e5r du har brug for lindring af muskel- og ledsmerter. Den kompakte st\u00f8rrelse g\u00f8r den perfekt til brug p\u00e5 ryg, nakke, skuldre eller ben \u2013 b\u00e5de hjemme og p\u00e5 farten.Juster nemt temperaturen efter dine behov med tre varmeindstillinger p\u00e5 45\u00b0C, 55\u00b0C og 65\u00b0C. Den indbyggede LED-indikator sikrer, at du tydeligt kan se, hvilken varmeindstilling du har valgt, s\u00e5 du altid f\u00e5r den optimale m\u00e6ngde varme.Varmepuden er fremstillet af bl\u00f8dt fleece, som f\u00f8les behageligt mod huden. Den aftagelige controller g\u00f8r det muligt at maskinvaske varmepuden ved 30\u00b0C, s\u00e5 du kan opretholde god hygiejne og friskhed efter behov.Melissa varmepuden er udstyret med et avanceret PTC + NTC varmesystem, der sikrer hurtig og j\u00e6vn opvarmning. Med indbygget overophedningsbeskyttelse og automatisk slukning efter 1,5 time beh\u00f8ver du ikke bekymre dig om sikkerheden \u2013 puden slukker selv og giver dig ekstra tryghed under brug.V\u00e6lg Melissa varmepude, og nyd en sikker og fleksibel l\u00f8sning til afslapning, varme og effektiv lindring af sp\u00e6ndinger, n\u00e5r du har brug for det.<\/p>\n<p>Sammenlign priser p\u00e5 Melissa Varmepude 30&#215;40 Cm med 3 varmeindstillinger &#8211; Sort og k\u00f8b online til den billigste pris, samt p\u00e5 tilbud!\u00a0\u00a0Tjek den bedste pris, produkt beskrivelse, video, test, anmeldelser osv.<\/p>\n<p><strong>Brand: <\/strong>Melissa<br \/>\n<strong>EAN: <\/strong>8711902085522<br \/>\n<strong>Producentens varenr.:<\/strong> 8711902085522<\/p>\n<p><strong>P.S.<\/strong><br \/>\nTilmeld dig til &#8220;Opret Gratis Prisfald Alarm&#8221;, og bliv underrettet med det samme om prisfald p\u00e5 Melissa Varmepude 30&#215;40 Cm med 3 varmeindstillinger &#8211; Sort, og f\u00e5 den billigste pris!<\/p>\n<p>&nbsp;<\/p>\n<p>&nbsp;<\/p>\n","protected":false},"excerpt":{"rendered":"<p>K\u00f8b billig Melissa Varmepude 30&#215;40 Cm med 3 varmeindstillinger &#8211; Sort! Oplev ultimativ afslapning og behagelig varme med Melissa varmepude 30&#215;40 cm. Den superbl\u00f8de fleece-varmepude er ideel til kolde dage, eller n\u00e5r du har brug for lindring af muskel- og ledsmerter. Den kompakte st\u00f8rrelse g\u00f8r den perfekt til brug p\u00e5 ryg, nakke, skuldre eller ben [&hellip;]<\/p>\n","protected":false},"featured_media":999980000004472080,"template":"","meta":[],"store":[1272516],"product_brand":[1272531],"product_cat":[1272412],"product_tag":[1275189,1272807],"class_list":{"0":"post-447208","1":"product","2":"type-product","3":"status-publish","4":"has-post-thumbnail","6":"store-butik24","7":"product_brand-melissa","8":"product_cat-sundhed-og-velvaere","9":"product_tag-melissa","10":"product_tag-sundhed-og-velvaere","11":"pa_maerke-melissa","13":"first","14":"instock","15":"product-type-external"},"_links":{"self":[{"href":"https:\/\/www.pricetornado.com\/da\/wp-json\/wp\/v2\/product\/447208","targetHints":{"allow":["GET"]}}],"collection":[{"href":"https:\/\/www.pricetornado.com\/da\/wp-json\/wp\/v2\/product"}],"about":[{"href":"https:\/\/www.pricetornado.com\/da\/wp-json\/wp\/v2\/types\/product"}],"wp:featuredmedia":[{"embeddable":true,"href":"https:\/\/www.pricetornado.com\/da\/wp-json\/"}],"wp:attachment":[{"href":"https:\/\/www.pricetornado.com\/da\/wp-json\/wp\/v2\/media?parent=447208"}],"wp:term":[{"taxonomy":"store","embeddable":true,"href":"https:\/\/www.pricetornado.com\/da\/wp-json\/wp\/v2\/store?post=447208"},{"taxonomy":"product_brand","embeddable":true,"href":"https:\/\/www.pricetornado.com\/da\/wp-json\/wp\/v2\/product_brand?post=447208"},{"taxonomy":"product_cat","embeddable":true,"href":"https:\/\/www.pricetornado.com\/da\/wp-json\/wp\/v2\/product_cat?post=447208"},{"taxonomy":"product_tag","embeddable":true,"href":"https:\/\/www.pricetornado.com\/da\/wp-json\/wp\/v2\/product_tag?post=447208"}],"curies":[{"name":"wp","href":"https:\/\/api.w.org\/{rel}","templated":true}]}}