{"id":447197,"date":"2025-02-23T20:13:13","date_gmt":"2025-02-23T19:13:13","guid":{"rendered":"https:\/\/www.pricetornado.com\/da\/produkt\/philips-hue-white-ambiance-filament-e27-paere-a60\/"},"modified":"2026-04-21T11:10:10","modified_gmt":"2026-04-21T09:10:10","slug":"philips-hue-white-ambiance-filament-e27-paere-a60","status":"publish","type":"product","link":"https:\/\/www.pricetornado.com\/da\/produkt\/philips-hue-white-ambiance-filament-e27-paere-a60\/","title":{"rendered":"Philips Hue White Ambiance Filament E27 p\u00e6re A60"},"content":{"rendered":"<p>K\u00f8b billig Philips Hue White Ambiance Filament E27 p\u00e6re A60!<br \/>\nPhilips Hue White Ambiance Filament E27 A60 forener klassisk vintage-design med moderne LED-teknologi for holdbarhed og energieffektivitet. Det snoede indvendige filament skaber et dekorativt, varmt udseende, mens den E27-fatning passer til de fleste standardsokler og lamper i hjemmet. Styr nemt din belysning med Hue appen, hvor du kan t\u00e6nde og slukke, d\u00e6mpe lyset og tilpasse farvetemperaturen trinl\u00f8st fra varmt til k\u00f8ligt hvidt (2200-4500K). Du kan ogs\u00e5 bruge stemmestyring via Amazon Alexa og Google Assistant samt integrere p\u00e6ren i dit smart home med Bluetooth eller Zigbee, hvilket g\u00f8r ops\u00e6tningen hurtig og fleksibel. Forbruger kun 7 watt, tilsvarende en traditionel 40 watt gl\u00f8dep\u00e6re for effektiv energibesparelse.Op til 15.000 timers levetid minimerer behovet for udskiftning.\u00d8jeblikkelig 100% lysstyrke fra start \u2013 ingen opvarmning n\u00f8dvendig.P\u00e5lidelig drift i temperaturer fra -20\u00b0C til 45\u00b0C samt luftfugtighed mellem 5% og 95% (ikke-kondenserende).Milj\u00f8venlig udskiftning og bortskaffelse anbefales ved afslutning af levetid. setup. Opret rutiner, timere og brug intelligent tilbeh\u00f8r, s\u00e5 belysningen altid matcher dine behov og hverdagssituationer. F\u00e5 \u00e6gte vintage-stemning, komfort og intelligent styring med Philips Hue White Ambiance Filament E27 A60 og tilpas lyset fuldst\u00e6ndigt, som du \u00f8nsker det.<\/p>\n<p>Sammenlign priser p\u00e5 Philips Hue White Ambiance Filament E27 p\u00e6re A60 og k\u00f8b online til den billigste pris, samt p\u00e5 tilbud!\u00a0\u00a0Tjek den bedste pris, produkt beskrivelse, video, test, anmeldelser osv.<\/p>\n<p><strong>Brand: <\/strong>Philips Hue<br \/>\n<strong>EAN: <\/strong>8719514301429<br \/>\n<strong>Producentens varenr.:<\/strong> 8719514301429<\/p>\n<p><strong>P.S.<\/strong><br \/>\nTilmeld dig til &#8220;Opret Gratis Prisfald Alarm&#8221;, og bliv underrettet med det samme om prisfald p\u00e5 Philips Hue White Ambiance Filament E27 p\u00e6re A60, og f\u00e5 den billigste pris!<\/p>\n<p>&nbsp;<\/p>\n<p>&nbsp;<\/p>\n","protected":false},"excerpt":{"rendered":"<p>K\u00f8b billig Philips Hue White Ambiance Filament E27 p\u00e6re A60! Philips Hue White Ambiance Filament E27 A60 forener klassisk vintage-design med moderne LED-teknologi for holdbarhed og energieffektivitet. Det snoede indvendige filament skaber et dekorativt, varmt udseende, mens den E27-fatning passer til de fleste standardsokler og lamper i hjemmet. Styr nemt din belysning med Hue appen, [&hellip;]<\/p>\n","protected":false},"featured_media":999980000004471970,"template":"","meta":[],"store":[1272516],"product_brand":[1272523],"product_cat":[1272407],"product_tag":[1272697,1272767],"class_list":{"0":"post-447197","1":"product","2":"type-product","3":"status-publish","4":"has-post-thumbnail","6":"store-butik24","7":"product_brand-philips-hue","8":"product_cat-belysning-2","9":"product_tag-belysning","10":"product_tag-philips-hue","11":"pa_maerke-philips-hue","13":"first","14":"instock","15":"product-type-external"},"_links":{"self":[{"href":"https:\/\/www.pricetornado.com\/da\/wp-json\/wp\/v2\/product\/447197","targetHints":{"allow":["GET"]}}],"collection":[{"href":"https:\/\/www.pricetornado.com\/da\/wp-json\/wp\/v2\/product"}],"about":[{"href":"https:\/\/www.pricetornado.com\/da\/wp-json\/wp\/v2\/types\/product"}],"wp:featuredmedia":[{"embeddable":true,"href":"https:\/\/www.pricetornado.com\/da\/wp-json\/"}],"wp:attachment":[{"href":"https:\/\/www.pricetornado.com\/da\/wp-json\/wp\/v2\/media?parent=447197"}],"wp:term":[{"taxonomy":"store","embeddable":true,"href":"https:\/\/www.pricetornado.com\/da\/wp-json\/wp\/v2\/store?post=447197"},{"taxonomy":"product_brand","embeddable":true,"href":"https:\/\/www.pricetornado.com\/da\/wp-json\/wp\/v2\/product_brand?post=447197"},{"taxonomy":"product_cat","embeddable":true,"href":"https:\/\/www.pricetornado.com\/da\/wp-json\/wp\/v2\/product_cat?post=447197"},{"taxonomy":"product_tag","embeddable":true,"href":"https:\/\/www.pricetornado.com\/da\/wp-json\/wp\/v2\/product_tag?post=447197"}],"curies":[{"name":"wp","href":"https:\/\/api.w.org\/{rel}","templated":true}]}}