{"id":447196,"date":"2025-02-23T20:08:32","date_gmt":"2025-02-23T19:08:32","guid":{"rendered":"https:\/\/www.pricetornado.com\/da\/produkt\/nedis-smartlife-puls-oximeter-bluetooth-oled-display-auditiv-alarm-iltmaetning-spo2-interferens-mod-bevaegelser-perfusionsindeks-pulsfrekvens-sensor-med-hoej-praecision-hvid\/"},"modified":"2026-04-21T02:40:14","modified_gmt":"2026-04-21T00:40:14","slug":"nedis-smartlife-puls-oximeter-bluetooth-oled-display-auditiv-alarm-iltmaetning-spo2-interferens-mod-bevaegelser-perfusionsindeks-pulsfrekvens-sensor-med-hoej-praecision-hvid","status":"publish","type":"product","link":"https:\/\/www.pricetornado.com\/da\/produkt\/nedis-smartlife-puls-oximeter-bluetooth-oled-display-auditiv-alarm-iltmaetning-spo2-interferens-mod-bevaegelser-perfusionsindeks-pulsfrekvens-sensor-med-hoej-praecision-hvid\/","title":{"rendered":"NEDIS SmartLife Puls Oximeter | Bluetooth | OLED Display | Auditiv alarm \/ Iltm\u00e6tning (SpO2) \/ Interferens mod bev\u00e6gelser \/ Perfusionsindeks \/ Pulsfrekvens \/ Sensor med h\u00f8j pr\u00e6cision | Hvid"},"content":{"rendered":"<p>K\u00f8b billig NEDIS SmartLife Puls Oximeter | Bluetooth | OLED Display | Auditiv alarm \/ Iltm\u00e6tning (SpO2) \/ Interferens mod bev\u00e6gelser \/ Perfusionsindeks \/ Pulsfrekvens \/ Sensor med h\u00f8j pr\u00e6cision | Hvid!<br \/>\nNedis SmartLife pulsoximeter er en kompakt, brugervenlig enhed, der m\u00e5ler ilt i blodet (SpO2), pulsfrekvens (PR) og pulsstyrke \u2013 ogs\u00e5 kendt som perfusionsindeks (PI). Enheden benytter en h\u00f8jteknologisk sensor med h\u00f8j pr\u00e6cision, der sikrer n\u00f8jagtige og p\u00e5lidelige m\u00e5linger. Den er ideel til alle, der \u00f8nsker at f\u00f8lge deres helbred t\u00e6t \u2013 fra sportsud\u00f8vere og \u00e6ldre til personer med lunge-, astma- eller hjerteproblemer. Ogs\u00e5 for dem, der \u00f8nsker at overv\u00e5ge v\u00e6rdier ved for eksempel rygestop, er apparatet et effektivt redskab.Med et enkelt tryk foretages en komplet m\u00e5ling p\u00e5 kun 8 sekunder, og den avancerede anti-bev\u00e6gelsesteknologi reducerer fejl under aktivitet. Enheden giver auditiv alarm, hvis iltindholdet i blodet bliver for lavt, eller hvis pulsfrekvensen afviger fra normale niveauer \u2013 hvilket g\u00f8r hjemmeoverv\u00e5gning b\u00e5de let og sikker.Det tydelige HD OLED-display viser alle m\u00e5linger og batteristatus klart og kan roteres for optimal afl\u00e6sning. Pulsoximeteret kan forbindes til Nedis SmartLife appen via Bluetooth, s\u00e5 dine data automatisk gemmes. Du kan dermed nemt spore dine m\u00e5linger over tid, sammenligne resultater i familien og f\u00f8lge udviklingen i dit helbred.F\u00e5 en smart og driftssikker l\u00f8sning til hjemmeoverv\u00e5gning med Nedis SmartLife pulsoximeter. Hold l\u00f8bende \u00f8je med dine vitale v\u00e6rdier, og reager hurtigt ved forandringer. Se hele vores udvalg af produkter i webshoppen.<\/p>\n<p>Sammenlign priser p\u00e5 NEDIS SmartLife Puls Oximeter | Bluetooth | OLED Display | Auditiv alarm \/ Iltm\u00e6tning (SpO2) \/ Interferens mod bev\u00e6gelser \/ Perfusionsindeks \/ Pulsfrekvens \/ Sensor med h\u00f8j pr\u00e6cision | Hvid og k\u00f8b online til den billigste pris, samt p\u00e5 tilbud!\u00a0\u00a0Tjek den bedste pris, produkt beskrivelse, video, test, anmeldelser osv.<\/p>\n<p><strong>Brand: <\/strong>NEDIS<br \/>\n<strong>EAN: <\/strong>5412810418381<br \/>\n<strong>Producentens varenr.:<\/strong> 5412810418381<\/p>\n<p><strong>P.S.<\/strong><br \/>\nTilmeld dig til &#8220;Opret Gratis Prisfald Alarm&#8221;, og bliv underrettet med det samme om prisfald p\u00e5 NEDIS SmartLife Puls Oximeter | Bluetooth | OLED Display | Auditiv alarm \/ Iltm\u00e6tning (SpO2) \/ Interferens mod bev\u00e6gelser \/ Perfusionsindeks \/ Pulsfrekvens \/ Sensor med h\u00f8j pr\u00e6cision | Hvid, og f\u00e5 den billigste pris!<\/p>\n<p>&nbsp;<\/p>\n<p>&nbsp;<\/p>\n","protected":false},"excerpt":{"rendered":"<p>K\u00f8b billig NEDIS SmartLife Puls Oximeter | Bluetooth | OLED Display | Auditiv alarm \/ Iltm\u00e6tning (SpO2) \/ Interferens mod bev\u00e6gelser \/ Perfusionsindeks \/ Pulsfrekvens \/ Sensor med h\u00f8j pr\u00e6cision | Hvid! Nedis SmartLife pulsoximeter er en kompakt, brugervenlig enhed, der m\u00e5ler ilt i blodet (SpO2), pulsfrekvens (PR) og pulsstyrke \u2013 ogs\u00e5 kendt som perfusionsindeks [&hellip;]<\/p>\n","protected":false},"featured_media":999980000004471960,"template":"","meta":[],"store":[1272516],"product_brand":[1272517],"product_cat":[1272462],"product_tag":[1275178,1272692],"class_list":{"0":"post-447196","1":"product","2":"type-product","3":"status-publish","4":"has-post-thumbnail","6":"store-butik24","7":"product_brand-nedis","8":"product_cat-smart-home","9":"product_tag-nedis","10":"product_tag-smart-home","11":"pa_maerke-nedis","13":"first","14":"instock","15":"product-type-external"},"_links":{"self":[{"href":"https:\/\/www.pricetornado.com\/da\/wp-json\/wp\/v2\/product\/447196","targetHints":{"allow":["GET"]}}],"collection":[{"href":"https:\/\/www.pricetornado.com\/da\/wp-json\/wp\/v2\/product"}],"about":[{"href":"https:\/\/www.pricetornado.com\/da\/wp-json\/wp\/v2\/types\/product"}],"wp:featuredmedia":[{"embeddable":true,"href":"https:\/\/www.pricetornado.com\/da\/wp-json\/"}],"wp:attachment":[{"href":"https:\/\/www.pricetornado.com\/da\/wp-json\/wp\/v2\/media?parent=447196"}],"wp:term":[{"taxonomy":"store","embeddable":true,"href":"https:\/\/www.pricetornado.com\/da\/wp-json\/wp\/v2\/store?post=447196"},{"taxonomy":"product_brand","embeddable":true,"href":"https:\/\/www.pricetornado.com\/da\/wp-json\/wp\/v2\/product_brand?post=447196"},{"taxonomy":"product_cat","embeddable":true,"href":"https:\/\/www.pricetornado.com\/da\/wp-json\/wp\/v2\/product_cat?post=447196"},{"taxonomy":"product_tag","embeddable":true,"href":"https:\/\/www.pricetornado.com\/da\/wp-json\/wp\/v2\/product_tag?post=447196"}],"curies":[{"name":"wp","href":"https:\/\/api.w.org\/{rel}","templated":true}]}}