{"id":447193,"date":"2025-02-22T09:27:02","date_gmt":"2025-02-22T08:27:02","guid":{"rendered":"https:\/\/www.pricetornado.com\/da\/produkt\/philips-hue-white-color-ambiance-startsaet-gu10-3-lyskilder-1-bridge-bluetooth\/"},"modified":"2026-04-20T09:30:28","modified_gmt":"2026-04-20T07:30:28","slug":"philips-hue-white-color-ambiance-startsaet-gu10-3-lyskilder-1-bridge-bluetooth","status":"publish","type":"product","link":"https:\/\/www.pricetornado.com\/da\/produkt\/philips-hue-white-color-ambiance-startsaet-gu10-3-lyskilder-1-bridge-bluetooth\/","title":{"rendered":"Philips Hue white color ambiance starts\u00e6t GU10, 3 lyskilder, 1 bridge, bluetooth"},"content":{"rendered":"<p>K\u00f8b billig Philips Hue white color ambiance starts\u00e6t GU10, 3 lyskilder, 1 bridge, bluetooth!<br \/>\nOplev fremtidens belysning med Philips Hue starterkit, der inkluderer tre intelligente GU10 LED-p\u00e6rer og en Hue Bridge. Dette starts\u00e6t giver dig fuld kontrol over lyset \u2013 fra varmt til k\u00f8ligt hvidt samt mere end 16 millioner farver, og kan betjenes via app, Bluetooth eller stemmekommandoer. Brug systemet til at tilpasse belysningen i alle hjemmets rum, skabe pr\u00e6cis den stemning du \u00f8nsker, eller automatisere lysningen efter dine behov.Med Philips Hue f\u00e5r du h\u00e5ndfri betjening af dine lyskilder. Styr lyset med din stemme gennem Google Assistant eller Amazon Alexa, eller brug den intuitive Philips Hue app til at tilpasse styrke, farve og varme. Flere forudindstillede belysningsscener som Energize, Concentrate, Read og Relax g\u00f8r det let at f\u00e5 det ideelle lys til dine daglige aktiviteter.Farvel\u00e6g dit hjem med over 16 millioner farver og justerligt hvidt lys (2000K-6500K). Skab unikke stemninger til fester, filmoplevelser eller hyggelige aftener. Med Hue Sync-appen synkroniserer du lyset med film, spil og musik og f\u00e5r en helt ny dimension til din underholdning. Brug dine egne billeder til at genskabe s\u00e6rlige \u00f8jeblikke i belysningen, og leg med scener og farver for hver \u00e5rstid og anledning.De medf\u00f8lgende GU10-p\u00e6rer er energieffektive med et forbrug p\u00e5 kun 4,7 W (svarende til 60 W gl\u00f8dep\u00e6re) og har lang levetid p\u00e5 op til 25.000 timer samt 50.000 t\u00e6nd\/sluk-cyklusser. P\u00e6rerne leverer ca. 450 lumen (4000 K) med \u00f8jeblikkelig 100% lysstyrke ved opstart, og de fungerer p\u00e5lideligt i temperaturer fra -20\u00b0C til 45\u00b0C og ved op til 95% luftfugtighed. D\u00e6mpning kan ske trinl\u00f8st via app eller medf\u00f8lgende dimmer switch \u2013 helt uden fysisk lysd\u00e6mper.Hue Bridge fungerer som hjernen i dit Philips Hue system. Den centraliserer styringen af op til 50 forskellige lyskilder via Zigbee og giver adgang til avancerede funktioner som automatiserede rutiner, timere og integration med \u00f8vrige smart home-platforme. Bliv l\u00f8bende opdateret med ny software og f\u00e5 adgang til forbedrede funktioner gennem Philips Hue appen.Opgrader dit hjem med Philips Hue GU10 starterkit, og oplev hvor let og sjovt det er at skabe den perfekte belysning \u2013 til hverdag, fest og afslapning. Se hele udvalget af for endnu flere muligheder.<\/p>\n<p>Sammenlign priser p\u00e5 Philips Hue white color ambiance starts\u00e6t GU10, 3 lyskilder, 1 bridge, bluetooth og k\u00f8b online til den billigste pris, samt p\u00e5 tilbud!\u00a0\u00a0Tjek den bedste pris, produkt beskrivelse, video, test, anmeldelser osv.<\/p>\n<p><strong>Brand: <\/strong>Philips Hue<br \/>\n<strong>EAN: <\/strong>8719514340107<br \/>\n<strong>Producentens varenr.:<\/strong> 8719514340107<\/p>\n<p><strong>P.S.<\/strong><br \/>\nTilmeld dig til &#8220;Opret Gratis Prisfald Alarm&#8221;, og bliv underrettet med det samme om prisfald p\u00e5 Philips Hue white color ambiance starts\u00e6t GU10, 3 lyskilder, 1 bridge, bluetooth, og f\u00e5 den billigste pris!<\/p>\n<p>&nbsp;<\/p>\n<p>&nbsp;<\/p>\n","protected":false},"excerpt":{"rendered":"<p>K\u00f8b billig Philips Hue white color ambiance starts\u00e6t GU10, 3 lyskilder, 1 bridge, bluetooth! Oplev fremtidens belysning med Philips Hue starterkit, der inkluderer tre intelligente GU10 LED-p\u00e6rer og en Hue Bridge. Dette starts\u00e6t giver dig fuld kontrol over lyset \u2013 fra varmt til k\u00f8ligt hvidt samt mere end 16 millioner farver, og kan betjenes via [&hellip;]<\/p>\n","protected":false},"featured_media":999980000004471930,"template":"","meta":[],"store":[1272516],"product_brand":[1272523],"product_cat":[1272422],"product_tag":[1272767],"class_list":{"0":"post-447193","1":"product","2":"type-product","3":"status-publish","4":"has-post-thumbnail","6":"store-butik24","7":"product_brand-philips-hue","8":"product_cat-philips-hue","9":"product_tag-philips-hue","10":"pa_maerke-philips-hue","12":"first","13":"instock","14":"product-type-external"},"_links":{"self":[{"href":"https:\/\/www.pricetornado.com\/da\/wp-json\/wp\/v2\/product\/447193","targetHints":{"allow":["GET"]}}],"collection":[{"href":"https:\/\/www.pricetornado.com\/da\/wp-json\/wp\/v2\/product"}],"about":[{"href":"https:\/\/www.pricetornado.com\/da\/wp-json\/wp\/v2\/types\/product"}],"wp:featuredmedia":[{"embeddable":true,"href":"https:\/\/www.pricetornado.com\/da\/wp-json\/"}],"wp:attachment":[{"href":"https:\/\/www.pricetornado.com\/da\/wp-json\/wp\/v2\/media?parent=447193"}],"wp:term":[{"taxonomy":"store","embeddable":true,"href":"https:\/\/www.pricetornado.com\/da\/wp-json\/wp\/v2\/store?post=447193"},{"taxonomy":"product_brand","embeddable":true,"href":"https:\/\/www.pricetornado.com\/da\/wp-json\/wp\/v2\/product_brand?post=447193"},{"taxonomy":"product_cat","embeddable":true,"href":"https:\/\/www.pricetornado.com\/da\/wp-json\/wp\/v2\/product_cat?post=447193"},{"taxonomy":"product_tag","embeddable":true,"href":"https:\/\/www.pricetornado.com\/da\/wp-json\/wp\/v2\/product_tag?post=447193"}],"curies":[{"name":"wp","href":"https:\/\/api.w.org\/{rel}","templated":true}]}}