{"id":447189,"date":"2025-02-23T04:21:13","date_gmt":"2025-02-23T03:21:13","guid":{"rendered":"https:\/\/www.pricetornado.com\/da\/produkt\/philips-led-roer-3w-300-mm-2-sokler-varm-hvid-ikke-daempbar-1-pak\/"},"modified":"2026-04-19T02:00:57","modified_gmt":"2026-04-19T00:00:57","slug":"philips-led-roer-3w-300-mm-2-sokler-varm-hvid-ikke-daempbar-1-pak","status":"publish","type":"product","link":"https:\/\/www.pricetornado.com\/da\/produkt\/philips-led-roer-3w-300-mm-2-sokler-varm-hvid-ikke-daempbar-1-pak\/","title":{"rendered":"PHILIPS LED r\u00f8r 3W 300 mm, 2 sokler varm hvid ikke d\u00e6mpbar 1 pak"},"content":{"rendered":"<p>K\u00f8b billig PHILIPS LED r\u00f8r 3W 300 mm, 2 sokler varm hvid ikke d\u00e6mpbar 1 pak!<br \/>\nPhilips LED tubular S14D giver klar og behagelig varm hvid LED-belysning med fremragende lyskvalitet, der g\u00f8r den ideel som erstatning for traditionelle lysstofr\u00f8r. Den lange levetid og p\u00e5lidelige ydeevne g\u00f8r LED-r\u00f8ret til et optimalt valg for dig, der \u00f8nsker en holdbar og energirigtig belysningsl\u00f8sning til hjemmet.Dette LED-r\u00f8r fra Philips har en ualmindelig lang levetid og sikrer m\u00e6rkbare energibesparelser takket v\u00e6re effektiv LED-teknologi. Med et str\u00f8mforbrug p\u00e5 kun 2,2 watt opretholder r\u00f8ret et lavt energiforbrug uden at g\u00e5 p\u00e5 kompromis med lyskvaliteten.Philips LED-r\u00f8ret fordeler behagelig belysning med en varm farvetemperatur og lever op til standard sikkerhedskrav, s\u00e5 du trygt kan opgradere dine nuv\u00e6rende lysstofr\u00f8r.G\u00f8r din belysning mere energieffektiv og langtidsholdbar med Philips LED r\u00f8r \u2013 et solidt, \u00f8konomisk og lystst\u00e6rkt valg til alle hjemmets rum.<\/p>\n<p>Sammenlign priser p\u00e5 PHILIPS LED r\u00f8r 3W 300 mm, 2 sokler varm hvid ikke d\u00e6mpbar 1 pak og k\u00f8b online til den billigste pris, samt p\u00e5 tilbud!\u00a0\u00a0Tjek den bedste pris, produkt beskrivelse, video, test, anmeldelser osv.<\/p>\n<p><strong>Brand: <\/strong>Philips<br \/>\n<strong>EAN: <\/strong>8719514263567<br \/>\n<strong>Producentens varenr.:<\/strong> 8719514263567<\/p>\n<p><strong>P.S.<\/strong><br \/>\nTilmeld dig til &#8220;Opret Gratis Prisfald Alarm&#8221;, og bliv underrettet med det samme om prisfald p\u00e5 PHILIPS LED r\u00f8r 3W 300 mm, 2 sokler varm hvid ikke d\u00e6mpbar 1 pak, og f\u00e5 den billigste pris!<\/p>\n<p>&nbsp;<\/p>\n<p>&nbsp;<\/p>\n","protected":false},"excerpt":{"rendered":"<p>K\u00f8b billig PHILIPS LED r\u00f8r 3W 300 mm, 2 sokler varm hvid ikke d\u00e6mpbar 1 pak! Philips LED tubular S14D giver klar og behagelig varm hvid LED-belysning med fremragende lyskvalitet, der g\u00f8r den ideel som erstatning for traditionelle lysstofr\u00f8r. Den lange levetid og p\u00e5lidelige ydeevne g\u00f8r LED-r\u00f8ret til et optimalt valg for dig, der \u00f8nsker [&hellip;]<\/p>\n","protected":false},"featured_media":999980000004471890,"template":"","meta":[],"store":[1272516],"product_brand":[1272519],"product_cat":[1272407],"product_tag":[1272697,1275180],"class_list":{"0":"post-447189","1":"product","2":"type-product","3":"status-publish","4":"has-post-thumbnail","6":"store-butik24","7":"product_brand-philips","8":"product_cat-belysning-2","9":"product_tag-belysning","10":"product_tag-philips","11":"pa_maerke-philips","13":"first","14":"instock","15":"product-type-external"},"_links":{"self":[{"href":"https:\/\/www.pricetornado.com\/da\/wp-json\/wp\/v2\/product\/447189","targetHints":{"allow":["GET"]}}],"collection":[{"href":"https:\/\/www.pricetornado.com\/da\/wp-json\/wp\/v2\/product"}],"about":[{"href":"https:\/\/www.pricetornado.com\/da\/wp-json\/wp\/v2\/types\/product"}],"wp:featuredmedia":[{"embeddable":true,"href":"https:\/\/www.pricetornado.com\/da\/wp-json\/"}],"wp:attachment":[{"href":"https:\/\/www.pricetornado.com\/da\/wp-json\/wp\/v2\/media?parent=447189"}],"wp:term":[{"taxonomy":"store","embeddable":true,"href":"https:\/\/www.pricetornado.com\/da\/wp-json\/wp\/v2\/store?post=447189"},{"taxonomy":"product_brand","embeddable":true,"href":"https:\/\/www.pricetornado.com\/da\/wp-json\/wp\/v2\/product_brand?post=447189"},{"taxonomy":"product_cat","embeddable":true,"href":"https:\/\/www.pricetornado.com\/da\/wp-json\/wp\/v2\/product_cat?post=447189"},{"taxonomy":"product_tag","embeddable":true,"href":"https:\/\/www.pricetornado.com\/da\/wp-json\/wp\/v2\/product_tag?post=447189"}],"curies":[{"name":"wp","href":"https:\/\/api.w.org\/{rel}","templated":true}]}}