{"id":447186,"date":"2025-02-26T01:34:50","date_gmt":"2025-02-26T00:34:50","guid":{"rendered":"https:\/\/www.pricetornado.com\/da\/produkt\/lenco-karaokeanlaeg-med-bluetooth-genopladeligt-batteri-traadloes-karaokemikrofon-og-disco-led-belysning-sort-btc-060bk\/"},"modified":"2026-04-01T01:24:35","modified_gmt":"2026-03-31T23:24:35","slug":"lenco-karaokeanlaeg-med-bluetooth-genopladeligt-batteri-traadloes-karaokemikrofon-og-disco-led-belysning-sort-btc-060bk","status":"publish","type":"product","link":"https:\/\/www.pricetornado.com\/da\/produkt\/lenco-karaokeanlaeg-med-bluetooth-genopladeligt-batteri-traadloes-karaokemikrofon-og-disco-led-belysning-sort-btc-060bk\/","title":{"rendered":"Lenco &#8211; Karaokeanl\u00e6g med Bluetooth\u00ae, genopladeligt batteri, tr\u00e5dl\u00f8s karaokemikrofon og disco-LED-belysning Sort &#8211; BTC-060BK"},"content":{"rendered":"<p>K\u00f8b billig Lenco &#8211; Karaokeanl\u00e6g med Bluetooth\u00ae, genopladeligt batteri, tr\u00e5dl\u00f8s karaokemikrofon og disco-LED-belysning Sort &#8211; BTC-060BK!<br \/>\nMed Lenco BTC-060BK f\u00e5r du et komplet karaokes\u00e6t udstyret med Bluetooth\u00ae 5.2, genopladeligt batteri, tr\u00e5dl\u00f8s genopladelig karaokemikrofon, disco-LED-belysning og en fjernbetjening med lydeffekter og stemmeskifter. Uanset om du elsker at synge karaoke, eller bare leder efter god lyd og underholdning, er BTC-060BK et solidt valg til b\u00e5de b\u00f8rn og voksne. Mikrofonen kan nemt opbevares i Bluetooth-h\u00f8jttaleren, og det b\u00e6rbare design med en v\u00e6gt p\u00e5 kun 1,42 kg g\u00f8r det let at tage anl\u00e6gget med dig overalt. Nyd op til 12 timers uafbrudt sjov med det indbyggede genopladelige 2400 mAh batteri. Med Lenco BTC-060BK har du altid festen i h\u00e6nderne.Stream ubesv\u00e6ret din yndlingsmusik fra enhver Bluetooth-enhed via den avancerede Bluetooth 5.2-teknologi. Du er ikke begr\u00e6nset til kun Bluetooth \u2013 afspil musik via Aux-indgangen (3,5 mm mini-jack), USB-porten eller tilslut en ekstra mikrofon gennem 6,3 mm jack-indgangen for fleksible muligheder til alle anledninger.BTC-060BK leverer en imponerende udgangseffekt p\u00e5 i alt 20 W via to indbyggede h\u00f8jttalere (15 W + 10 W), s\u00e5 alle kan h\u00f8re dine yndlingsnumre og pr\u00e6stationer tydeligt. Mikrofonen er tr\u00e5dl\u00f8s, genopladelig og udstyret med volumenkontrol for optimal brugervenlighed. Fjernbetjeningen med lydeffekter og stemmeskifter giver dig fuld kontrol over din karaokeoplevelse, s\u00e5 du nemt kan s\u00e6tte dit eget pr\u00e6g p\u00e5 festen. Foretr\u00e6kker du at synge duet, kan der tilsluttes en ekstra mikrofon til anl\u00e6gget.Med kompakte m\u00e5l p\u00e5 25 x 16,5 x 14,5 cm, praktisk b\u00e6reh\u00e5ndtag og lav v\u00e6gt kan du nemt tage karaokesystemet med til enhver lejlighed. Det indbyggede 2400 mAh batteri i h\u00f8jttaleren og 1200 mAh batteri i mikrofonen sikrer langvarig underholdning b\u00e5de hjemme og p\u00e5 farten.Lenco BTC-060BK har et praktisk LED-display \u00f8verst p\u00e5 h\u00f8jttaleren for nem navigation. De farverige disco-LED-lyseffekter f\u00f8lger musikkens rytme og tilf\u00f8jer et ekstra lag af underholdning, s\u00e5 du altid er klar til en stemningsfuld karaokeaften.Avanceret Bluetooth 5.2-teknologi<\/p>\n<p>Sammenlign priser p\u00e5 Lenco &#8211; Karaokeanl\u00e6g med Bluetooth\u00ae, genopladeligt batteri, tr\u00e5dl\u00f8s karaokemikrofon og disco-LED-belysning Sort &#8211; BTC-060BK og k\u00f8b online til den billigste pris, samt p\u00e5 tilbud!\u00a0\u00a0Tjek den bedste pris, produkt beskrivelse, video, test, anmeldelser osv.<\/p>\n<p><strong>Brand: <\/strong>Lenco<br \/>\n<strong>EAN: <\/strong>8711902081272<br \/>\n<strong>Producentens varenr.:<\/strong> 8711902081272<\/p>\n<p><strong>P.S.<\/strong><br \/>\nTilmeld dig til &#8220;Opret Gratis Prisfald Alarm&#8221;, og bliv underrettet med det samme om prisfald p\u00e5 Lenco &#8211; Karaokeanl\u00e6g med Bluetooth\u00ae, genopladeligt batteri, tr\u00e5dl\u00f8s karaokemikrofon og disco-LED-belysning Sort &#8211; BTC-060BK, og f\u00e5 den billigste pris!<\/p>\n<p>&nbsp;<\/p>\n<p>&nbsp;<\/p>\n","protected":false},"excerpt":{"rendered":"<p>K\u00f8b billig Lenco &#8211; Karaokeanl\u00e6g med Bluetooth\u00ae, genopladeligt batteri, tr\u00e5dl\u00f8s karaokemikrofon og disco-LED-belysning Sort &#8211; BTC-060BK! Med Lenco BTC-060BK f\u00e5r du et komplet karaokes\u00e6t udstyret med Bluetooth\u00ae 5.2, genopladeligt batteri, tr\u00e5dl\u00f8s genopladelig karaokemikrofon, disco-LED-belysning og en fjernbetjening med lydeffekter og stemmeskifter. Uanset om du elsker at synge karaoke, eller bare leder efter god lyd og [&hellip;]<\/p>\n","protected":false},"featured_media":0,"template":"","meta":[],"store":[1272516],"product_brand":[1272526],"product_cat":[1272471],"product_tag":[1275188,1272790],"class_list":{"0":"post-447186","1":"product","2":"type-product","3":"status-publish","5":"store-butik24","6":"product_brand-lenco","7":"product_cat-underholdning","8":"product_tag-lenco","9":"product_tag-underholdning","10":"pa_maerke-lenco","12":"first","13":"instock","14":"product-type-external"},"_links":{"self":[{"href":"https:\/\/www.pricetornado.com\/da\/wp-json\/wp\/v2\/product\/447186","targetHints":{"allow":["GET"]}}],"collection":[{"href":"https:\/\/www.pricetornado.com\/da\/wp-json\/wp\/v2\/product"}],"about":[{"href":"https:\/\/www.pricetornado.com\/da\/wp-json\/wp\/v2\/types\/product"}],"wp:attachment":[{"href":"https:\/\/www.pricetornado.com\/da\/wp-json\/wp\/v2\/media?parent=447186"}],"wp:term":[{"taxonomy":"store","embeddable":true,"href":"https:\/\/www.pricetornado.com\/da\/wp-json\/wp\/v2\/store?post=447186"},{"taxonomy":"product_brand","embeddable":true,"href":"https:\/\/www.pricetornado.com\/da\/wp-json\/wp\/v2\/product_brand?post=447186"},{"taxonomy":"product_cat","embeddable":true,"href":"https:\/\/www.pricetornado.com\/da\/wp-json\/wp\/v2\/product_cat?post=447186"},{"taxonomy":"product_tag","embeddable":true,"href":"https:\/\/www.pricetornado.com\/da\/wp-json\/wp\/v2\/product_tag?post=447186"}],"curies":[{"name":"wp","href":"https:\/\/api.w.org\/{rel}","templated":true}]}}