{"id":447185,"date":"2025-02-25T01:32:48","date_gmt":"2025-02-25T00:32:48","guid":{"rendered":"https:\/\/www.pricetornado.com\/da\/produkt\/peugeot-paris-saltkvaern-18-cm-natur-boeg\/"},"modified":"2026-04-17T10:20:01","modified_gmt":"2026-04-17T08:20:01","slug":"peugeot-paris-saltkvaern-18-cm-natur-boeg","status":"publish","type":"product","link":"https:\/\/www.pricetornado.com\/da\/produkt\/peugeot-paris-saltkvaern-18-cm-natur-boeg\/","title":{"rendered":"Peugeot Paris Saltkv\u00e6rn 18 cm Natur B\u00f8g"},"content":{"rendered":"<p>K\u00f8b billig Peugeot Paris Saltkv\u00e6rn 18 cm Natur B\u00f8g!<br \/>\nPeugeot Paris saltkv\u00e6rn 18 cm er kv\u00e6rnklassikeren over dem alle og et tydeligt bevis p\u00e5 Peugeots ekspertise inden for kv\u00e6rnteknologi siden 1840. Kv\u00e6rnen er fremstillet i naturlig, PEFC-certificeret b\u00f8getr\u00e6 fra ansvarligt forvaltede franske skove, hvilket understreger b\u00e5de b\u00e6redygtighed og social ansvarlighed. Ved at v\u00e6lge denne saltkv\u00e6rn bidrager du til beskyttelse af skove og st\u00f8tte til lokalbefolkningen.Den ergonomisk udformede saltkv\u00e6rn har et robust kv\u00e6rnhus i rustfrit st\u00e5l, der er specielt designet til at male salt uden at ruste eller tilstoppe. Peugeot Paris saltkv\u00e6rn lever op til professionelle standarder og er udviklet til b\u00e5de hjemmet og det professionelle k\u00f8kken.For at bevare b\u00e5de tr\u00e6 og kv\u00e6rnmekanisme anbefales det at undg\u00e5 kontakt med vand og reng\u00f8re kun med en bl\u00f8d, t\u00f8r klud. Dette sikrer lang levetid og vedligeholder b\u00e5de udseende og funktion.Peugeot Paris saltkv\u00e6rn 18 cm i natur b\u00f8getr\u00e6 er den ideelle kombination af klassisk design, b\u00e6redygtige materialer og professionel funktion. Oplev flere , og lad dig inspirere til at opgradere dit k\u00f8kken med kvalitet fra Peugeot.<\/p>\n<p>Sammenlign priser p\u00e5 Peugeot Paris Saltkv\u00e6rn 18 cm Natur B\u00f8g og k\u00f8b online til den billigste pris, samt p\u00e5 tilbud!\u00a0\u00a0Tjek den bedste pris, produkt beskrivelse, video, test, anmeldelser osv.<\/p>\n<p><strong>Brand: <\/strong>Peugeot<br \/>\n<strong>EAN: <\/strong>4006950014049<br \/>\n<strong>Producentens varenr.:<\/strong> 4006950014049<\/p>\n<p><strong>P.S.<\/strong><br \/>\nTilmeld dig til &#8220;Opret Gratis Prisfald Alarm&#8221;, og bliv underrettet med det samme om prisfald p\u00e5 Peugeot Paris Saltkv\u00e6rn 18 cm Natur B\u00f8g, og f\u00e5 den billigste pris!<\/p>\n<p>&nbsp;<\/p>\n<p>&nbsp;<\/p>\n","protected":false},"excerpt":{"rendered":"<p>K\u00f8b billig Peugeot Paris Saltkv\u00e6rn 18 cm Natur B\u00f8g! Peugeot Paris saltkv\u00e6rn 18 cm er kv\u00e6rnklassikeren over dem alle og et tydeligt bevis p\u00e5 Peugeots ekspertise inden for kv\u00e6rnteknologi siden 1840. Kv\u00e6rnen er fremstillet i naturlig, PEFC-certificeret b\u00f8getr\u00e6 fra ansvarligt forvaltede franske skove, hvilket understreger b\u00e5de b\u00e6redygtighed og social ansvarlighed. Ved at v\u00e6lge denne saltkv\u00e6rn [&hellip;]<\/p>\n","protected":false},"featured_media":999980000004471850,"template":"","meta":[],"store":[1272516],"product_brand":[1272520],"product_cat":[1272410],"product_tag":[1272681,1275187],"class_list":{"0":"post-447185","1":"product","2":"type-product","3":"status-publish","4":"has-post-thumbnail","6":"store-butik24","7":"product_brand-peugeot","8":"product_cat-koekkengrej","9":"product_tag-koekkengrej","10":"product_tag-peugeot","11":"pa_maerke-peugeot","13":"first","14":"instock","15":"product-type-external"},"_links":{"self":[{"href":"https:\/\/www.pricetornado.com\/da\/wp-json\/wp\/v2\/product\/447185","targetHints":{"allow":["GET"]}}],"collection":[{"href":"https:\/\/www.pricetornado.com\/da\/wp-json\/wp\/v2\/product"}],"about":[{"href":"https:\/\/www.pricetornado.com\/da\/wp-json\/wp\/v2\/types\/product"}],"wp:featuredmedia":[{"embeddable":true,"href":"https:\/\/www.pricetornado.com\/da\/wp-json\/"}],"wp:attachment":[{"href":"https:\/\/www.pricetornado.com\/da\/wp-json\/wp\/v2\/media?parent=447185"}],"wp:term":[{"taxonomy":"store","embeddable":true,"href":"https:\/\/www.pricetornado.com\/da\/wp-json\/wp\/v2\/store?post=447185"},{"taxonomy":"product_brand","embeddable":true,"href":"https:\/\/www.pricetornado.com\/da\/wp-json\/wp\/v2\/product_brand?post=447185"},{"taxonomy":"product_cat","embeddable":true,"href":"https:\/\/www.pricetornado.com\/da\/wp-json\/wp\/v2\/product_cat?post=447185"},{"taxonomy":"product_tag","embeddable":true,"href":"https:\/\/www.pricetornado.com\/da\/wp-json\/wp\/v2\/product_tag?post=447185"}],"curies":[{"name":"wp","href":"https:\/\/api.w.org\/{rel}","templated":true}]}}