{"id":447184,"date":"2025-02-26T08:49:58","date_gmt":"2025-02-26T07:49:58","guid":{"rendered":"https:\/\/www.pricetornado.com\/da\/produkt\/philips-avent-scy673-81-natural-response-sutteflaske-med-airfree-udluftningsventil-260ml-flow-3-sut-1-maaneder-elephant\/"},"modified":"2026-04-27T10:50:54","modified_gmt":"2026-04-27T08:50:54","slug":"philips-avent-scy673-81-natural-response-sutteflaske-med-airfree-udluftningsventil-260ml-flow-3-sut-1-maaneder-elephant","status":"publish","type":"product","link":"https:\/\/www.pricetornado.com\/da\/produkt\/philips-avent-scy673-81-natural-response-sutteflaske-med-airfree-udluftningsventil-260ml-flow-3-sut-1-maaneder-elephant\/","title":{"rendered":"Philips Avent SCY673\/81 Natural Response sutteflaske med AirFree udluftningsventil 260ml Flow 3 sut +1 m\u00e5neder ELEPHANT"},"content":{"rendered":"<p>K\u00f8b billig Philips Avent SCY673\/81 Natural Response sutteflaske med AirFree udluftningsventil 260ml Flow 3 sut +1 m\u00e5neder ELEPHANT!<br \/>\nPhilips Avent Natural Response sutteflaske p\u00e5 260 ml er designet til at efterligne brystets naturlige form og underst\u00f8tte barnets naturlige sutte-, synke- og \u00e5nderytme for at g\u00f8re madningen mere rolig og behagelig. Den brystformede silikonesut giver et naturligt greb og hj\u00e6lper med at g\u00f8re overgangen mellem amning og flaskemadning nemmere. Sutteflasken har en AirFree udluftningsventil, der holder sutten fyldt med m\u00e6lk, ogs\u00e5 n\u00e5r flasken holdes vandret, og hj\u00e6lper med at reducere m\u00e6ngden af luft, barnet sluger under madning. Dette minimerer risikoen for kolik, luft i maven og refluks \u2013 og giver en mere tryg og komfortabel oplevelse for b\u00e5de baby og for\u00e6ldre.Naturligt greb med brystformet silikonesut, der fremmer naturlig tilknytning og letter kombinationen af amning og flaske.Flow-aktiveret sut \u2013 m\u00e6lken frigives kun under aktiv sutning, hvilket minimerer risikoen for spild og g\u00f8r m\u00e6lkestr\u00f8mmen mere kontrolleret.Valg af gennemstr\u00f8mningshastighed, s\u00e5 flasken kan tilpasses til det enkelte barns behov.Drypfri sut designet til at forhindre spild og tab af m\u00e6lk.Flaske og sut fremstillet af BPA-fri materialer: flasken i BPA-fri polypropylen og sutten i BPA-fri silikone, hvilket sikrer b\u00e5de sikkerhed og holdbarhed.Kompatibel med Philips Avent brystpumper og \u00f8vrigt tilbeh\u00f8r for nem tilpasning til dit barns madningsrutine.Ergonomisk form, der er nem at holde, ogs\u00e5 for sm\u00e5 h\u00e6nder, samt bred hals for let reng\u00f8ring og hurtig samling.T\u00e5ler opvaskemaskine og er nem at sterilisere, hvilket sikrer nem og grundig reng\u00f8ring hver gang.Det anbefales at v\u00e6re t\u00e5lmodig under tilpasningen, da babyen kan have brug for lidt tid til at v\u00e6nne sig til flasken.Den unikke AirFree udluftningsventil er designet til at holde luft v\u00e6k fra barnets mave og holde sutten fuld af m\u00e6lk under madning. Dette hj\u00e6lper med at reducere luftindtag, problemer med kolik, luft i maven og refluks, som ellers kan give ubehag for babyen.Philips Avent Natural Response sutteflaske med AirFree ventil kombinerer naturligt design, dokumenteret funktionalitet og praktisk anvendelighed \u2013 alt sammen for at give dit barn den bedste start p\u00e5 madningen. Flasken er en del af , som er kendt for innovation og kvalitet indenfor babyudstyr.<\/p>\n<p>Sammenlign priser p\u00e5 Philips Avent SCY673\/81 Natural Response sutteflaske med AirFree udluftningsventil 260ml Flow 3 sut +1 m\u00e5neder ELEPHANT og k\u00f8b online til den billigste pris, samt p\u00e5 tilbud!\u00a0\u00a0Tjek den bedste pris, produkt beskrivelse, video, test, anmeldelser osv.<\/p>\n<p><strong>Brand: <\/strong>Philips<br \/>\n<strong>EAN: <\/strong>8710103990413<br \/>\n<strong>Producentens varenr.:<\/strong> 8710103990413<\/p>\n<p><strong>P.S.<\/strong><br \/>\nTilmeld dig til &#8220;Opret Gratis Prisfald Alarm&#8221;, og bliv underrettet med det samme om prisfald p\u00e5 Philips Avent SCY673\/81 Natural Response sutteflaske med AirFree udluftningsventil 260ml Flow 3 sut +1 m\u00e5neder ELEPHANT, og f\u00e5 den billigste pris!<\/p>\n<p>&nbsp;<\/p>\n<p>&nbsp;<\/p>\n","protected":false},"excerpt":{"rendered":"<p>K\u00f8b billig Philips Avent SCY673\/81 Natural Response sutteflaske med AirFree udluftningsventil 260ml Flow 3 sut +1 m\u00e5neder ELEPHANT! Philips Avent Natural Response sutteflaske p\u00e5 260 ml er designet til at efterligne brystets naturlige form og underst\u00f8tte barnets naturlige sutte-, synke- og \u00e5nderytme for at g\u00f8re madningen mere rolig og behagelig. Den brystformede silikonesut giver et [&hellip;]<\/p>\n","protected":false},"featured_media":999980000004471840,"template":"","meta":[],"store":[1272516],"product_brand":[1272519],"product_cat":[1272414,1272413],"product_tag":[1272709,1272706,1275180],"class_list":{"0":"post-447184","1":"product","2":"type-product","3":"status-publish","4":"has-post-thumbnail","6":"store-butik24","7":"product_brand-philips","8":"product_cat-baby-personlig-pleje","9":"product_cat-personlig-pleje","10":"product_tag-baby","11":"product_tag-personlig-pleje","12":"product_tag-philips","13":"pa_maerke-philips","15":"first","16":"instock","17":"product-type-external"},"_links":{"self":[{"href":"https:\/\/www.pricetornado.com\/da\/wp-json\/wp\/v2\/product\/447184","targetHints":{"allow":["GET"]}}],"collection":[{"href":"https:\/\/www.pricetornado.com\/da\/wp-json\/wp\/v2\/product"}],"about":[{"href":"https:\/\/www.pricetornado.com\/da\/wp-json\/wp\/v2\/types\/product"}],"wp:featuredmedia":[{"embeddable":true,"href":"https:\/\/www.pricetornado.com\/da\/wp-json\/"}],"wp:attachment":[{"href":"https:\/\/www.pricetornado.com\/da\/wp-json\/wp\/v2\/media?parent=447184"}],"wp:term":[{"taxonomy":"store","embeddable":true,"href":"https:\/\/www.pricetornado.com\/da\/wp-json\/wp\/v2\/store?post=447184"},{"taxonomy":"product_brand","embeddable":true,"href":"https:\/\/www.pricetornado.com\/da\/wp-json\/wp\/v2\/product_brand?post=447184"},{"taxonomy":"product_cat","embeddable":true,"href":"https:\/\/www.pricetornado.com\/da\/wp-json\/wp\/v2\/product_cat?post=447184"},{"taxonomy":"product_tag","embeddable":true,"href":"https:\/\/www.pricetornado.com\/da\/wp-json\/wp\/v2\/product_tag?post=447184"}],"curies":[{"name":"wp","href":"https:\/\/api.w.org\/{rel}","templated":true}]}}