{"id":447175,"date":"2025-02-25T21:35:08","date_gmt":"2025-02-25T20:35:08","guid":{"rendered":"https:\/\/www.pricetornado.com\/da\/produkt\/philipe-hue-white-and-color-ambiance-gu10-led-paere-med-bluetooth-2-pack\/"},"modified":"2026-04-21T09:59:53","modified_gmt":"2026-04-21T07:59:53","slug":"philipe-hue-white-and-color-ambiance-gu10-led-paere-med-bluetooth-2-pack","status":"publish","type":"product","link":"https:\/\/www.pricetornado.com\/da\/produkt\/philipe-hue-white-and-color-ambiance-gu10-led-paere-med-bluetooth-2-pack\/","title":{"rendered":"Philipe Hue White and Color Ambiance GU10 LED P\u00e6re med Bluetooth &#8211; 2-pack"},"content":{"rendered":"<p>K\u00f8b billig Philipe Hue White and Color Ambiance GU10 LED P\u00e6re med Bluetooth &#8211; 2-pack!<br \/>\nPhilips Hue White and Color Ambiance GU10 LED-p\u00e6rer giver dig mulighed for at skabe den perfekte belysning i dit hjem med b\u00e5de hvidt og farvet lys. Farvel\u00e6g rummet med over 16 millioner farver og en justerbar farvetemperatur fra 2000K til 6500K, s\u00e5 du kan finde den rette stemning til enhver lejlighed \u2013 uanset om det er fest, hygge eller arbejde. Disse p\u00e6rer giver dig \u00f8jeblikkeligt 100 % lys ved opstart.Betjen op til 10 lyskilder i et enkelt rum via Hue Bluetooth appen p\u00e5 din smartphone. Du kan nemt t\u00e6nde, slukke, d\u00e6mpe eller \u00e6ndre farve. V\u00e6lg ogs\u00e5 stemmestyring for total bekvemmelighed \u2013 brug Google Assistant eller Amazon Alexa til at styre alle dine lyskilder h\u00e5ndfrit.F\u00e5 adgang til fire forudindstillede lysscener udviklet til daglige behov: Energize og Concentrate med k\u00f8lige nuancer til energi og fokus, samt Read og Relax med varmere nuancer til l\u00e6sning og afslapning. Lyset kan finjusteres fra st\u00e6rkt til d\u00e6mpet natlys, s\u00e5 det passer til dit hum\u00f8r og aktivitet.Disse GU10 LED-p\u00e6rer er designet med fokus p\u00e5 holdbarhed og sikkerhed. De kan klare op til 50.000 t\u00e6nd\/sluk-cyklusser og har en forventet levetid p\u00e5 ca. 25.000 timer. Med et lavt energiforbrug p\u00e5 ca. 4,7 W er de meget energieffektive, og standbyforbruget er kun ca. 0,2 W, hvilket mindsker energispild.Tilf\u00f8j en Hue Bridge (s\u00e6lges separat) for at l\u00e5se op for alle Philips Hue-funktioner. Herefter kan du styre op til 50 lyskilder i hele hjemmet, oprette automatiske rutiner, betjene belysningen selv n\u00e5r du ikke er hjemme, og integrere ekstraudstyr som bev\u00e6gelsessensorer og intelligente kontakter. P\u00e6rerne kan desuden opdateres via appen, s\u00e5 de altid er kompatible med ny smart home-teknologi.Lang levetid og robust design (op til 25.000 timer og 50.000 t\u00e6nd\/sluk-cyklusser)Oplev fleksibel, energibesparende og intelligent belysning med Philips Hue GU10 LED-p\u00e6rer. Skab pr\u00e6cis den stemning, du \u00f8nsker, og g\u00f8r hverdagen lettere og mere farverig med smart belysning.<\/p>\n<p>Sammenlign priser p\u00e5 Philipe Hue White and Color Ambiance GU10 LED P\u00e6re med Bluetooth &#8211; 2-pack og k\u00f8b online til den billigste pris, samt p\u00e5 tilbud!\u00a0\u00a0Tjek den bedste pris, produkt beskrivelse, video, test, anmeldelser osv.<\/p>\n<p><strong>Brand: <\/strong>Philips Hue<br \/>\n<strong>EAN: <\/strong>8719514340084<br \/>\n<strong>Producentens varenr.:<\/strong> 8719514340084<\/p>\n<p><strong>P.S.<\/strong><br \/>\nTilmeld dig til &#8220;Opret Gratis Prisfald Alarm&#8221;, og bliv underrettet med det samme om prisfald p\u00e5 Philipe Hue White and Color Ambiance GU10 LED P\u00e6re med Bluetooth &#8211; 2-pack, og f\u00e5 den billigste pris!<\/p>\n<p>&nbsp;<\/p>\n<p>&nbsp;<\/p>\n","protected":false},"excerpt":{"rendered":"<p>K\u00f8b billig Philipe Hue White and Color Ambiance GU10 LED P\u00e6re med Bluetooth &#8211; 2-pack! Philips Hue White and Color Ambiance GU10 LED-p\u00e6rer giver dig mulighed for at skabe den perfekte belysning i dit hjem med b\u00e5de hvidt og farvet lys. Farvel\u00e6g rummet med over 16 millioner farver og en justerbar farvetemperatur fra 2000K til [&hellip;]<\/p>\n","protected":false},"featured_media":999980000004471750,"template":"","meta":[],"store":[1272516],"product_brand":[1272523],"product_cat":[1272422],"product_tag":[1272767],"class_list":{"0":"post-447175","1":"product","2":"type-product","3":"status-publish","4":"has-post-thumbnail","6":"store-butik24","7":"product_brand-philips-hue","8":"product_cat-philips-hue","9":"product_tag-philips-hue","10":"pa_maerke-philips-hue","12":"first","13":"instock","14":"product-type-external"},"_links":{"self":[{"href":"https:\/\/www.pricetornado.com\/da\/wp-json\/wp\/v2\/product\/447175","targetHints":{"allow":["GET"]}}],"collection":[{"href":"https:\/\/www.pricetornado.com\/da\/wp-json\/wp\/v2\/product"}],"about":[{"href":"https:\/\/www.pricetornado.com\/da\/wp-json\/wp\/v2\/types\/product"}],"wp:featuredmedia":[{"embeddable":true,"href":"https:\/\/www.pricetornado.com\/da\/wp-json\/"}],"wp:attachment":[{"href":"https:\/\/www.pricetornado.com\/da\/wp-json\/wp\/v2\/media?parent=447175"}],"wp:term":[{"taxonomy":"store","embeddable":true,"href":"https:\/\/www.pricetornado.com\/da\/wp-json\/wp\/v2\/store?post=447175"},{"taxonomy":"product_brand","embeddable":true,"href":"https:\/\/www.pricetornado.com\/da\/wp-json\/wp\/v2\/product_brand?post=447175"},{"taxonomy":"product_cat","embeddable":true,"href":"https:\/\/www.pricetornado.com\/da\/wp-json\/wp\/v2\/product_cat?post=447175"},{"taxonomy":"product_tag","embeddable":true,"href":"https:\/\/www.pricetornado.com\/da\/wp-json\/wp\/v2\/product_tag?post=447175"}],"curies":[{"name":"wp","href":"https:\/\/api.w.org\/{rel}","templated":true}]}}