{"id":447174,"date":"2025-02-23T14:57:40","date_gmt":"2025-02-23T13:57:40","guid":{"rendered":"https:\/\/www.pricetornado.com\/da\/produkt\/philips-bhs376-00-fladjern-med-thermoprotect\/"},"modified":"2026-04-30T02:10:21","modified_gmt":"2026-04-30T00:10:21","slug":"philips-bhs376-00-fladjern-med-thermoprotect","status":"publish","type":"product","link":"https:\/\/www.pricetornado.com\/da\/produkt\/philips-bhs376-00-fladjern-med-thermoprotect\/","title":{"rendered":"Philips BHS376\/00 Fladjern med ThermoProtect"},"content":{"rendered":"<p>K\u00f8b billig Philips BHS376\/00 Fladjern med ThermoProtect!<br \/>\nPhilips glattejern BHS376\/00 giver dig glat og skinnende h\u00e5r med maksimal pleje og kontrol. De keratin-infunderede keramiske plader sikrer en j\u00e6vn varmefordeling og perfekt glideevne, s\u00e5 du nemt kan style h\u00e5ret uden at slide eller tr\u00e6kke det. ThermoProtect-teknologien beskytter dit h\u00e5r mod overophedning og minimerer risikoen for skader under styling.De ekstra lange keramiske plader p\u00e5 28&#215;100 mm er infunderet med keratin, hvilket giver et robust og slidst\u00e6rkt design samt maksimal kontakt med h\u00e5ret for hurtigere og mere ensartet glatning. Samtidig efterlader pladerne h\u00e5ret glat og skinnende.Glattejernet har 6 temperaturindstillinger fra 160\u00b0C til 230\u00b0C, s\u00e5 du kan tilpasse varmen til din h\u00e5rtype og det \u00f8nskede resultat. Den hurtige opvarmning sikrer, at glattejernet er klar til brug p\u00e5 kun 30 sekunder.Oplev flere innovative produkter fra Philips, og f\u00e5 gl\u00e6de af p\u00e5lidelig teknologi til daglig h\u00e5rpleje.<\/p>\n<p>Sammenlign priser p\u00e5 Philips BHS376\/00 Fladjern med ThermoProtect og k\u00f8b online til den billigste pris, samt p\u00e5 tilbud!\u00a0\u00a0Tjek den bedste pris, produkt beskrivelse, video, test, anmeldelser osv.<\/p>\n<p><strong>Brand: <\/strong>Philips<br \/>\n<strong>EAN: <\/strong>8710103888413<br \/>\n<strong>Producentens varenr.:<\/strong> 8710103888413<\/p>\n<p><strong>P.S.<\/strong><br \/>\nTilmeld dig til &#8220;Opret Gratis Prisfald Alarm&#8221;, og bliv underrettet med det samme om prisfald p\u00e5 Philips BHS376\/00 Fladjern med ThermoProtect, og f\u00e5 den billigste pris!<\/p>\n<p>&nbsp;<\/p>\n<p>&nbsp;<\/p>\n","protected":false},"excerpt":{"rendered":"<p>K\u00f8b billig Philips BHS376\/00 Fladjern med ThermoProtect! Philips glattejern BHS376\/00 giver dig glat og skinnende h\u00e5r med maksimal pleje og kontrol. De keratin-infunderede keramiske plader sikrer en j\u00e6vn varmefordeling og perfekt glideevne, s\u00e5 du nemt kan style h\u00e5ret uden at slide eller tr\u00e6kke det. ThermoProtect-teknologien beskytter dit h\u00e5r mod overophedning og minimerer risikoen for skader [&hellip;]<\/p>\n","protected":false},"featured_media":999980000004471740,"template":"","meta":[],"store":[1272516],"product_brand":[1272519],"product_cat":[1272448],"product_tag":[1272953,1275180],"class_list":{"0":"post-447174","1":"product","2":"type-product","3":"status-publish","4":"has-post-thumbnail","6":"store-butik24","7":"product_brand-philips","8":"product_cat-haarpleje","9":"product_tag-haarpleje","10":"product_tag-philips","11":"pa_maerke-philips","13":"first","14":"instock","15":"product-type-external"},"_links":{"self":[{"href":"https:\/\/www.pricetornado.com\/da\/wp-json\/wp\/v2\/product\/447174","targetHints":{"allow":["GET"]}}],"collection":[{"href":"https:\/\/www.pricetornado.com\/da\/wp-json\/wp\/v2\/product"}],"about":[{"href":"https:\/\/www.pricetornado.com\/da\/wp-json\/wp\/v2\/types\/product"}],"wp:featuredmedia":[{"embeddable":true,"href":"https:\/\/www.pricetornado.com\/da\/wp-json\/"}],"wp:attachment":[{"href":"https:\/\/www.pricetornado.com\/da\/wp-json\/wp\/v2\/media?parent=447174"}],"wp:term":[{"taxonomy":"store","embeddable":true,"href":"https:\/\/www.pricetornado.com\/da\/wp-json\/wp\/v2\/store?post=447174"},{"taxonomy":"product_brand","embeddable":true,"href":"https:\/\/www.pricetornado.com\/da\/wp-json\/wp\/v2\/product_brand?post=447174"},{"taxonomy":"product_cat","embeddable":true,"href":"https:\/\/www.pricetornado.com\/da\/wp-json\/wp\/v2\/product_cat?post=447174"},{"taxonomy":"product_tag","embeddable":true,"href":"https:\/\/www.pricetornado.com\/da\/wp-json\/wp\/v2\/product_tag?post=447174"}],"curies":[{"name":"wp","href":"https:\/\/api.w.org\/{rel}","templated":true}]}}