{"id":447167,"date":"2025-02-24T04:42:01","date_gmt":"2025-02-24T03:42:01","guid":{"rendered":"https:\/\/www.pricetornado.com\/da\/produkt\/philips-hue-udendoerssensor\/"},"modified":"2026-04-19T08:00:43","modified_gmt":"2026-04-19T06:00:43","slug":"philips-hue-udendoerssensor","status":"publish","type":"product","link":"https:\/\/www.pricetornado.com\/da\/produkt\/philips-hue-udendoerssensor\/","title":{"rendered":"Philips Hue udend\u00f8rssensor"},"content":{"rendered":"<p>K\u00f8b billig Philips Hue udend\u00f8rssensor!<br \/>\nOplev maksimal komfort og sikkerhed med Philips Hue udend\u00f8rssensor. Du f\u00e5r automatisk oplyste omgivelser, s\u00e5 b\u00e5de du og dine g\u00e6ster bydes varm velkommen, n\u00e5r I n\u00e6rmer jer huset. Sensoren t\u00e6nder belysningen blidt og automatisk, hvilket g\u00f8r det nemt at t\u00f8mme bilen eller tr\u00e6de ind, n\u00e5r det er m\u00f8rkt, og den kan afsl\u00f8re ubudne g\u00e6ster med sit brede detektionsomr\u00e5de.Sammen med udend\u00f8rssensoren medf\u00f8lger alle n\u00f8dvendige installationskomponenter, s\u00e5 du kan montere den p\u00e5 en flad v\u00e6g, p\u00e5 hj\u00f8rnet af huset, p\u00e5 en stander, stolpe eller nedl\u00f8bsr\u00f8r \u2013 b\u00e5de inde og ude. Sensoren er tr\u00e5dl\u00f8s og batteridrevet med inkluderede AA-batterier, s\u00e5 du kan installere den helt uden behov for el-arbejde. Konfiguration og indstilling af dagslys- og bev\u00e6gelsesf\u00f8lsomhed klares hurtigt og nemt i Philips Hue-appen.Sensoren er fremstillet i UV-beskyttet, syntetisk plastik, der giver lang holdbarhed og modstandsdygtighed mod sollys. Takket v\u00e6re IP54-klassificeringen er Philips Hue udend\u00f8rssensor beskyttet mod vandspr\u00f8jt fra alle retninger og fungerer fejlfrit i kraftige regnskyl og andre udfordrende vejrforhold.Philips Hue udend\u00f8rssensor kr\u00e6ver en Philips Hue-bro, som forbinder dine intelligente Hue-lyskilder til appen p\u00e5 din smartphone eller tablet. Her f\u00e5r du fuld kontrol over dine udend\u00f8rs- og indend\u00f8rslamper, kan styre lys fra afstand, indstille automatisk t\u00e6nd\/sluk samt v\u00e6lge \u00f8nskede scener og lysstyrker.Batteridrevet (inkl. AA-batterier), op til 2 \u00e5rs batterilevetidOpgrader din udend\u00f8rsbelysning med Philips Hue udend\u00f8rssensor og oplev sikker, energieffektiv og automatiseret belysning \u00e5ret rundt. Find flere produkter i vores udvalg af .<\/p>\n<p>Sammenlign priser p\u00e5 Philips Hue udend\u00f8rssensor og k\u00f8b online til den billigste pris, samt p\u00e5 tilbud!\u00a0\u00a0Tjek den bedste pris, produkt beskrivelse, video, test, anmeldelser osv.<\/p>\n<p><strong>Brand: <\/strong>Philips Hue<br \/>\n<strong>EAN: <\/strong>8719514342262<br \/>\n<strong>Producentens varenr.:<\/strong> 8719514342262<\/p>\n<p><strong>P.S.<\/strong><br \/>\nTilmeld dig til &#8220;Opret Gratis Prisfald Alarm&#8221;, og bliv underrettet med det samme om prisfald p\u00e5 Philips Hue udend\u00f8rssensor, og f\u00e5 den billigste pris!<\/p>\n<p>&nbsp;<\/p>\n<p>&nbsp;<\/p>\n","protected":false},"excerpt":{"rendered":"<p>K\u00f8b billig Philips Hue udend\u00f8rssensor! Oplev maksimal komfort og sikkerhed med Philips Hue udend\u00f8rssensor. Du f\u00e5r automatisk oplyste omgivelser, s\u00e5 b\u00e5de du og dine g\u00e6ster bydes varm velkommen, n\u00e5r I n\u00e6rmer jer huset. Sensoren t\u00e6nder belysningen blidt og automatisk, hvilket g\u00f8r det nemt at t\u00f8mme bilen eller tr\u00e6de ind, n\u00e5r det er m\u00f8rkt, og den [&hellip;]<\/p>\n","protected":false},"featured_media":999980000004471670,"template":"","meta":[],"store":[1272516],"product_brand":[1272523],"product_cat":[1272422],"product_tag":[1272767],"class_list":{"0":"post-447167","1":"product","2":"type-product","3":"status-publish","4":"has-post-thumbnail","6":"store-butik24","7":"product_brand-philips-hue","8":"product_cat-philips-hue","9":"product_tag-philips-hue","10":"pa_maerke-philips-hue","12":"first","13":"instock","14":"product-type-external"},"_links":{"self":[{"href":"https:\/\/www.pricetornado.com\/da\/wp-json\/wp\/v2\/product\/447167","targetHints":{"allow":["GET"]}}],"collection":[{"href":"https:\/\/www.pricetornado.com\/da\/wp-json\/wp\/v2\/product"}],"about":[{"href":"https:\/\/www.pricetornado.com\/da\/wp-json\/wp\/v2\/types\/product"}],"wp:featuredmedia":[{"embeddable":true,"href":"https:\/\/www.pricetornado.com\/da\/wp-json\/"}],"wp:attachment":[{"href":"https:\/\/www.pricetornado.com\/da\/wp-json\/wp\/v2\/media?parent=447167"}],"wp:term":[{"taxonomy":"store","embeddable":true,"href":"https:\/\/www.pricetornado.com\/da\/wp-json\/wp\/v2\/store?post=447167"},{"taxonomy":"product_brand","embeddable":true,"href":"https:\/\/www.pricetornado.com\/da\/wp-json\/wp\/v2\/product_brand?post=447167"},{"taxonomy":"product_cat","embeddable":true,"href":"https:\/\/www.pricetornado.com\/da\/wp-json\/wp\/v2\/product_cat?post=447167"},{"taxonomy":"product_tag","embeddable":true,"href":"https:\/\/www.pricetornado.com\/da\/wp-json\/wp\/v2\/product_tag?post=447167"}],"curies":[{"name":"wp","href":"https:\/\/api.w.org\/{rel}","templated":true}]}}