{"id":447165,"date":"2025-02-27T15:16:49","date_gmt":"2025-02-27T14:16:49","guid":{"rendered":"https:\/\/www.pricetornado.com\/da\/produkt\/philips-hd9270-96-essential-airfryer-xl-rapid-air-teknologi-12-kg-62-l\/"},"modified":"2026-04-18T10:20:40","modified_gmt":"2026-04-18T08:20:40","slug":"philips-hd9270-96-essential-airfryer-xl-rapid-air-teknologi-12-kg-62-l","status":"publish","type":"product","link":"https:\/\/www.pricetornado.com\/da\/produkt\/philips-hd9270-96-essential-airfryer-xl-rapid-air-teknologi-12-kg-62-l\/","title":{"rendered":"Philips HD9270\/96 Essential Airfryer XL Rapid Air-teknologi 1,2 kg, 6,2 l"},"content":{"rendered":"<p>K\u00f8b billig Philips HD9270\/96 Essential Airfryer XL Rapid Air-teknologi 1,2 kg, 6,2 l!<br \/>\nOplev Philips Essential Airfryer XL, hvor avanceret Rapid Air-teknologi og det unikke &quot;stjerneformede&quot; design sikrer j\u00e6vn luftcirkulation. Tilbered l\u00e6kre og spr\u00f8de retter med op til 90 % mindre fedt \u2013 et sundere alternativ til traditionel friturestegning. Airfryeren giver fantastiske resultater med en spr\u00f8d overflade og et m\u00f8rt indre, uden at du beh\u00f8ver meget olie.Med en imponerende XL-kapacitet p\u00e5 6,2 liter og plads til op til 1,2 kg mad kan du tilberede store portioner, der r\u00e6kker til hele familien. Touchsk\u00e6rmen giver let adgang til 7 forudindstillede programmer, herunder frosne snacks, pommes frites, k\u00f8d, fisk, kylling, kage og gr\u00f8ntsager. NutriU-appen g\u00f8r det nemt at finde inspiration med l\u00e6kre opskrifter til enhver smag.Philips Airfryer XL er lavet med slidst\u00e6rkt plastikhus og har en cool-wall yderside, s\u00e5 den holder sig k\u00f8lig og sikker under brug. Den har automatisk sluk, temperaturkontrol og en praktisk holde varm-funktion. Non-stick QuickClean-kurven og de aftagelige dele t\u00e5ler opvaskemaskine, hvilket g\u00f8r reng\u00f8ringen hurtig og enkel.Energieffektiv drift p\u00e5 2.000 WF\u00e5 adgang til hundredevis af inspirerende Airfryer-opskrifter i NutriU-appen. Opskrifterne er tilpasset dine personlige pr\u00e6ferencer og hj\u00e6lper dig til en sundere livsstil med sp\u00e6ndende variationer.V\u00e6lg Philips Airfryer XL for hurtig, nem og sund madlavning til hele familien. Udforsk vores udvalg af og oplev alle fordelene ved verdens f\u00f8rende Airfryer.<\/p>\n<p>Sammenlign priser p\u00e5 Philips HD9270\/96 Essential Airfryer XL Rapid Air-teknologi 1,2 kg, 6,2 l og k\u00f8b online til den billigste pris, samt p\u00e5 tilbud!\u00a0\u00a0Tjek den bedste pris, produkt beskrivelse, video, test, anmeldelser osv.<\/p>\n<p><strong>Brand: <\/strong>Philips<br \/>\n<strong>EAN: <\/strong>8710103975557<br \/>\n<strong>Producentens varenr.:<\/strong> 8710103975557<\/p>\n<p><strong>P.S.<\/strong><br \/>\nTilmeld dig til &#8220;Opret Gratis Prisfald Alarm&#8221;, og bliv underrettet med det samme om prisfald p\u00e5 Philips HD9270\/96 Essential Airfryer XL Rapid Air-teknologi 1,2 kg, 6,2 l, og f\u00e5 den billigste pris!<\/p>\n<p>&nbsp;<\/p>\n<p>&nbsp;<\/p>\n","protected":false},"excerpt":{"rendered":"<p>K\u00f8b billig Philips HD9270\/96 Essential Airfryer XL Rapid Air-teknologi 1,2 kg, 6,2 l! Oplev Philips Essential Airfryer XL, hvor avanceret Rapid Air-teknologi og det unikke &quot;stjerneformede&quot; design sikrer j\u00e6vn luftcirkulation. Tilbered l\u00e6kre og spr\u00f8de retter med op til 90 % mindre fedt \u2013 et sundere alternativ til traditionel friturestegning. Airfryeren giver fantastiske resultater med en [&hellip;]<\/p>\n","protected":false},"featured_media":999980000004471650,"template":"","meta":[],"store":[1272516],"product_brand":[1272519],"product_cat":[1272418],"product_tag":[1272757,1275180],"class_list":{"0":"post-447165","1":"product","2":"type-product","3":"status-publish","4":"has-post-thumbnail","6":"store-butik24","7":"product_brand-philips","8":"product_cat-koekkenmaskiner","9":"product_tag-koekkenmaskiner","10":"product_tag-philips","11":"pa_maerke-philips","13":"first","14":"instock","15":"product-type-external"},"_links":{"self":[{"href":"https:\/\/www.pricetornado.com\/da\/wp-json\/wp\/v2\/product\/447165","targetHints":{"allow":["GET"]}}],"collection":[{"href":"https:\/\/www.pricetornado.com\/da\/wp-json\/wp\/v2\/product"}],"about":[{"href":"https:\/\/www.pricetornado.com\/da\/wp-json\/wp\/v2\/types\/product"}],"wp:featuredmedia":[{"embeddable":true,"href":"https:\/\/www.pricetornado.com\/da\/wp-json\/"}],"wp:attachment":[{"href":"https:\/\/www.pricetornado.com\/da\/wp-json\/wp\/v2\/media?parent=447165"}],"wp:term":[{"taxonomy":"store","embeddable":true,"href":"https:\/\/www.pricetornado.com\/da\/wp-json\/wp\/v2\/store?post=447165"},{"taxonomy":"product_brand","embeddable":true,"href":"https:\/\/www.pricetornado.com\/da\/wp-json\/wp\/v2\/product_brand?post=447165"},{"taxonomy":"product_cat","embeddable":true,"href":"https:\/\/www.pricetornado.com\/da\/wp-json\/wp\/v2\/product_cat?post=447165"},{"taxonomy":"product_tag","embeddable":true,"href":"https:\/\/www.pricetornado.com\/da\/wp-json\/wp\/v2\/product_tag?post=447165"}],"curies":[{"name":"wp","href":"https:\/\/api.w.org\/{rel}","templated":true}]}}