{"id":447144,"date":"2025-02-27T01:36:50","date_gmt":"2025-02-27T00:36:50","guid":{"rendered":"https:\/\/www.pricetornado.com\/da\/produkt\/philips-master-tl5c-rundt-40w-830-varm-hvid-30-5cm\/"},"modified":"2026-04-30T04:30:30","modified_gmt":"2026-04-30T02:30:30","slug":"philips-master-tl5c-rundt-40w-830-varm-hvid-30-5cm","status":"publish","type":"product","link":"https:\/\/www.pricetornado.com\/da\/produkt\/philips-master-tl5c-rundt-40w-830-varm-hvid-30-5cm\/","title":{"rendered":"Philips MASTER TL5C Rundt 40W &#8211; 830 varm hvid | 30.5cm"},"content":{"rendered":"<p>K\u00f8b billig Philips MASTER TL5C Rundt 40W &#8211; 830 varm hvid | 30.5cm!<br \/>\nPhilips MASTER TL5C rundt 40W \u2013 830 varm hvid er et cirkelformet lysstofr\u00f8r med en diameter p\u00e5 30,5 cm, der leverer b\u00e5de effektiv og holdbar belysning. Dette lysstofr\u00f8r er velegnet til dekorativt brug, da det giver ekstra flade og ensartede belysningsmuligheder og passer perfekt til arbejdsgulve og andre omr\u00e5der, hvor en varm belysning \u00f8nskes.Lang levetid p\u00e5 cirka 12.000 timer reducerer behovet for udskiftningDette cirkul\u00e6re lysstofr\u00f8r er ideelt til b\u00e5de dekorativ belysning og praktisk arbejdsbelysning, hvor et bl\u00f8dt og varmt lys bidrager til en behagelig og produktiv atmosf\u00e6re. Den lange levetid, energieffektivitet og d\u00e6mpbarhed g\u00f8r Philips TL5C til et fleksibelt valg i mange forskellige belysningsmilj\u00f8er.F\u00e5 fordel af Philips\u2019 velkendte kvalitet og p\u00e5lidelige belysning. Bestil hurtigt og nemt online, og skab en optimal og energieffektiv belysningsl\u00f8sning til b\u00e5de hjemmet og arbejdspladsen.<\/p>\n<p>Sammenlign priser p\u00e5 Philips MASTER TL5C Rundt 40W &#8211; 830 varm hvid | 30.5cm og k\u00f8b online til den billigste pris, samt p\u00e5 tilbud!\u00a0\u00a0Tjek den bedste pris, produkt beskrivelse, video, test, anmeldelser osv.<\/p>\n<p><strong>Brand: <\/strong>Philips<br \/>\n<strong>EAN: <\/strong>8711500640970<br \/>\n<strong>Producentens varenr.:<\/strong> 8711500640970<\/p>\n<p><strong>P.S.<\/strong><br \/>\nTilmeld dig til &#8220;Opret Gratis Prisfald Alarm&#8221;, og bliv underrettet med det samme om prisfald p\u00e5 Philips MASTER TL5C Rundt 40W &#8211; 830 varm hvid | 30.5cm, og f\u00e5 den billigste pris!<\/p>\n<p>&nbsp;<\/p>\n<p>&nbsp;<\/p>\n","protected":false},"excerpt":{"rendered":"<p>K\u00f8b billig Philips MASTER TL5C Rundt 40W &#8211; 830 varm hvid | 30.5cm! Philips MASTER TL5C rundt 40W \u2013 830 varm hvid er et cirkelformet lysstofr\u00f8r med en diameter p\u00e5 30,5 cm, der leverer b\u00e5de effektiv og holdbar belysning. Dette lysstofr\u00f8r er velegnet til dekorativt brug, da det giver ekstra flade og ensartede belysningsmuligheder og [&hellip;]<\/p>\n","protected":false},"featured_media":999980000004471440,"template":"","meta":[],"store":[1272516],"product_brand":[1272519],"product_cat":[1272407],"product_tag":[1272697,1275180],"class_list":{"0":"post-447144","1":"product","2":"type-product","3":"status-publish","4":"has-post-thumbnail","6":"store-butik24","7":"product_brand-philips","8":"product_cat-belysning-2","9":"product_tag-belysning","10":"product_tag-philips","11":"pa_maerke-philips","13":"first","14":"instock","15":"product-type-external"},"_links":{"self":[{"href":"https:\/\/www.pricetornado.com\/da\/wp-json\/wp\/v2\/product\/447144","targetHints":{"allow":["GET"]}}],"collection":[{"href":"https:\/\/www.pricetornado.com\/da\/wp-json\/wp\/v2\/product"}],"about":[{"href":"https:\/\/www.pricetornado.com\/da\/wp-json\/wp\/v2\/types\/product"}],"wp:featuredmedia":[{"embeddable":true,"href":"https:\/\/www.pricetornado.com\/da\/wp-json\/"}],"wp:attachment":[{"href":"https:\/\/www.pricetornado.com\/da\/wp-json\/wp\/v2\/media?parent=447144"}],"wp:term":[{"taxonomy":"store","embeddable":true,"href":"https:\/\/www.pricetornado.com\/da\/wp-json\/wp\/v2\/store?post=447144"},{"taxonomy":"product_brand","embeddable":true,"href":"https:\/\/www.pricetornado.com\/da\/wp-json\/wp\/v2\/product_brand?post=447144"},{"taxonomy":"product_cat","embeddable":true,"href":"https:\/\/www.pricetornado.com\/da\/wp-json\/wp\/v2\/product_cat?post=447144"},{"taxonomy":"product_tag","embeddable":true,"href":"https:\/\/www.pricetornado.com\/da\/wp-json\/wp\/v2\/product_tag?post=447144"}],"curies":[{"name":"wp","href":"https:\/\/api.w.org\/{rel}","templated":true}]}}