{"id":447141,"date":"2025-02-21T04:31:10","date_gmt":"2025-02-21T03:31:10","guid":{"rendered":"https:\/\/www.pricetornado.com\/da\/produkt\/nedis-aftraeksslange-pvc-127-mm-6-00-m-egnet-air-ventilation-tumble-dryers-hvid-drho127wt60\/"},"modified":"2026-04-17T08:50:13","modified_gmt":"2026-04-17T06:50:13","slug":"nedis-aftraeksslange-pvc-127-mm-6-00-m-egnet-air-ventilation-tumble-dryers-hvid-drho127wt60","status":"publish","type":"product","link":"https:\/\/www.pricetornado.com\/da\/produkt\/nedis-aftraeksslange-pvc-127-mm-6-00-m-egnet-air-ventilation-tumble-dryers-hvid-drho127wt60\/","title":{"rendered":"Nedis &#8211; Aftr\u00e6ksslange PVC | 127 mm | 6.00 m | Egnet: Air Ventilation \/ Tumble Dryers | Hvid &#8211; DRHO127WT60"},"content":{"rendered":"<p>K\u00f8b billig Nedis &#8211; Aftr\u00e6ksslange PVC | 127 mm | 6.00 m | Egnet: Air Ventilation \/ Tumble Dryers | Hvid &#8211; DRHO127WT60!<br \/>\nDen Nedis aftr\u00e6ksslange i plastik (PVC) er ideel til udluftning fra t\u00f8rretumblere og ventilationssystemer i toiletter, badev\u00e6relser og stuer. Med en diameter p\u00e5 127 mm og en l\u00e6ngde p\u00e5 6 meter er slangen velegnet til mange forskellige installationer og sikrer effektiv luftcirkulation i boligen.Slangen er fremstillet af holdbart PVC, der g\u00f8r den b\u00e5de fleksibel og nem at montere i forskellige milj\u00f8er. PVC-materialet giver modstandsdygtighed over for fugt, hvilket g\u00f8r slangen s\u00e6rligt velegnet til v\u00e5drum og omr\u00e5der med h\u00f8j luftfugtighed.Med denne udluftningsslange f\u00e5r du en slidst\u00e6rk og praktisk l\u00f8sning til ventilation i boligen. Udforsk flere produkter fra for ekstra tilbeh\u00f8r til hjemmet.<\/p>\n<p>Sammenlign priser p\u00e5 Nedis &#8211; Aftr\u00e6ksslange PVC | 127 mm | 6.00 m | Egnet: Air Ventilation \/ Tumble Dryers | Hvid &#8211; DRHO127WT60 og k\u00f8b online til den billigste pris, samt p\u00e5 tilbud!\u00a0\u00a0Tjek den bedste pris, produkt beskrivelse, video, test, anmeldelser osv.<\/p>\n<p><strong>Brand: <\/strong>Nedis<br \/>\n<strong>EAN: <\/strong>5412810301553<br \/>\n<strong>Producentens varenr.:<\/strong> 5412810301553<\/p>\n<p><strong>P.S.<\/strong><br \/>\nTilmeld dig til &#8220;Opret Gratis Prisfald Alarm&#8221;, og bliv underrettet med det samme om prisfald p\u00e5 Nedis &#8211; Aftr\u00e6ksslange PVC | 127 mm | 6.00 m | Egnet: Air Ventilation \/ Tumble Dryers | Hvid &#8211; DRHO127WT60, og f\u00e5 den billigste pris!<\/p>\n<p>&nbsp;<\/p>\n<p>&nbsp;<\/p>\n","protected":false},"excerpt":{"rendered":"<p>K\u00f8b billig Nedis &#8211; Aftr\u00e6ksslange PVC | 127 mm | 6.00 m | Egnet: Air Ventilation \/ Tumble Dryers | Hvid &#8211; DRHO127WT60! Den Nedis aftr\u00e6ksslange i plastik (PVC) er ideel til udluftning fra t\u00f8rretumblere og ventilationssystemer i toiletter, badev\u00e6relser og stuer. Med en diameter p\u00e5 127 mm og en l\u00e6ngde p\u00e5 6 meter er [&hellip;]<\/p>\n","protected":false},"featured_media":999980000004471410,"template":"","meta":[],"store":[1272516],"product_brand":[1272517],"product_cat":[1272508],"product_tag":[1272837,1275178],"class_list":{"0":"post-447141","1":"product","2":"type-product","3":"status-publish","4":"has-post-thumbnail","6":"store-butik24","7":"product_brand-nedis","8":"product_cat-husholdningsapparater","9":"product_tag-husholdningsapparater","10":"product_tag-nedis","11":"pa_maerke-nedis","13":"first","14":"instock","15":"product-type-external"},"_links":{"self":[{"href":"https:\/\/www.pricetornado.com\/da\/wp-json\/wp\/v2\/product\/447141","targetHints":{"allow":["GET"]}}],"collection":[{"href":"https:\/\/www.pricetornado.com\/da\/wp-json\/wp\/v2\/product"}],"about":[{"href":"https:\/\/www.pricetornado.com\/da\/wp-json\/wp\/v2\/types\/product"}],"wp:featuredmedia":[{"embeddable":true,"href":"https:\/\/www.pricetornado.com\/da\/wp-json\/"}],"wp:attachment":[{"href":"https:\/\/www.pricetornado.com\/da\/wp-json\/wp\/v2\/media?parent=447141"}],"wp:term":[{"taxonomy":"store","embeddable":true,"href":"https:\/\/www.pricetornado.com\/da\/wp-json\/wp\/v2\/store?post=447141"},{"taxonomy":"product_brand","embeddable":true,"href":"https:\/\/www.pricetornado.com\/da\/wp-json\/wp\/v2\/product_brand?post=447141"},{"taxonomy":"product_cat","embeddable":true,"href":"https:\/\/www.pricetornado.com\/da\/wp-json\/wp\/v2\/product_cat?post=447141"},{"taxonomy":"product_tag","embeddable":true,"href":"https:\/\/www.pricetornado.com\/da\/wp-json\/wp\/v2\/product_tag?post=447141"}],"curies":[{"name":"wp","href":"https:\/\/api.w.org\/{rel}","templated":true}]}}