{"id":447130,"date":"2025-02-27T11:26:50","date_gmt":"2025-02-27T10:26:50","guid":{"rendered":"https:\/\/www.pricetornado.com\/da\/produkt\/philips-gc7933-30-strygejern-med-dampstation\/"},"modified":"2026-04-17T10:10:21","modified_gmt":"2026-04-17T08:10:21","slug":"philips-gc7933-30-strygejern-med-dampstation","status":"publish","type":"product","link":"https:\/\/www.pricetornado.com\/da\/produkt\/philips-gc7933-30-strygejern-med-dampstation\/","title":{"rendered":"Philips GC7933\/30 Strygejern med dampstation"},"content":{"rendered":"<p>K\u00f8b billig Philips GC7933\/30 Strygejern med dampstation!<br \/>\nMed Philips GC7933\/30 dampstrygejern med dampstation sparer du op til 30 minutters strygetid sammenlignet med traditionelle Philips Azur strygejern. Den kraftige og konstante damp samt dobbelte dampeffekt g\u00f8r, at du slipper for at bekymre dig om br\u00e6ndte tekstiler. Strygejernet er hurtigt, nemt og giver optimale resultater uden besv\u00e6r \u2013 perfekt til at klare alle t\u00f8jstykker p\u00e5 \u00e9n gang.OptimalTEMP-teknologien s\u00f8rger automatisk for den rette temperatur, s\u00e5 du aldrig risikerer skader fra for h\u00f8j varme. Du skal hverken skifte temperatur eller t\u00e6nke over dine tekstiler \u2013 strygejernet tilpasser sig alt fra jeans til silke.Opn\u00e5 perfekte resultater hurtigere med op til 120 g\/min konstant damp og et ekstra boost p\u00e5 450 g\/min til h\u00e5rde folder. Den ridsefaste SteamGlide Plus-stryges\u00e5l sikrer j\u00e6vn varmefordeling, reducerer friktion og glider nemt over alt t\u00f8j. Klar til brug p\u00e5 kun 2 minutter med kraftfuld 2.400 W opvarmning, og brug den vertikale dampfunktion til eksempelvis gardiner direkte p\u00e5 b\u00f8jlen.Hurtig opvarmning p\u00e5 2 minutter med 2.400 W effektPhilips GC7933\/30 er let og kompakt, hvilket g\u00f8r den nem at bruge og opbevare. Den store aftagelige vandtank kan genopfyldes selv under brug, og det effektive anti-kalksystem inkluderer en Calc-Clean-beholder, s\u00e5 du slipper for ekstra udgifter til patroner. Anti-dryp funktionen sikrer ren strygning uden pletter, mens auto-sluk og transportl\u00e5s \u00f8ger sikkerheden og brugervenligheden. Med en energibesparende tilstand reduceres energiforbruget automatisk med 35 % ved inaktivitet.Med Philips GC7933\/30 dampstrygejern med dampstation f\u00e5r du hurtig og professionel strygning, optimal t\u00f8jpleje og maksimal brugervenlighed.<\/p>\n<p>Sammenlign priser p\u00e5 Philips GC7933\/30 Strygejern med dampstation og k\u00f8b online til den billigste pris, samt p\u00e5 tilbud!\u00a0\u00a0Tjek den bedste pris, produkt beskrivelse, video, test, anmeldelser osv.<\/p>\n<p><strong>Brand: <\/strong>Philips<br \/>\n<strong>EAN: <\/strong>8710103893035<br \/>\n<strong>Producentens varenr.:<\/strong> 8710103893035<\/p>\n<p><strong>P.S.<\/strong><br \/>\nTilmeld dig til &#8220;Opret Gratis Prisfald Alarm&#8221;, og bliv underrettet med det samme om prisfald p\u00e5 Philips GC7933\/30 Strygejern med dampstation, og f\u00e5 den billigste pris!<\/p>\n<p>&nbsp;<\/p>\n<p>&nbsp;<\/p>\n","protected":false},"excerpt":{"rendered":"<p>K\u00f8b billig Philips GC7933\/30 Strygejern med dampstation! Med Philips GC7933\/30 dampstrygejern med dampstation sparer du op til 30 minutters strygetid sammenlignet med traditionelle Philips Azur strygejern. Den kraftige og konstante damp samt dobbelte dampeffekt g\u00f8r, at du slipper for at bekymre dig om br\u00e6ndte tekstiler. Strygejernet er hurtigt, nemt og giver optimale resultater uden besv\u00e6r [&hellip;]<\/p>\n","protected":false},"featured_media":999980000004471300,"template":"","meta":[],"store":[1272516],"product_brand":[1272519],"product_cat":[1272473],"product_tag":[1275180,1272699],"class_list":{"0":"post-447130","1":"product","2":"type-product","3":"status-publish","4":"has-post-thumbnail","6":"store-butik24","7":"product_brand-philips","8":"product_cat-strygning-og-toejbehandling","9":"product_tag-philips","10":"product_tag-strygning-og-toejbehandling","11":"pa_maerke-philips","13":"first","14":"instock","15":"product-type-external"},"_links":{"self":[{"href":"https:\/\/www.pricetornado.com\/da\/wp-json\/wp\/v2\/product\/447130","targetHints":{"allow":["GET"]}}],"collection":[{"href":"https:\/\/www.pricetornado.com\/da\/wp-json\/wp\/v2\/product"}],"about":[{"href":"https:\/\/www.pricetornado.com\/da\/wp-json\/wp\/v2\/types\/product"}],"wp:featuredmedia":[{"embeddable":true,"href":"https:\/\/www.pricetornado.com\/da\/wp-json\/"}],"wp:attachment":[{"href":"https:\/\/www.pricetornado.com\/da\/wp-json\/wp\/v2\/media?parent=447130"}],"wp:term":[{"taxonomy":"store","embeddable":true,"href":"https:\/\/www.pricetornado.com\/da\/wp-json\/wp\/v2\/store?post=447130"},{"taxonomy":"product_brand","embeddable":true,"href":"https:\/\/www.pricetornado.com\/da\/wp-json\/wp\/v2\/product_brand?post=447130"},{"taxonomy":"product_cat","embeddable":true,"href":"https:\/\/www.pricetornado.com\/da\/wp-json\/wp\/v2\/product_cat?post=447130"},{"taxonomy":"product_tag","embeddable":true,"href":"https:\/\/www.pricetornado.com\/da\/wp-json\/wp\/v2\/product_tag?post=447130"}],"curies":[{"name":"wp","href":"https:\/\/api.w.org\/{rel}","templated":true}]}}