{"id":447124,"date":"2025-02-20T20:16:13","date_gmt":"2025-02-20T19:16:13","guid":{"rendered":"https:\/\/www.pricetornado.com\/da\/produkt\/imperial-dabman-i560-cd-all-in-one-hifi-system-med-forstaerker-og-cd-afspiller-dab-fm-internet-bluetooth-sort-22-254-00\/"},"modified":"2026-04-23T01:50:19","modified_gmt":"2026-04-22T23:50:19","slug":"imperial-dabman-i560-cd-all-in-one-hifi-system-med-forstaerker-og-cd-afspiller-dab-fm-internet-bluetooth-sort-22-254-00","status":"publish","type":"product","link":"https:\/\/www.pricetornado.com\/da\/produkt\/imperial-dabman-i560-cd-all-in-one-hifi-system-med-forstaerker-og-cd-afspiller-dab-fm-internet-bluetooth-sort-22-254-00\/","title":{"rendered":"Imperial &#8211; DABMAN i560 CD All-in-one HiFi-system med forst\u00e6rker og cd-afspiller DAB+ \/ FM \/ Internet \/ Bluetooth Sort &#8211; 22-254-00"},"content":{"rendered":"<p>K\u00f8b billig Imperial &#8211; DABMAN i560 CD All-in-one HiFi-system med forst\u00e6rker og cd-afspiller DAB+ \/ FM \/ Internet \/ Bluetooth Sort &#8211; 22-254-00!<br \/>\nImperial DABMAN i560 CD er et alsidigt og avanceret alt-i-et HiFi-system, som forener h\u00f8j lydkvalitet, moderne tilslutningsmuligheder og omfattende medie- og streamingfunktioner. Systemet leveres i et elegant og holdbart kabinet i det klassiske 43 cm metalformat, der b\u00e5de udstr\u00e5ler kvalitet og robusthed.DABMAN i560 CD tilbyder en bred vifte af lydkilder, s\u00e5 du altid kan lytte til din yndlingsmusik. V\u00e6lg mellem DAB+ digitalradio, analog FM-radio eller internetradio. Derudover f\u00e5r du en integreret cd-afspiller, USB-optager, netv\u00e6rksafspiller og USB-medieafspiller. Via en omfattende portal f\u00e5r du (med den rette autorisation) direkte adgang til popul\u00e6re musikstreamingtjenester som Amazon Music, Deezer, Tidal, Napster, qobuz, Soundmachine, Calm Radio \u2013 og der er fuld underst\u00f8ttelse af FLAC og High Resolution Audio for optimal lydoplevelse.Bluetooth 5.1 med b\u00e5de sender- og modtagerfunktion for nem tr\u00e5dl\u00f8s streamingDen integrerede forst\u00e6rker leverer 2 x 30 watt for fyldig, naturlig stereolyd. Systemet betjenes enkelt via knapper p\u00e5 enheden, den medf\u00f8lgende fjernbetjening eller via den gratis Soundmate-app til b\u00e5de iOS og Android, s\u00e5 du har fuld kontrol uanset situation.DABMAN i560 CD byder p\u00e5 funktioner som v\u00e6kkeur, sleep-timer og visning af aktuelle vejrinformationer, hvilket g\u00f8r hverdagen lettere. Den har desuden et lavt standbyforbrug p\u00e5 kun 1 watt, hvilket sikrer energieffektiv drift.Det klassiske metalhus tilf\u00f8rer systemet b\u00e5de et elegant udseende og langtidsholdbarhed. Med den smarte \u201dhotel mode\u201d kan du l\u00e5se indstillinger, s\u00e5 uautoriserede \u00e6ndringer undg\u00e5s. Det g\u00f8r DABMAN i560 CD ideel til b\u00e5de private hjem, offentlige milj\u00f8er og g\u00e6stev\u00e6relser. \u2013 et komplet musik- og underholdningscenter samlet i \u00e9t system.<\/p>\n<p>Sammenlign priser p\u00e5 Imperial &#8211; DABMAN i560 CD All-in-one HiFi-system med forst\u00e6rker og cd-afspiller DAB+ \/ FM \/ Internet \/ Bluetooth Sort &#8211; 22-254-00 og k\u00f8b online til den billigste pris, samt p\u00e5 tilbud!\u00a0\u00a0Tjek den bedste pris, produkt beskrivelse, video, test, anmeldelser osv.<\/p>\n<p><strong>Brand: <\/strong>Imperial<br \/>\n<strong>EAN: <\/strong>4024035254005<br \/>\n<strong>Producentens varenr.:<\/strong> 4024035254005<\/p>\n<p><strong>P.S.<\/strong><br \/>\nTilmeld dig til &#8220;Opret Gratis Prisfald Alarm&#8221;, og bliv underrettet med det samme om prisfald p\u00e5 Imperial &#8211; DABMAN i560 CD All-in-one HiFi-system med forst\u00e6rker og cd-afspiller DAB+ \/ FM \/ Internet \/ Bluetooth Sort &#8211; 22-254-00, og f\u00e5 den billigste pris!<\/p>\n<p>&nbsp;<\/p>\n<p>&nbsp;<\/p>\n","protected":false},"excerpt":{"rendered":"<p>K\u00f8b billig Imperial &#8211; DABMAN i560 CD All-in-one HiFi-system med forst\u00e6rker og cd-afspiller DAB+ \/ FM \/ Internet \/ Bluetooth Sort &#8211; 22-254-00! Imperial DABMAN i560 CD er et alsidigt og avanceret alt-i-et HiFi-system, som forener h\u00f8j lydkvalitet, moderne tilslutningsmuligheder og omfattende medie- og streamingfunktioner. Systemet leveres i et elegant og holdbart kabinet i det [&hellip;]<\/p>\n","protected":false},"featured_media":999980000004471240,"template":"","meta":[],"store":[1272516],"product_brand":[1272525],"product_cat":[1272439],"product_tag":[1275182,1272694],"class_list":{"0":"post-447124","1":"product","2":"type-product","3":"status-publish","4":"has-post-thumbnail","6":"store-butik24","7":"product_brand-imperial","8":"product_cat-radio-2","9":"product_tag-imperial","10":"product_tag-radio","11":"pa_maerke-imperial","13":"first","14":"instock","15":"product-type-external"},"_links":{"self":[{"href":"https:\/\/www.pricetornado.com\/da\/wp-json\/wp\/v2\/product\/447124","targetHints":{"allow":["GET"]}}],"collection":[{"href":"https:\/\/www.pricetornado.com\/da\/wp-json\/wp\/v2\/product"}],"about":[{"href":"https:\/\/www.pricetornado.com\/da\/wp-json\/wp\/v2\/types\/product"}],"wp:featuredmedia":[{"embeddable":true,"href":"https:\/\/www.pricetornado.com\/da\/wp-json\/"}],"wp:attachment":[{"href":"https:\/\/www.pricetornado.com\/da\/wp-json\/wp\/v2\/media?parent=447124"}],"wp:term":[{"taxonomy":"store","embeddable":true,"href":"https:\/\/www.pricetornado.com\/da\/wp-json\/wp\/v2\/store?post=447124"},{"taxonomy":"product_brand","embeddable":true,"href":"https:\/\/www.pricetornado.com\/da\/wp-json\/wp\/v2\/product_brand?post=447124"},{"taxonomy":"product_cat","embeddable":true,"href":"https:\/\/www.pricetornado.com\/da\/wp-json\/wp\/v2\/product_cat?post=447124"},{"taxonomy":"product_tag","embeddable":true,"href":"https:\/\/www.pricetornado.com\/da\/wp-json\/wp\/v2\/product_tag?post=447124"}],"curies":[{"name":"wp","href":"https:\/\/api.w.org\/{rel}","templated":true}]}}