{"id":447123,"date":"2025-02-24T14:38:28","date_gmt":"2025-02-24T13:38:28","guid":{"rendered":"https:\/\/www.pricetornado.com\/da\/produkt\/philips-shc5200-10-traadloese-hi-fi-hovedtelefoner-sort\/"},"modified":"2026-04-20T10:40:43","modified_gmt":"2026-04-20T08:40:43","slug":"philips-shc5200-10-traadloese-hi-fi-hovedtelefoner-sort","status":"publish","type":"product","link":"https:\/\/www.pricetornado.com\/da\/produkt\/philips-shc5200-10-traadloese-hi-fi-hovedtelefoner-sort\/","title":{"rendered":"Philips SHC5200\/10 Tr\u00e5dl\u00f8se hi-fi- hovedtelefoner &#8211; Sort"},"content":{"rendered":"<p>K\u00f8b billig Philips SHC5200\/10 Tr\u00e5dl\u00f8se hi-fi- hovedtelefoner &#8211; Sort!<br \/>\nOplev h\u00f8jkvalitets lyd og fuld bev\u00e6gelsesfrihed med Philips tr\u00e5dl\u00f8se hovedtelefoner. Med en 32 mm h\u00f8jttalerenhed leverer disse hovedtelefoner klar, forvr\u00e6ngningsfri lyd, mens den tr\u00e5dl\u00f8se FM-transmission giver dig mulighed for at bev\u00e6ge dig frit i hjemmet med en imponerende r\u00e6kkevidde p\u00e5 op til 100 meter \u2013 signalet kan endda tr\u00e6nge igennem v\u00e6gge.De lette og slidst\u00e6rke materialer sikrer komfort selv ved lang tids brug. Den selvjusterende indvendige hovedb\u00f8jle tilpasser sig automatisk dit hoved, s\u00e5 du undg\u00e5r manuel justering og kan nyde en behagelig pasform i timevis.Hovedtelefonerne er fuldt genopladelige og benytter NiMH-batterier, hvilket g\u00f8r dem \u00f8konomiske og milj\u00f8venlige i det daglige. Du f\u00e5r desuden:Slip for begr\u00e6nsende kabler og nyd den totale frihed \u2013 Philips tr\u00e5dl\u00f8se hovedtelefoner giver dig mulighed for at lytte til musik hvor som helst i hjemmet med stor komfort og holdbarhed.<\/p>\n<p>Sammenlign priser p\u00e5 Philips SHC5200\/10 Tr\u00e5dl\u00f8se hi-fi- hovedtelefoner &#8211; Sort og k\u00f8b online til den billigste pris, samt p\u00e5 tilbud!\u00a0\u00a0Tjek den bedste pris, produkt beskrivelse, video, test, anmeldelser osv.<\/p>\n<p><strong>Brand: <\/strong>Philips<br \/>\n<strong>EAN: <\/strong>6923410732948<br \/>\n<strong>Producentens varenr.:<\/strong> 6923410732948<\/p>\n<p><strong>P.S.<\/strong><br \/>\nTilmeld dig til &#8220;Opret Gratis Prisfald Alarm&#8221;, og bliv underrettet med det samme om prisfald p\u00e5 Philips SHC5200\/10 Tr\u00e5dl\u00f8se hi-fi- hovedtelefoner &#8211; Sort, og f\u00e5 den billigste pris!<\/p>\n<p>&nbsp;<\/p>\n<p>&nbsp;<\/p>\n","protected":false},"excerpt":{"rendered":"<p>K\u00f8b billig Philips SHC5200\/10 Tr\u00e5dl\u00f8se hi-fi- hovedtelefoner &#8211; Sort! Oplev h\u00f8jkvalitets lyd og fuld bev\u00e6gelsesfrihed med Philips tr\u00e5dl\u00f8se hovedtelefoner. Med en 32 mm h\u00f8jttalerenhed leverer disse hovedtelefoner klar, forvr\u00e6ngningsfri lyd, mens den tr\u00e5dl\u00f8se FM-transmission giver dig mulighed for at bev\u00e6ge dig frit i hjemmet med en imponerende r\u00e6kkevidde p\u00e5 op til 100 meter \u2013 signalet [&hellip;]<\/p>\n","protected":false},"featured_media":999980000004471230,"template":"","meta":[],"store":[1272516],"product_brand":[1272519],"product_cat":[1272434],"product_tag":[1272843,1275180],"class_list":{"0":"post-447123","1":"product","2":"type-product","3":"status-publish","4":"has-post-thumbnail","6":"store-butik24","7":"product_brand-philips","8":"product_cat-hovedtelefoner","9":"product_tag-hovedtelefoner","10":"product_tag-philips","11":"pa_maerke-philips","13":"first","14":"instock","15":"product-type-external"},"_links":{"self":[{"href":"https:\/\/www.pricetornado.com\/da\/wp-json\/wp\/v2\/product\/447123","targetHints":{"allow":["GET"]}}],"collection":[{"href":"https:\/\/www.pricetornado.com\/da\/wp-json\/wp\/v2\/product"}],"about":[{"href":"https:\/\/www.pricetornado.com\/da\/wp-json\/wp\/v2\/types\/product"}],"wp:featuredmedia":[{"embeddable":true,"href":"https:\/\/www.pricetornado.com\/da\/wp-json\/"}],"wp:attachment":[{"href":"https:\/\/www.pricetornado.com\/da\/wp-json\/wp\/v2\/media?parent=447123"}],"wp:term":[{"taxonomy":"store","embeddable":true,"href":"https:\/\/www.pricetornado.com\/da\/wp-json\/wp\/v2\/store?post=447123"},{"taxonomy":"product_brand","embeddable":true,"href":"https:\/\/www.pricetornado.com\/da\/wp-json\/wp\/v2\/product_brand?post=447123"},{"taxonomy":"product_cat","embeddable":true,"href":"https:\/\/www.pricetornado.com\/da\/wp-json\/wp\/v2\/product_cat?post=447123"},{"taxonomy":"product_tag","embeddable":true,"href":"https:\/\/www.pricetornado.com\/da\/wp-json\/wp\/v2\/product_tag?post=447123"}],"curies":[{"name":"wp","href":"https:\/\/api.w.org\/{rel}","templated":true}]}}