{"id":447119,"date":"2025-02-21T10:18:33","date_gmt":"2025-02-21T09:18:33","guid":{"rendered":"https:\/\/www.pricetornado.com\/da\/produkt\/philips-hp8372-00-glattejern-moistureprotect\/"},"modified":"2026-04-19T08:00:41","modified_gmt":"2026-04-19T06:00:41","slug":"philips-hp8372-00-glattejern-moistureprotect","status":"publish","type":"product","link":"https:\/\/www.pricetornado.com\/da\/produkt\/philips-hp8372-00-glattejern-moistureprotect\/","title":{"rendered":"Philips HP8372\/00 Glattejern MoistureProtect"},"content":{"rendered":"<p>K\u00f8b billig Philips HP8372\/00 Glattejern MoistureProtect!<br \/>\nOplev n\u00e6nsom h\u00e5rpleje med MoistureProtect-glattejern, der l\u00f8bende tilpasser temperaturen 30 gange i sekundet for at bevare h\u00e5rets naturlige fugtighed. Den innovative sensor beskytter h\u00e5ret mod udt\u00f8rring og giver et sundt, glansfuldt resultat \u2013 hver gang du styler dit h\u00e5r.Den avancerede ionfunktion reducerer statisk elektricitet og forebygger krus, s\u00e5 dit h\u00e5r fremst\u00e5r silkebl\u00f8dt og skinnende. De keramisk belagte, bev\u00e6gelige plader sikrer en j\u00e6vn varmefordeling, hvilket minimerer risikoen for skader under styling. Med en pladel\u00e6ngde p\u00e5 110 mm kan du nemt og hurtigt glatte store h\u00e5rpartier.Start h\u00e5rstylingen p\u00e5 bare 15 sekunder takket v\u00e6re det effektive varmelegeme. Du f\u00e5r tre digitale temperaturindstillinger \u2013 150\u00b0C, 175\u00b0C og 200\u00b0C \u2013 s\u00e5 du kan v\u00e6lge den optimale varme til netop din h\u00e5rtype. En skjult display g\u00f8r betjeningen enkel og elegant.G\u00f8r daglig h\u00e5rstyling nem, sikker og sk\u00e5nsom mod h\u00e5ret med MoistureProtect-glattejern fra Philips. Oplev sunde, glansfulde resultater \u2013 hver gang.<\/p>\n<p>Sammenlign priser p\u00e5 Philips HP8372\/00 Glattejern MoistureProtect og k\u00f8b online til den billigste pris, samt p\u00e5 tilbud!\u00a0\u00a0Tjek den bedste pris, produkt beskrivelse, video, test, anmeldelser osv.<\/p>\n<p><strong>Brand: <\/strong>Philips<br \/>\n<strong>EAN: <\/strong>8710103666028<br \/>\n<strong>Producentens varenr.:<\/strong> 8710103666028<\/p>\n<p><strong>P.S.<\/strong><br \/>\nTilmeld dig til &#8220;Opret Gratis Prisfald Alarm&#8221;, og bliv underrettet med det samme om prisfald p\u00e5 Philips HP8372\/00 Glattejern MoistureProtect, og f\u00e5 den billigste pris!<\/p>\n<p>&nbsp;<\/p>\n<p>&nbsp;<\/p>\n","protected":false},"excerpt":{"rendered":"<p>K\u00f8b billig Philips HP8372\/00 Glattejern MoistureProtect! Oplev n\u00e6nsom h\u00e5rpleje med MoistureProtect-glattejern, der l\u00f8bende tilpasser temperaturen 30 gange i sekundet for at bevare h\u00e5rets naturlige fugtighed. Den innovative sensor beskytter h\u00e5ret mod udt\u00f8rring og giver et sundt, glansfuldt resultat \u2013 hver gang du styler dit h\u00e5r.Den avancerede ionfunktion reducerer statisk elektricitet og forebygger krus, s\u00e5 dit [&hellip;]<\/p>\n","protected":false},"featured_media":999980000004471190,"template":"","meta":[],"store":[1272516],"product_brand":[1272519],"product_cat":[1272448],"product_tag":[1272953,1275180],"class_list":{"0":"post-447119","1":"product","2":"type-product","3":"status-publish","4":"has-post-thumbnail","6":"store-butik24","7":"product_brand-philips","8":"product_cat-haarpleje","9":"product_tag-haarpleje","10":"product_tag-philips","11":"pa_maerke-philips","13":"first","14":"instock","15":"product-type-external"},"_links":{"self":[{"href":"https:\/\/www.pricetornado.com\/da\/wp-json\/wp\/v2\/product\/447119","targetHints":{"allow":["GET"]}}],"collection":[{"href":"https:\/\/www.pricetornado.com\/da\/wp-json\/wp\/v2\/product"}],"about":[{"href":"https:\/\/www.pricetornado.com\/da\/wp-json\/wp\/v2\/types\/product"}],"wp:featuredmedia":[{"embeddable":true,"href":"https:\/\/www.pricetornado.com\/da\/wp-json\/"}],"wp:attachment":[{"href":"https:\/\/www.pricetornado.com\/da\/wp-json\/wp\/v2\/media?parent=447119"}],"wp:term":[{"taxonomy":"store","embeddable":true,"href":"https:\/\/www.pricetornado.com\/da\/wp-json\/wp\/v2\/store?post=447119"},{"taxonomy":"product_brand","embeddable":true,"href":"https:\/\/www.pricetornado.com\/da\/wp-json\/wp\/v2\/product_brand?post=447119"},{"taxonomy":"product_cat","embeddable":true,"href":"https:\/\/www.pricetornado.com\/da\/wp-json\/wp\/v2\/product_cat?post=447119"},{"taxonomy":"product_tag","embeddable":true,"href":"https:\/\/www.pricetornado.com\/da\/wp-json\/wp\/v2\/product_tag?post=447119"}],"curies":[{"name":"wp","href":"https:\/\/api.w.org\/{rel}","templated":true}]}}