{"id":447118,"date":"2025-02-25T06:32:06","date_gmt":"2025-02-25T05:32:06","guid":{"rendered":"https:\/\/www.pricetornado.com\/da\/produkt\/philips-hr3653-00-hoejhastighedsblender-1400w-metal\/"},"modified":"2026-04-17T07:40:49","modified_gmt":"2026-04-17T05:40:49","slug":"philips-hr3653-00-hoejhastighedsblender-1400w-metal","status":"publish","type":"product","link":"https:\/\/www.pricetornado.com\/da\/produkt\/philips-hr3653-00-hoejhastighedsblender-1400w-metal\/","title":{"rendered":"Philips HR3653\/00 H\u00f8jhastighedsblender 1400W &#8211; Metal"},"content":{"rendered":"<p>K\u00f8b billig Philips HR3653\/00 H\u00f8jhastighedsblender 1400W &#8211; Metal!<br \/>\nOplev Philips HR3653\/00 h\u00f8jhastighedsblender, der kombinerer et stilrent look med en robust metalhovedkrop og en stor 2,2 liters kande i Tritan copolyester. Tritan er BPA-frit, s\u00e6rlig holdbart og let, hvilket g\u00f8r blenderen nem at h\u00e5ndtere, samtidig med at materialet har glaslignende klarhed. Denne model sikrer b\u00e5de lang levetid og minimal risiko for brud.Den kraftige 1400 W motor med avanceret ProBlend 6 3D teknologi opn\u00e5r op til 35.000 omdrejninger pr. minut. Det betyder, at selv h\u00e5rde ingredienser blendes effektivt, s\u00e5 du kan nyde cremede smoothies, hjemmelavet mandelm\u00e6lk, n\u00f8ddesm\u00f8r eller frisk sorbet. Blenderen bryder cellestrukturen i frugt og gr\u00f8ntsager og frigiver flere n\u00e6ringsstoffer, hvilket giver dig mere ud af dine r\u00e5varer.Sammenlignet med tidligere modeller fordeler denne blender ingredienserne op til 50 % finere, hvilket sikrer perfekte resultater hver gang.De aftagelige dele (bortset fra knivbladene) kan g\u00e5 i opvaskemaskinen og g\u00f8r reng\u00f8ringen hurtig og enkel. Knivbladene b\u00f8r vaskes op i h\u00e5nden for optimal skarphed. En automatisk sluk-funktion \u00f8ger sikkerheden under brug, s\u00e5 du kan blende trygt hver dag.Du f\u00e5r desuden en to\u00e5rig verdensomsp\u00e6ndende garanti, der understreger blenderens p\u00e5lidelighed og holdbarhed. og opgrader dit moderne k\u00f8kken i dag.<\/p>\n<p>Sammenlign priser p\u00e5 Philips HR3653\/00 H\u00f8jhastighedsblender 1400W &#8211; Metal og k\u00f8b online til den billigste pris, samt p\u00e5 tilbud!\u00a0\u00a0Tjek den bedste pris, produkt beskrivelse, video, test, anmeldelser osv.<\/p>\n<p><strong>Brand: <\/strong>Philips<br \/>\n<strong>EAN: <\/strong>8710103803126<br \/>\n<strong>Producentens varenr.:<\/strong> 8710103803126<\/p>\n<p><strong>P.S.<\/strong><br \/>\nTilmeld dig til &#8220;Opret Gratis Prisfald Alarm&#8221;, og bliv underrettet med det samme om prisfald p\u00e5 Philips HR3653\/00 H\u00f8jhastighedsblender 1400W &#8211; Metal, og f\u00e5 den billigste pris!<\/p>\n<p>&nbsp;<\/p>\n<p>&nbsp;<\/p>\n","protected":false},"excerpt":{"rendered":"<p>K\u00f8b billig Philips HR3653\/00 H\u00f8jhastighedsblender 1400W &#8211; Metal! Oplev Philips HR3653\/00 h\u00f8jhastighedsblender, der kombinerer et stilrent look med en robust metalhovedkrop og en stor 2,2 liters kande i Tritan copolyester. Tritan er BPA-frit, s\u00e6rlig holdbart og let, hvilket g\u00f8r blenderen nem at h\u00e5ndtere, samtidig med at materialet har glaslignende klarhed. Denne model sikrer b\u00e5de lang [&hellip;]<\/p>\n","protected":false},"featured_media":999980000004471180,"template":"","meta":[],"store":[1272516],"product_brand":[1272519],"product_cat":[831418],"product_tag":[1272683,1275180],"class_list":{"0":"post-447118","1":"product","2":"type-product","3":"status-publish","4":"has-post-thumbnail","6":"store-butik24","7":"product_brand-philips","8":"product_cat-koekkenudstyr","9":"product_tag-koekkenudstyr","10":"product_tag-philips","11":"pa_maerke-philips","13":"first","14":"instock","15":"product-type-external"},"_links":{"self":[{"href":"https:\/\/www.pricetornado.com\/da\/wp-json\/wp\/v2\/product\/447118","targetHints":{"allow":["GET"]}}],"collection":[{"href":"https:\/\/www.pricetornado.com\/da\/wp-json\/wp\/v2\/product"}],"about":[{"href":"https:\/\/www.pricetornado.com\/da\/wp-json\/wp\/v2\/types\/product"}],"wp:featuredmedia":[{"embeddable":true,"href":"https:\/\/www.pricetornado.com\/da\/wp-json\/"}],"wp:attachment":[{"href":"https:\/\/www.pricetornado.com\/da\/wp-json\/wp\/v2\/media?parent=447118"}],"wp:term":[{"taxonomy":"store","embeddable":true,"href":"https:\/\/www.pricetornado.com\/da\/wp-json\/wp\/v2\/store?post=447118"},{"taxonomy":"product_brand","embeddable":true,"href":"https:\/\/www.pricetornado.com\/da\/wp-json\/wp\/v2\/product_brand?post=447118"},{"taxonomy":"product_cat","embeddable":true,"href":"https:\/\/www.pricetornado.com\/da\/wp-json\/wp\/v2\/product_cat?post=447118"},{"taxonomy":"product_tag","embeddable":true,"href":"https:\/\/www.pricetornado.com\/da\/wp-json\/wp\/v2\/product_tag?post=447118"}],"curies":[{"name":"wp","href":"https:\/\/api.w.org\/{rel}","templated":true}]}}