{"id":447117,"date":"2025-02-21T14:16:41","date_gmt":"2025-02-21T13:16:41","guid":{"rendered":"https:\/\/www.pricetornado.com\/da\/produkt\/philips-azb798t-12-cd-soundmachine-bluetooth-sort\/"},"modified":"2026-04-30T01:50:01","modified_gmt":"2026-04-29T23:50:01","slug":"philips-azb798t-12-cd-soundmachine-bluetooth-sort","status":"publish","type":"product","link":"https:\/\/www.pricetornado.com\/da\/produkt\/philips-azb798t-12-cd-soundmachine-bluetooth-sort\/","title":{"rendered":"Philips AZB798T\/12 CD Soundmachine Bluetooth &#8211; Sort"},"content":{"rendered":"<p>K\u00f8b billig Philips AZB798T\/12 CD Soundmachine Bluetooth &#8211; Sort!<br \/>\nPhilips CD Soundmachine er et kraftfuldt og transportabelt lydsystem, der leverer en samlet udgangseffekt p\u00e5 12 W RMS. Med sin brugervenlige og lette konstruktion f\u00e5r du en alsidig musikoplevelse, uanset om du er hjemme eller p\u00e5 farten. F\u00e5 gl\u00e6de af dynamisk, dyb lyd takket v\u00e6re basrefleksh\u00f8jttalersystemet og avanceret lydteknologi, og nyd din yndlingsmusik fra et v\u00e6ld af kilder.F\u00e5 optimal lyd uanset genre med Philips&apos; basrefleksh\u00f8jttalersystem og dynamisk basforst\u00e6rkning, der fremh\u00e6ver den dybe og dramatiske lyd. Digital lydkontrol giver dig muligheden for hurtigt at v\u00e6lge forudindstillede profiler til Jazz, Rock, Pop eller Klassisk, s\u00e5 lyden altid matcher din musiksmag.Soundmachinen kan bruges b\u00e5de med netstr\u00f8m og seks 1,5 V R-20\/D batterier, hvilket g\u00f8r den ideel til b\u00e5de hjemmet og ture ud af huset. Med et standbyforbrug p\u00e5 under 0,5 W bidrager den til et lavere energiforbrug og \u00f8get sikkerhed gennem den automatiske standbyfunktion. og find det perfekte lydudstyr til dine behov.<\/p>\n<p>Sammenlign priser p\u00e5 Philips AZB798T\/12 CD Soundmachine Bluetooth &#8211; Sort og k\u00f8b online til den billigste pris, samt p\u00e5 tilbud!\u00a0\u00a0Tjek den bedste pris, produkt beskrivelse, video, test, anmeldelser osv.<\/p>\n<p><strong>Brand: <\/strong>Philips<br \/>\n<strong>EAN: <\/strong>6951613993491<br \/>\n<strong>Producentens varenr.:<\/strong> 6951613993491<\/p>\n<p><strong>P.S.<\/strong><br \/>\nTilmeld dig til &#8220;Opret Gratis Prisfald Alarm&#8221;, og bliv underrettet med det samme om prisfald p\u00e5 Philips AZB798T\/12 CD Soundmachine Bluetooth &#8211; Sort, og f\u00e5 den billigste pris!<\/p>\n<p>&nbsp;<\/p>\n<p>&nbsp;<\/p>\n","protected":false},"excerpt":{"rendered":"<p>K\u00f8b billig Philips AZB798T\/12 CD Soundmachine Bluetooth &#8211; Sort! Philips CD Soundmachine er et kraftfuldt og transportabelt lydsystem, der leverer en samlet udgangseffekt p\u00e5 12 W RMS. Med sin brugervenlige og lette konstruktion f\u00e5r du en alsidig musikoplevelse, uanset om du er hjemme eller p\u00e5 farten. F\u00e5 gl\u00e6de af dynamisk, dyb lyd takket v\u00e6re basrefleksh\u00f8jttalersystemet [&hellip;]<\/p>\n","protected":false},"featured_media":999980000004471170,"template":"","meta":[],"store":[1272516],"product_brand":[1272519],"product_cat":[1272420],"product_tag":[1272994,1275180],"class_list":{"0":"post-447117","1":"product","2":"type-product","3":"status-publish","4":"has-post-thumbnail","6":"store-butik24","7":"product_brand-philips","8":"product_cat-diverse-lyd","9":"product_tag-diverse-lyd","10":"product_tag-philips","11":"pa_maerke-philips","13":"first","14":"instock","15":"product-type-external"},"_links":{"self":[{"href":"https:\/\/www.pricetornado.com\/da\/wp-json\/wp\/v2\/product\/447117","targetHints":{"allow":["GET"]}}],"collection":[{"href":"https:\/\/www.pricetornado.com\/da\/wp-json\/wp\/v2\/product"}],"about":[{"href":"https:\/\/www.pricetornado.com\/da\/wp-json\/wp\/v2\/types\/product"}],"wp:featuredmedia":[{"embeddable":true,"href":"https:\/\/www.pricetornado.com\/da\/wp-json\/"}],"wp:attachment":[{"href":"https:\/\/www.pricetornado.com\/da\/wp-json\/wp\/v2\/media?parent=447117"}],"wp:term":[{"taxonomy":"store","embeddable":true,"href":"https:\/\/www.pricetornado.com\/da\/wp-json\/wp\/v2\/store?post=447117"},{"taxonomy":"product_brand","embeddable":true,"href":"https:\/\/www.pricetornado.com\/da\/wp-json\/wp\/v2\/product_brand?post=447117"},{"taxonomy":"product_cat","embeddable":true,"href":"https:\/\/www.pricetornado.com\/da\/wp-json\/wp\/v2\/product_cat?post=447117"},{"taxonomy":"product_tag","embeddable":true,"href":"https:\/\/www.pricetornado.com\/da\/wp-json\/wp\/v2\/product_tag?post=447117"}],"curies":[{"name":"wp","href":"https:\/\/api.w.org\/{rel}","templated":true}]}}