{"id":447114,"date":"2025-02-22T15:45:05","date_gmt":"2025-02-22T14:45:05","guid":{"rendered":"https:\/\/www.pricetornado.com\/da\/produkt\/philips-hx9911-09-diamondclean-9000-sonisk-eltandboerste-med-app-sort\/"},"modified":"2026-04-17T08:20:03","modified_gmt":"2026-04-17T06:20:03","slug":"philips-hx9911-09-diamondclean-9000-sonisk-eltandboerste-med-app-sort","status":"publish","type":"product","link":"https:\/\/www.pricetornado.com\/da\/produkt\/philips-hx9911-09-diamondclean-9000-sonisk-eltandboerste-med-app-sort\/","title":{"rendered":"Philips HX9911\/09 DiamondClean 9000 Sonisk eltandb\u00f8rste med app &#8211; Sort"},"content":{"rendered":"<p>K\u00f8b billig Philips HX9911\/09 DiamondClean 9000 Sonisk eltandb\u00f8rste med app &#8211; Sort!<br \/>\nF\u00e5 hvidere t\u00e6nder allerede efter 1 dag* med Philips Sonicare DiamondClean 9000, eltandb\u00f8rsten der tilbyder den ypperste blegning kombineret med et elegant, brugervenligt design. Skift til Philips Sonicare for livslangt sundere t\u00e6nder og et smukkere smil.DiamondClean 9000 er fremstillet med fokus p\u00e5 b\u00e5de holdbarhed og stil. Tandb\u00f8rsten leveres med et genopladeligt h\u00e5ndtag, en Premium Plaque Control b\u00f8rste, en eksklusiv glasoplader og et praktisk rejseetui med USB-opladning \u2013 perfekt til b\u00e5de daglig brug og rejser. Du f\u00e5r op til 14 dages brug p\u00e5 \u00e9n opladning, s\u00e5 tandb\u00f8rsten altid er klar, uanset hvor du befinder dig.Brugere af DiamondClean oplever en markant forbedring af mundhygiejnen. Den avancerede soniske teknologi fjerner op til 10 gange mere plak* og giver en grundig dybderensning. Desuden kan den fjerne op til 100% flere misfarvninger* p\u00e5 blot 3 dage og er sk\u00e5nsom mod tandk\u00f8det.V\u00e6lg mellem lav, medium eller h\u00f8j intensitet for en b\u00f8rsteoplevelse, der matcher dine behov.Den robuste konstruktion, lange batterilevetid og det medf\u00f8lgende rejseetui med USB g\u00f8r DiamondClean 9000 til det ideelle valg for b\u00e5de hjemmet og ferien. Tag din tandpleje til n\u00e6ste niveau og oplev fordelene ved Philips\u2019 f\u00f8rende soniske teknologi.*Resultater kan variere. Se hele udvalget af eltandb\u00f8rster p\u00e5 Butik24.<\/p>\n<p>Sammenlign priser p\u00e5 Philips HX9911\/09 DiamondClean 9000 Sonisk eltandb\u00f8rste med app &#8211; Sort og k\u00f8b online til den billigste pris, samt p\u00e5 tilbud!\u00a0\u00a0Tjek den bedste pris, produkt beskrivelse, video, test, anmeldelser osv.<\/p>\n<p><strong>Brand: <\/strong>Philips<br \/>\n<strong>EAN: <\/strong>8710103935957<br \/>\n<strong>Producentens varenr.:<\/strong> 8710103935957<\/p>\n<p><strong>P.S.<\/strong><br \/>\nTilmeld dig til &#8220;Opret Gratis Prisfald Alarm&#8221;, og bliv underrettet med det samme om prisfald p\u00e5 Philips HX9911\/09 DiamondClean 9000 Sonisk eltandb\u00f8rste med app &#8211; Sort, og f\u00e5 den billigste pris!<\/p>\n<p>&nbsp;<\/p>\n<p>&nbsp;<\/p>\n","protected":false},"excerpt":{"rendered":"<p>K\u00f8b billig Philips HX9911\/09 DiamondClean 9000 Sonisk eltandb\u00f8rste med app &#8211; Sort! F\u00e5 hvidere t\u00e6nder allerede efter 1 dag* med Philips Sonicare DiamondClean 9000, eltandb\u00f8rsten der tilbyder den ypperste blegning kombineret med et elegant, brugervenligt design. Skift til Philips Sonicare for livslangt sundere t\u00e6nder og et smukkere smil.DiamondClean 9000 er fremstillet med fokus p\u00e5 b\u00e5de [&hellip;]<\/p>\n","protected":false},"featured_media":999980000004471140,"template":"","meta":[],"store":[1272516],"product_brand":[1272519],"product_cat":[1272446],"product_tag":[1275180,1272715],"class_list":{"0":"post-447114","1":"product","2":"type-product","3":"status-publish","4":"has-post-thumbnail","6":"store-butik24","7":"product_brand-philips","8":"product_cat-tandpleje-2","9":"product_tag-philips","10":"product_tag-tandpleje","11":"pa_maerke-philips","13":"first","14":"instock","15":"product-type-external"},"_links":{"self":[{"href":"https:\/\/www.pricetornado.com\/da\/wp-json\/wp\/v2\/product\/447114","targetHints":{"allow":["GET"]}}],"collection":[{"href":"https:\/\/www.pricetornado.com\/da\/wp-json\/wp\/v2\/product"}],"about":[{"href":"https:\/\/www.pricetornado.com\/da\/wp-json\/wp\/v2\/types\/product"}],"wp:featuredmedia":[{"embeddable":true,"href":"https:\/\/www.pricetornado.com\/da\/wp-json\/"}],"wp:attachment":[{"href":"https:\/\/www.pricetornado.com\/da\/wp-json\/wp\/v2\/media?parent=447114"}],"wp:term":[{"taxonomy":"store","embeddable":true,"href":"https:\/\/www.pricetornado.com\/da\/wp-json\/wp\/v2\/store?post=447114"},{"taxonomy":"product_brand","embeddable":true,"href":"https:\/\/www.pricetornado.com\/da\/wp-json\/wp\/v2\/product_brand?post=447114"},{"taxonomy":"product_cat","embeddable":true,"href":"https:\/\/www.pricetornado.com\/da\/wp-json\/wp\/v2\/product_cat?post=447114"},{"taxonomy":"product_tag","embeddable":true,"href":"https:\/\/www.pricetornado.com\/da\/wp-json\/wp\/v2\/product_tag?post=447114"}],"curies":[{"name":"wp","href":"https:\/\/api.w.org\/{rel}","templated":true}]}}