{"id":447109,"date":"2025-02-27T20:28:25","date_gmt":"2025-02-27T19:28:25","guid":{"rendered":"https:\/\/www.pricetornado.com\/da\/produkt\/nedis-gaming-hoejttaler-hoejttalerkanaler-2-1-usb-drevet-3-5-mm-hanstik-30-w-uden-belysning-volumenkontrol-gspr10021bk\/"},"modified":"2026-04-17T09:10:26","modified_gmt":"2026-04-17T07:10:26","slug":"nedis-gaming-hoejttaler-hoejttalerkanaler-2-1-usb-drevet-3-5-mm-hanstik-30-w-uden-belysning-volumenkontrol-gspr10021bk","status":"publish","type":"product","link":"https:\/\/www.pricetornado.com\/da\/produkt\/nedis-gaming-hoejttaler-hoejttalerkanaler-2-1-usb-drevet-3-5-mm-hanstik-30-w-uden-belysning-volumenkontrol-gspr10021bk\/","title":{"rendered":"Nedis &#8211; Gaming H\u00f8jttaler | H\u00f8jttalerkanaler: 2.1 | USB Drevet | 3.5 mm Hanstik | 30 W | Uden Belysning | Volumenkontrol &#8211; GSPR10021BK"},"content":{"rendered":"<p>K\u00f8b billig Nedis &#8211; Gaming H\u00f8jttaler | H\u00f8jttalerkanaler: 2.1 | USB Drevet | 3.5 mm Hanstik | 30 W | Uden Belysning | Volumenkontrol &#8211; GSPR10021BK!<br \/>\nBring spillene i levende live, n\u00e5r du m\u00e6rker og h\u00f8rer baslyden i dette kraftige Nedis-stereoh\u00f8jttalers\u00e6t til spil, komplet med en kraftig subwoofer i tr\u00e6. Disse h\u00f8jttalere leverer 2.1-stereolyd i ultimativ ydeevne fra deres kompakte rammer og sluttes blot til USB-porten for at levere deres soniske baslyd.<\/p>\n<p>Sammenlign priser p\u00e5 Nedis &#8211; Gaming H\u00f8jttaler | H\u00f8jttalerkanaler: 2.1 | USB Drevet | 3.5 mm Hanstik | 30 W | Uden Belysning | Volumenkontrol &#8211; GSPR10021BK og k\u00f8b online til den billigste pris, samt p\u00e5 tilbud!\u00a0\u00a0Tjek den bedste pris, produkt beskrivelse, video, test, anmeldelser osv.<\/p>\n<p><strong>Brand: <\/strong>Nedis<br \/>\n<strong>EAN: <\/strong>5412810270439<br \/>\n<strong>Producentens varenr.:<\/strong> 5412810270439<\/p>\n<p><strong>P.S.<\/strong><br \/>\nTilmeld dig til &#8220;Opret Gratis Prisfald Alarm&#8221;, og bliv underrettet med det samme om prisfald p\u00e5 Nedis &#8211; Gaming H\u00f8jttaler | H\u00f8jttalerkanaler: 2.1 | USB Drevet | 3.5 mm Hanstik | 30 W | Uden Belysning | Volumenkontrol &#8211; GSPR10021BK, og f\u00e5 den billigste pris!<\/p>\n<p>&nbsp;<\/p>\n<p>&nbsp;<\/p>\n","protected":false},"excerpt":{"rendered":"<p>K\u00f8b billig Nedis &#8211; Gaming H\u00f8jttaler | H\u00f8jttalerkanaler: 2.1 | USB Drevet | 3.5 mm Hanstik | 30 W | Uden Belysning | Volumenkontrol &#8211; GSPR10021BK! Bring spillene i levende live, n\u00e5r du m\u00e6rker og h\u00f8rer baslyden i dette kraftige Nedis-stereoh\u00f8jttalers\u00e6t til spil, komplet med en kraftig subwoofer i tr\u00e6. Disse h\u00f8jttalere leverer 2.1-stereolyd i [&hellip;]<\/p>\n","protected":false},"featured_media":999980000004471090,"template":"","meta":[],"store":[1272516],"product_brand":[1272517],"product_cat":[1272425],"product_tag":[1272686,1275178],"class_list":{"0":"post-447109","1":"product","2":"type-product","3":"status-publish","4":"has-post-thumbnail","6":"store-butik24","7":"product_brand-nedis","8":"product_cat-gaming-2","9":"product_tag-gaming","10":"product_tag-nedis","11":"pa_maerke-nedis","13":"first","14":"instock","15":"product-type-external"},"_links":{"self":[{"href":"https:\/\/www.pricetornado.com\/da\/wp-json\/wp\/v2\/product\/447109","targetHints":{"allow":["GET"]}}],"collection":[{"href":"https:\/\/www.pricetornado.com\/da\/wp-json\/wp\/v2\/product"}],"about":[{"href":"https:\/\/www.pricetornado.com\/da\/wp-json\/wp\/v2\/types\/product"}],"wp:featuredmedia":[{"embeddable":true,"href":"https:\/\/www.pricetornado.com\/da\/wp-json\/"}],"wp:attachment":[{"href":"https:\/\/www.pricetornado.com\/da\/wp-json\/wp\/v2\/media?parent=447109"}],"wp:term":[{"taxonomy":"store","embeddable":true,"href":"https:\/\/www.pricetornado.com\/da\/wp-json\/wp\/v2\/store?post=447109"},{"taxonomy":"product_brand","embeddable":true,"href":"https:\/\/www.pricetornado.com\/da\/wp-json\/wp\/v2\/product_brand?post=447109"},{"taxonomy":"product_cat","embeddable":true,"href":"https:\/\/www.pricetornado.com\/da\/wp-json\/wp\/v2\/product_cat?post=447109"},{"taxonomy":"product_tag","embeddable":true,"href":"https:\/\/www.pricetornado.com\/da\/wp-json\/wp\/v2\/product_tag?post=447109"}],"curies":[{"name":"wp","href":"https:\/\/api.w.org\/{rel}","templated":true}]}}