{"id":447105,"date":"2025-02-27T12:27:10","date_gmt":"2025-02-27T11:27:10","guid":{"rendered":"https:\/\/www.pricetornado.com\/da\/produkt\/philips-hue-white-1-pak-a67-e27-paere\/"},"modified":"2026-04-17T06:20:34","modified_gmt":"2026-04-17T04:20:34","slug":"philips-hue-white-1-pak-a67-e27-paere","status":"publish","type":"product","link":"https:\/\/www.pricetornado.com\/da\/produkt\/philips-hue-white-1-pak-a67-e27-paere\/","title":{"rendered":"Philips Hue White 1-pak A67 E27 P\u00e6re"},"content":{"rendered":"<p>K\u00f8b billig Philips Hue White 1-pak A67 E27 P\u00e6re!<br \/>\nOplev klart, bl\u00f8dt og funktionelt lys i garagen, k\u00f8kkenet eller et hvilket som helst rum med Philips Hue White A67 E27 LED-p\u00e6ren. Med et imponerende lysudbytte p\u00e5 1600 lumen, svarende til en traditionel 100W gl\u00f8dep\u00e6re, f\u00e5r du et kraftigt hvidt lys, der skaber den perfekte atmosf\u00e6re til hverdagens opgaver eller hyggestunder. P\u00e6ren giver fleksibel og energieffektiv belysning, som du kan tilpasse direkte fra din smartphone eller med stemmestyring.Philips Hue White LED-p\u00e6ren underst\u00f8tter b\u00e5de Bluetooth og Zigbee. Med Bluetooth kan du let styre op til 10 lyskilder i et rum direkte via Hue Bluetooth appen \u2013 perfekt til en hurtig og enkel opstart med intelligent belysning. \u00d8nsker du endnu flere muligheder, kan du tilf\u00f8je en Hue Bridge, som giver adgang til avancerede funktioner som fjernstyring, automatisering og muligheden for at styre op til 50 lyskilder samt intelligent tilbeh\u00f8r i hele hjemmet.Betjen din Philips Hue-p\u00e6re h\u00e5ndfrit ved at forbinde den til kompatible enheder som Amazon Echo eller Google Home. Med stemmestyring kan du t\u00e6nde, slukke eller d\u00e6mpe lyset uden at r\u00f8re en kontakt \u2013 alt sammen for \u00f8get komfort og bekvemmelighed i hverdagen.P\u00e6ren benytter avanceret LED-teknologi og har en standard E27-fatning, s\u00e5 den passer i de fleste lampeudtag. Med et lavt energiforbrug p\u00e5 kun 15,5W (energim\u00e6rke F) og en lang levetid p\u00e5 op til 25.000 timer samt 50.000 t\u00e6nd-\/slukcyklusser er denne p\u00e6re en holdbar og \u00f8konomisk l\u00f8sning til dit hjem. Den er designet til at fungere under varierende forhold og t\u00e5ler temperaturer fra -20\u00b0C til 45\u00b0C samt fugtighed p\u00e5 5\u201395 % (ikke-kondenserende).Med smart, tr\u00e5dl\u00f8s d\u00e6mpning kan du nemt justere lysstyrken efter behov direkte fra telefonen \u2013 uden behov for ledninger eller ekstra v\u00e6gkontakter. N\u00e5r p\u00e6ren tilsluttes Hue Bridge eller Bluetooth appen, kan du desuden modtage l\u00f8bende firmwareopdateringer for at sikre de nyeste funktioner og optimal drift.Lang levetid: op til 25.000 timer og 50.000 t\u00e6nd-\/slukcyklusserOpgrader din belysning med Philips Hue White A67 E27 LED-p\u00e6ren og oplev, hvordan intelligent og fleksibel belysning kan forvandle dit hjem \u2013 b\u00e5de med komfort, effektivitet og stil.<\/p>\n<p>Sammenlign priser p\u00e5 Philips Hue White 1-pak A67 E27 P\u00e6re og k\u00f8b online til den billigste pris, samt p\u00e5 tilbud!\u00a0\u00a0Tjek den bedste pris, produkt beskrivelse, video, test, anmeldelser osv.<\/p>\n<p><strong>Brand: <\/strong>Philips Hue<br \/>\n<strong>EAN: <\/strong>8719514343320<br \/>\n<strong>Producentens varenr.:<\/strong> 8719514343320<\/p>\n<p><strong>P.S.<\/strong><br \/>\nTilmeld dig til &#8220;Opret Gratis Prisfald Alarm&#8221;, og bliv underrettet med det samme om prisfald p\u00e5 Philips Hue White 1-pak A67 E27 P\u00e6re, og f\u00e5 den billigste pris!<\/p>\n<p>&nbsp;<\/p>\n<p>&nbsp;<\/p>\n","protected":false},"excerpt":{"rendered":"<p>K\u00f8b billig Philips Hue White 1-pak A67 E27 P\u00e6re! Oplev klart, bl\u00f8dt og funktionelt lys i garagen, k\u00f8kkenet eller et hvilket som helst rum med Philips Hue White A67 E27 LED-p\u00e6ren. Med et imponerende lysudbytte p\u00e5 1600 lumen, svarende til en traditionel 100W gl\u00f8dep\u00e6re, f\u00e5r du et kraftigt hvidt lys, der skaber den perfekte atmosf\u00e6re [&hellip;]<\/p>\n","protected":false},"featured_media":999980000004471050,"template":"","meta":[],"store":[1272516],"product_brand":[1272523],"product_cat":[1272422],"product_tag":[1272767],"class_list":{"0":"post-447105","1":"product","2":"type-product","3":"status-publish","4":"has-post-thumbnail","6":"store-butik24","7":"product_brand-philips-hue","8":"product_cat-philips-hue","9":"product_tag-philips-hue","10":"pa_maerke-philips-hue","12":"first","13":"instock","14":"product-type-external"},"_links":{"self":[{"href":"https:\/\/www.pricetornado.com\/da\/wp-json\/wp\/v2\/product\/447105","targetHints":{"allow":["GET"]}}],"collection":[{"href":"https:\/\/www.pricetornado.com\/da\/wp-json\/wp\/v2\/product"}],"about":[{"href":"https:\/\/www.pricetornado.com\/da\/wp-json\/wp\/v2\/types\/product"}],"wp:featuredmedia":[{"embeddable":true,"href":"https:\/\/www.pricetornado.com\/da\/wp-json\/"}],"wp:attachment":[{"href":"https:\/\/www.pricetornado.com\/da\/wp-json\/wp\/v2\/media?parent=447105"}],"wp:term":[{"taxonomy":"store","embeddable":true,"href":"https:\/\/www.pricetornado.com\/da\/wp-json\/wp\/v2\/store?post=447105"},{"taxonomy":"product_brand","embeddable":true,"href":"https:\/\/www.pricetornado.com\/da\/wp-json\/wp\/v2\/product_brand?post=447105"},{"taxonomy":"product_cat","embeddable":true,"href":"https:\/\/www.pricetornado.com\/da\/wp-json\/wp\/v2\/product_cat?post=447105"},{"taxonomy":"product_tag","embeddable":true,"href":"https:\/\/www.pricetornado.com\/da\/wp-json\/wp\/v2\/product_tag?post=447105"}],"curies":[{"name":"wp","href":"https:\/\/api.w.org\/{rel}","templated":true}]}}