{"id":447096,"date":"2025-02-22T23:41:46","date_gmt":"2025-02-22T22:41:46","guid":{"rendered":"https:\/\/www.pricetornado.com\/da\/produkt\/nedis-smartlife-video-doertelefon-wi-fi-batteri-full-hd-1080p-cloud-storage-mulighed-microsd-ikke-inkluderet-ip54-med-bevaegelsessensor-nattesyn-graa\/"},"modified":"2026-04-18T02:29:03","modified_gmt":"2026-04-18T00:29:03","slug":"nedis-smartlife-video-doertelefon-wi-fi-batteri-full-hd-1080p-cloud-storage-mulighed-microsd-ikke-inkluderet-ip54-med-bevaegelsessensor-nattesyn-graa","status":"publish","type":"product","link":"https:\/\/www.pricetornado.com\/da\/produkt\/nedis-smartlife-video-doertelefon-wi-fi-batteri-full-hd-1080p-cloud-storage-mulighed-microsd-ikke-inkluderet-ip54-med-bevaegelsessensor-nattesyn-graa\/","title":{"rendered":"NEDIS SmartLife Video D\u00f8rtelefon | Wi-Fi | Batteri | Full HD 1080p | Cloud Storage (mulighed) \/ microSD (ikke inkluderet) | IP54 | Med bev\u00e6gelsessensor | Nattesyn | Gr\u00e5"},"content":{"rendered":"<p>K\u00f8b billig NEDIS SmartLife Video D\u00f8rtelefon | Wi-Fi | Batteri | Full HD 1080p | Cloud Storage (mulighed) \/ microSD (ikke inkluderet) | IP54 | Med bev\u00e6gelsessensor | Nattesyn | Gr\u00e5!<br \/>\nMed denne Nedis SmartLife video d\u00f8rklokke ved du altid, hvem der er ved d\u00f8ren, uanset hvor du befinder dig. Den 100 % tr\u00e5dl\u00f8se d\u00f8rklokke har batteridrift med en kapacitet p\u00e5 5200mAh (inkl. 2x 18650 batterier), hvilket giver op til 4 m\u00e5neders standbytid. Du kan nemt og hurtigt installere enheden, da den kun kr\u00e6ver Wi-Fi-forbindelse og ikke nogen ledningsf\u00f8ring. Plastikhuset g\u00f8r d\u00f8rklokken let (kun 236g), samtidig med at det sikrer god holdbarhed til udend\u00f8rs brug.Det indbyggede Full HD 1080p-kamera giver dig krystalklare billeder og har en imponerende 180\u00b0 visningsvinkel, s\u00e5 du f\u00e5r det fulde overblik over omr\u00e5det foran din d\u00f8r. Nattesyn underst\u00f8ttes op til 5 meter, s\u00e5 du tydeligt kan se, hvem der er p\u00e5 bes\u00f8g \u2013 d\u00f8gnet rundt. Den justerbare PIR-bev\u00e6gelsessensor sender pushmeddelelser direkte til din smartphone, n\u00e5r nogen n\u00e6rmer sig eller ringer p\u00e5.Gennem Nedis\u00ae SmartLife-appen kan du bruge to-vejs kommunikation, s\u00e5 du kan tale med dem, der st\u00e5r ved d\u00f8ren \u2013 uanset om du vil give instruktioner til posten eller afvise u\u00f8nskede g\u00e6ster. Optagelser kan gemmes enten lokalt p\u00e5 et microSD-kort (medf\u00f8lger ikke) eller i skyen, s\u00e5 du altid har adgang til dine billeder og videoer.Du kan besvare bes\u00f8gende fra en hvilken som helst placering i verden, forudsat at din smartphone har internetforbindelse. Det \u00f8ger trygheden og f\u00e5r det til at se ud, som om du altid er hjemme. Billeder og video kan ses, n\u00e5r det passer dig, da de lagres sikkert. V\u00e6r opm\u00e6rksom p\u00e5, at det er dit ansvar som bruger at overholde g\u00e6ldende love om brug og optagelse af video.<\/p>\n<p>Sammenlign priser p\u00e5 NEDIS SmartLife Video D\u00f8rtelefon | Wi-Fi | Batteri | Full HD 1080p | Cloud Storage (mulighed) \/ microSD (ikke inkluderet) | IP54 | Med bev\u00e6gelsessensor | Nattesyn | Gr\u00e5 og k\u00f8b online til den billigste pris, samt p\u00e5 tilbud!\u00a0\u00a0Tjek den bedste pris, produkt beskrivelse, video, test, anmeldelser osv.<\/p>\n<p><strong>Brand: <\/strong>NEDIS<br \/>\n<strong>EAN: <\/strong>5412810330287<br \/>\n<strong>Producentens varenr.:<\/strong> 5412810330287<\/p>\n<p><strong>P.S.<\/strong><br \/>\nTilmeld dig til &#8220;Opret Gratis Prisfald Alarm&#8221;, og bliv underrettet med det samme om prisfald p\u00e5 NEDIS SmartLife Video D\u00f8rtelefon | Wi-Fi | Batteri | Full HD 1080p | Cloud Storage (mulighed) \/ microSD (ikke inkluderet) | IP54 | Med bev\u00e6gelsessensor | Nattesyn | Gr\u00e5, og f\u00e5 den billigste pris!<\/p>\n<p>&nbsp;<\/p>\n<p>&nbsp;<\/p>\n","protected":false},"excerpt":{"rendered":"<p>K\u00f8b billig NEDIS SmartLife Video D\u00f8rtelefon | Wi-Fi | Batteri | Full HD 1080p | Cloud Storage (mulighed) \/ microSD (ikke inkluderet) | IP54 | Med bev\u00e6gelsessensor | Nattesyn | Gr\u00e5! Med denne Nedis SmartLife video d\u00f8rklokke ved du altid, hvem der er ved d\u00f8ren, uanset hvor du befinder dig. Den 100 % tr\u00e5dl\u00f8se d\u00f8rklokke [&hellip;]<\/p>\n","protected":false},"featured_media":999980000004470960,"template":"","meta":[],"store":[1272516],"product_brand":[1272517],"product_cat":[1272462],"product_tag":[1275178,1272692],"class_list":{"0":"post-447096","1":"product","2":"type-product","3":"status-publish","4":"has-post-thumbnail","6":"store-butik24","7":"product_brand-nedis","8":"product_cat-smart-home","9":"product_tag-nedis","10":"product_tag-smart-home","11":"pa_maerke-nedis","13":"first","14":"instock","15":"product-type-external"},"_links":{"self":[{"href":"https:\/\/www.pricetornado.com\/da\/wp-json\/wp\/v2\/product\/447096","targetHints":{"allow":["GET"]}}],"collection":[{"href":"https:\/\/www.pricetornado.com\/da\/wp-json\/wp\/v2\/product"}],"about":[{"href":"https:\/\/www.pricetornado.com\/da\/wp-json\/wp\/v2\/types\/product"}],"wp:featuredmedia":[{"embeddable":true,"href":"https:\/\/www.pricetornado.com\/da\/wp-json\/"}],"wp:attachment":[{"href":"https:\/\/www.pricetornado.com\/da\/wp-json\/wp\/v2\/media?parent=447096"}],"wp:term":[{"taxonomy":"store","embeddable":true,"href":"https:\/\/www.pricetornado.com\/da\/wp-json\/wp\/v2\/store?post=447096"},{"taxonomy":"product_brand","embeddable":true,"href":"https:\/\/www.pricetornado.com\/da\/wp-json\/wp\/v2\/product_brand?post=447096"},{"taxonomy":"product_cat","embeddable":true,"href":"https:\/\/www.pricetornado.com\/da\/wp-json\/wp\/v2\/product_cat?post=447096"},{"taxonomy":"product_tag","embeddable":true,"href":"https:\/\/www.pricetornado.com\/da\/wp-json\/wp\/v2\/product_tag?post=447096"}],"curies":[{"name":"wp","href":"https:\/\/api.w.org\/{rel}","templated":true}]}}