{"id":447093,"date":"2025-02-21T16:04:11","date_gmt":"2025-02-21T15:04:11","guid":{"rendered":"https:\/\/www.pricetornado.com\/da\/produkt\/nedis-teleskoproer-til-stoevsuger-32-mm-580-mm-980-mm-chrome-soelv-vctu12032\/"},"modified":"2026-04-17T11:20:21","modified_gmt":"2026-04-17T09:20:21","slug":"nedis-teleskoproer-til-stoevsuger-32-mm-580-mm-980-mm-chrome-soelv-vctu12032","status":"publish","type":"product","link":"https:\/\/www.pricetornado.com\/da\/produkt\/nedis-teleskoproer-til-stoevsuger-32-mm-580-mm-980-mm-chrome-soelv-vctu12032\/","title":{"rendered":"Nedis &#8211; Teleskopr\u00f8r til St\u00f8vsuger | 32 mm | 580 mm | 980 mm | Chrome | S\u00f8lv &#8211; VCTU12032"},"content":{"rendered":"<p>K\u00f8b billig Nedis &#8211; Teleskopr\u00f8r til St\u00f8vsuger | 32 mm | 580 mm | 980 mm | Chrome | S\u00f8lv &#8211; VCTU12032!<br \/>\nDette teleskopr\u00f8r til st\u00f8vsuger er lavet i slidst\u00e6rkt krom med en elegant s\u00f8lvfinish, hvilket giver lang levetid og modstandsdygtighed over for rust og dagligt slid. R\u00f8ret har en diameter p\u00e5 32 mm og er kompatibelt med flere popul\u00e6re st\u00f8vsugerm\u00e6rker, herunder Electrolux, Nilfisk og Numatic.Teleskopr\u00f8ret kan nemt justeres i l\u00e6ngden fra 580 mm til 980 mm, s\u00e5 du kan tilpasse det pr\u00e6cist til din reng\u00f8ringsopgave. Med det praktiske steplock-system sikres stabilitet, idet r\u00f8ret l\u00e5ses fast i den \u00f8nskede l\u00e6ngde og forhindrer forskydning under brug.Med dette funktionelle og holdbare teleskopr\u00f8r til st\u00f8vsuger g\u00f8r du reng\u00f8ringen nemmere og mere komfortabel. Oplev flere smarte l\u00f8sninger til hjemmet i vores udvalg af tilbeh\u00f8r.<\/p>\n<p>Sammenlign priser p\u00e5 Nedis &#8211; Teleskopr\u00f8r til St\u00f8vsuger | 32 mm | 580 mm | 980 mm | Chrome | S\u00f8lv &#8211; VCTU12032 og k\u00f8b online til den billigste pris, samt p\u00e5 tilbud!\u00a0\u00a0Tjek den bedste pris, produkt beskrivelse, video, test, anmeldelser osv.<\/p>\n<p><strong>Brand: <\/strong>Nedis<br \/>\n<strong>EAN: <\/strong>5412810305643<br \/>\n<strong>Producentens varenr.:<\/strong> 5412810305643<\/p>\n<p><strong>P.S.<\/strong><br \/>\nTilmeld dig til &#8220;Opret Gratis Prisfald Alarm&#8221;, og bliv underrettet med det samme om prisfald p\u00e5 Nedis &#8211; Teleskopr\u00f8r til St\u00f8vsuger | 32 mm | 580 mm | 980 mm | Chrome | S\u00f8lv &#8211; VCTU12032, og f\u00e5 den billigste pris!<\/p>\n<p>&nbsp;<\/p>\n<p>&nbsp;<\/p>\n","protected":false},"excerpt":{"rendered":"<p>K\u00f8b billig Nedis &#8211; Teleskopr\u00f8r til St\u00f8vsuger | 32 mm | 580 mm | 980 mm | Chrome | S\u00f8lv &#8211; VCTU12032! Dette teleskopr\u00f8r til st\u00f8vsuger er lavet i slidst\u00e6rkt krom med en elegant s\u00f8lvfinish, hvilket giver lang levetid og modstandsdygtighed over for rust og dagligt slid. R\u00f8ret har en diameter p\u00e5 32 mm og [&hellip;]<\/p>\n","protected":false},"featured_media":999980000004470930,"template":"","meta":[],"store":[1272516],"product_brand":[1272517],"product_cat":[1272466],"product_tag":[1275178,1272776],"class_list":{"0":"post-447093","1":"product","2":"type-product","3":"status-publish","4":"has-post-thumbnail","6":"store-butik24","7":"product_brand-nedis","8":"product_cat-stoevsugning","9":"product_tag-nedis","10":"product_tag-stoevsugning","11":"pa_maerke-nedis","13":"first","14":"instock","15":"product-type-external"},"_links":{"self":[{"href":"https:\/\/www.pricetornado.com\/da\/wp-json\/wp\/v2\/product\/447093","targetHints":{"allow":["GET"]}}],"collection":[{"href":"https:\/\/www.pricetornado.com\/da\/wp-json\/wp\/v2\/product"}],"about":[{"href":"https:\/\/www.pricetornado.com\/da\/wp-json\/wp\/v2\/types\/product"}],"wp:featuredmedia":[{"embeddable":true,"href":"https:\/\/www.pricetornado.com\/da\/wp-json\/"}],"wp:attachment":[{"href":"https:\/\/www.pricetornado.com\/da\/wp-json\/wp\/v2\/media?parent=447093"}],"wp:term":[{"taxonomy":"store","embeddable":true,"href":"https:\/\/www.pricetornado.com\/da\/wp-json\/wp\/v2\/store?post=447093"},{"taxonomy":"product_brand","embeddable":true,"href":"https:\/\/www.pricetornado.com\/da\/wp-json\/wp\/v2\/product_brand?post=447093"},{"taxonomy":"product_cat","embeddable":true,"href":"https:\/\/www.pricetornado.com\/da\/wp-json\/wp\/v2\/product_cat?post=447093"},{"taxonomy":"product_tag","embeddable":true,"href":"https:\/\/www.pricetornado.com\/da\/wp-json\/wp\/v2\/product_tag?post=447093"}],"curies":[{"name":"wp","href":"https:\/\/api.w.org\/{rel}","templated":true}]}}