{"id":447089,"date":"2025-02-24T18:24:17","date_gmt":"2025-02-24T17:24:17","guid":{"rendered":"https:\/\/www.pricetornado.com\/da\/produkt\/peugeot-paris-us-peberkvaern-40-cm-choko-boeg\/"},"modified":"2026-05-01T10:00:27","modified_gmt":"2026-05-01T08:00:27","slug":"peugeot-paris-us-peberkvaern-40-cm-choko-boeg","status":"publish","type":"product","link":"https:\/\/www.pricetornado.com\/da\/produkt\/peugeot-paris-us-peberkvaern-40-cm-choko-boeg\/","title":{"rendered":"Peugeot Paris uS Peberkv\u00e6rn 40 cm Choko B\u00f8g"},"content":{"rendered":"<p>K\u00f8b billig Peugeot Paris uS Peberkv\u00e6rn 40 cm Choko B\u00f8g!<br \/>\nPeugeot Paris u&apos;S er Peugeots signaturmodel og kv\u00e6rnklassikeren over dem alle. Denne manuelle peberkv\u00e6rn er fremstillet af holdbart b\u00f8getr\u00e6 med en elegant chokoladefinish. Tr\u00e6et stammer fra PEFC-certificerede franske skove og sikrer dermed b\u00e5de ansvarligt skovbrug og en b\u00e6redygtig r\u00e5vare. Med en h\u00f8jde p\u00e5 40 cm tilbyder kv\u00e6rnen et ergonomisk design, der ligger godt i h\u00e5nden og g\u00f8r den let at bruge \u2013 ogs\u00e5 ved st\u00f8rre madlavningsopgaver.Peugeot Paris u&apos;S peberkv\u00e6rn er udstyret med Peugeots patenterede u\u2019Select-system, der giver dig seks pr\u00e6cise indstillinger \u2013 fra helt fint til groft. Du drejer blot ringen i bunden for at v\u00e6lge \u00f8nsket formalingsgrad, og indstillingen forbliver fast under brug, hvilket sikrer ensartede resultater hver gang.Ved at v\u00e6lge Peugeot Paris u&apos;S peberkv\u00e6rn f\u00e5r du en klassisk, robust og pr\u00e6cis kv\u00e6rn, hvor funktionalitet, b\u00e6redygtighed og godt h\u00e5ndv\u00e6rk g\u00e5r h\u00e5nd i h\u00e5nd. her.<\/p>\n<p>Sammenlign priser p\u00e5 Peugeot Paris uS Peberkv\u00e6rn 40 cm Choko B\u00f8g og k\u00f8b online til den billigste pris, samt p\u00e5 tilbud!\u00a0\u00a0Tjek den bedste pris, produkt beskrivelse, video, test, anmeldelser osv.<\/p>\n<p><strong>Brand: <\/strong>Peugeot<br \/>\n<strong>EAN: <\/strong>4006950023546<br \/>\n<strong>Producentens varenr.:<\/strong> 4006950023546<\/p>\n<p><strong>P.S.<\/strong><br \/>\nTilmeld dig til &#8220;Opret Gratis Prisfald Alarm&#8221;, og bliv underrettet med det samme om prisfald p\u00e5 Peugeot Paris uS Peberkv\u00e6rn 40 cm Choko B\u00f8g, og f\u00e5 den billigste pris!<\/p>\n<p>&nbsp;<\/p>\n<p>&nbsp;<\/p>\n","protected":false},"excerpt":{"rendered":"<p>K\u00f8b billig Peugeot Paris uS Peberkv\u00e6rn 40 cm Choko B\u00f8g! Peugeot Paris u&apos;S er Peugeots signaturmodel og kv\u00e6rnklassikeren over dem alle. Denne manuelle peberkv\u00e6rn er fremstillet af holdbart b\u00f8getr\u00e6 med en elegant chokoladefinish. Tr\u00e6et stammer fra PEFC-certificerede franske skove og sikrer dermed b\u00e5de ansvarligt skovbrug og en b\u00e6redygtig r\u00e5vare. Med en h\u00f8jde p\u00e5 40 cm [&hellip;]<\/p>\n","protected":false},"featured_media":999980000004470890,"template":"","meta":[],"store":[1272516],"product_brand":[1272520],"product_cat":[1272410],"product_tag":[1272681,1275187],"class_list":{"0":"post-447089","1":"product","2":"type-product","3":"status-publish","4":"has-post-thumbnail","6":"store-butik24","7":"product_brand-peugeot","8":"product_cat-koekkengrej","9":"product_tag-koekkengrej","10":"product_tag-peugeot","11":"pa_maerke-peugeot","13":"first","14":"instock","15":"product-type-external"},"_links":{"self":[{"href":"https:\/\/www.pricetornado.com\/da\/wp-json\/wp\/v2\/product\/447089","targetHints":{"allow":["GET"]}}],"collection":[{"href":"https:\/\/www.pricetornado.com\/da\/wp-json\/wp\/v2\/product"}],"about":[{"href":"https:\/\/www.pricetornado.com\/da\/wp-json\/wp\/v2\/types\/product"}],"wp:featuredmedia":[{"embeddable":true,"href":"https:\/\/www.pricetornado.com\/da\/wp-json\/"}],"wp:attachment":[{"href":"https:\/\/www.pricetornado.com\/da\/wp-json\/wp\/v2\/media?parent=447089"}],"wp:term":[{"taxonomy":"store","embeddable":true,"href":"https:\/\/www.pricetornado.com\/da\/wp-json\/wp\/v2\/store?post=447089"},{"taxonomy":"product_brand","embeddable":true,"href":"https:\/\/www.pricetornado.com\/da\/wp-json\/wp\/v2\/product_brand?post=447089"},{"taxonomy":"product_cat","embeddable":true,"href":"https:\/\/www.pricetornado.com\/da\/wp-json\/wp\/v2\/product_cat?post=447089"},{"taxonomy":"product_tag","embeddable":true,"href":"https:\/\/www.pricetornado.com\/da\/wp-json\/wp\/v2\/product_tag?post=447089"}],"curies":[{"name":"wp","href":"https:\/\/api.w.org\/{rel}","templated":true}]}}