{"id":447085,"date":"2025-02-24T03:04:51","date_gmt":"2025-02-24T02:04:51","guid":{"rendered":"https:\/\/www.pricetornado.com\/da\/produkt\/philips-hue-impress-udendoers-vaeglampe\/"},"modified":"2026-04-17T08:00:25","modified_gmt":"2026-04-17T06:00:25","slug":"philips-hue-impress-udendoers-vaeglampe","status":"publish","type":"product","link":"https:\/\/www.pricetornado.com\/da\/produkt\/philips-hue-impress-udendoers-vaeglampe\/","title":{"rendered":"Philips HUE Impress udend\u00f8rs v\u00e6glampe"},"content":{"rendered":"<p>K\u00f8b billig Philips HUE Impress udend\u00f8rs v\u00e6glampe!<br \/>\nOplev fleksibel og stemningsskabende belysning udend\u00f8rs med Philips Hue Impress v\u00e6glampe. Udvid dit Hue system til terrassen, altanen eller indk\u00f8rslen, og f\u00e5 avanceret lysstyring i haven. Lampen tilsluttes din eksisterende Philips Hue Bridge, hvilket giver adgang til alle de smarte funktioner som fjernbetjening via appen, geofencing, timere og automatiserede lysplaner. Philips Hue Bridge medf\u00f8lger ikke.Philips Hue Impress g\u00f8r det nemt at skabe unikke udend\u00f8rsoplevelser \u00e5ret rundt. V\u00e6lg mellem 16 millioner farver og alle nuancer af hvidt lys fra varmt 2000K til k\u00f8ligt dagslys 6500K, s\u00e5 du kan s\u00e6tte den rette stemning til hver \u00e5rstid og h\u00f8jtid:Gem dine favoritindstillinger i Hue appen og skift stemning med et tryk, s\u00e5 haven altid afspejler dit hum\u00f8r eller lejlighed.S\u00e5 beh\u00f8ver du aldrig bekymre dig om, hvorvidt du har slukket lyset.Impress v\u00e6glampen er fremstillet i robust aluminium og h\u00e6rdet glas, som er specialudvalgt for at modst\u00e5 vind og vejr uden at p\u00e5virke radiosignalerne. Med en IP44-klassificering er lampen beskyttet mod vandspr\u00f8jt fra alle retninger og ideel til typisk dansk udend\u00f8rsklima.Lampen er udstyret med integreret LED-teknologi, der yder et kraftigt lysforbrug p\u00e5 blot 8 watt og har en levetid p\u00e5 op til 25.000 timer. Med klasse II dobbelt isolering er sikkerheden i top, hvilket minimerer risikoen for elektrisk st\u00f8d.Impress v\u00e6glampen giver et st\u00e6rkt lys, der effektivt kan oplyse indgange, stier og havens detaljer for b\u00e5de \u00f8get tryghed og \u00e6stetisk udtryk. D\u00e6mp lyset eller just\u00e9r farverne, s\u00e5 du altid f\u00e5r en belysning, der passer til situationen \u2013 hvad enten det er en hyggelig aften eller et festligt arrangement.Oplev intelligent udend\u00f8rsbelysning med Philips Hue, der kan tilpasses og styres pr\u00e6cis efter dine behov fra mobilen, stemmen eller indend\u00f8rs kontakter \u2013 og l\u00f8ft udend\u00f8rsstemningen til nye h\u00f8jder.<\/p>\n<p>Sammenlign priser p\u00e5 Philips HUE Impress udend\u00f8rs v\u00e6glampe og k\u00f8b online til den billigste pris, samt p\u00e5 tilbud!\u00a0\u00a0Tjek den bedste pris, produkt beskrivelse, video, test, anmeldelser osv.<\/p>\n<p><strong>Brand: <\/strong>Philips Hue<br \/>\n<strong>EAN: <\/strong>8718696170489<br \/>\n<strong>Producentens varenr.:<\/strong> 8718696170489<\/p>\n<p><strong>P.S.<\/strong><br \/>\nTilmeld dig til &#8220;Opret Gratis Prisfald Alarm&#8221;, og bliv underrettet med det samme om prisfald p\u00e5 Philips HUE Impress udend\u00f8rs v\u00e6glampe, og f\u00e5 den billigste pris!<\/p>\n<p>&nbsp;<\/p>\n<p>&nbsp;<\/p>\n","protected":false},"excerpt":{"rendered":"<p>K\u00f8b billig Philips HUE Impress udend\u00f8rs v\u00e6glampe! Oplev fleksibel og stemningsskabende belysning udend\u00f8rs med Philips Hue Impress v\u00e6glampe. Udvid dit Hue system til terrassen, altanen eller indk\u00f8rslen, og f\u00e5 avanceret lysstyring i haven. Lampen tilsluttes din eksisterende Philips Hue Bridge, hvilket giver adgang til alle de smarte funktioner som fjernbetjening via appen, geofencing, timere og [&hellip;]<\/p>\n","protected":false},"featured_media":999980000004470850,"template":"","meta":[],"store":[1272516],"product_brand":[1272523],"product_cat":[1272407],"product_tag":[1272697,1272767],"class_list":{"0":"post-447085","1":"product","2":"type-product","3":"status-publish","4":"has-post-thumbnail","6":"store-butik24","7":"product_brand-philips-hue","8":"product_cat-belysning-2","9":"product_tag-belysning","10":"product_tag-philips-hue","11":"pa_maerke-philips-hue","13":"first","14":"instock","15":"product-type-external"},"_links":{"self":[{"href":"https:\/\/www.pricetornado.com\/da\/wp-json\/wp\/v2\/product\/447085","targetHints":{"allow":["GET"]}}],"collection":[{"href":"https:\/\/www.pricetornado.com\/da\/wp-json\/wp\/v2\/product"}],"about":[{"href":"https:\/\/www.pricetornado.com\/da\/wp-json\/wp\/v2\/types\/product"}],"wp:featuredmedia":[{"embeddable":true,"href":"https:\/\/www.pricetornado.com\/da\/wp-json\/"}],"wp:attachment":[{"href":"https:\/\/www.pricetornado.com\/da\/wp-json\/wp\/v2\/media?parent=447085"}],"wp:term":[{"taxonomy":"store","embeddable":true,"href":"https:\/\/www.pricetornado.com\/da\/wp-json\/wp\/v2\/store?post=447085"},{"taxonomy":"product_brand","embeddable":true,"href":"https:\/\/www.pricetornado.com\/da\/wp-json\/wp\/v2\/product_brand?post=447085"},{"taxonomy":"product_cat","embeddable":true,"href":"https:\/\/www.pricetornado.com\/da\/wp-json\/wp\/v2\/product_cat?post=447085"},{"taxonomy":"product_tag","embeddable":true,"href":"https:\/\/www.pricetornado.com\/da\/wp-json\/wp\/v2\/product_tag?post=447085"}],"curies":[{"name":"wp","href":"https:\/\/api.w.org\/{rel}","templated":true}]}}