{"id":447084,"date":"2025-02-23T21:41:38","date_gmt":"2025-02-23T20:41:38","guid":{"rendered":"https:\/\/www.pricetornado.com\/da\/produkt\/nedis-stable-saet-til-vaskemaskine-og-toerretumbler-universal-605-mm-hvid-wask110wt\/"},"modified":"2026-04-17T03:20:17","modified_gmt":"2026-04-17T01:20:17","slug":"nedis-stable-saet-til-vaskemaskine-og-toerretumbler-universal-605-mm-hvid-wask110wt","status":"publish","type":"product","link":"https:\/\/www.pricetornado.com\/da\/produkt\/nedis-stable-saet-til-vaskemaskine-og-toerretumbler-universal-605-mm-hvid-wask110wt\/","title":{"rendered":"Nedis &#8211; Stable S\u00e6t til Vaskemaskine og T\u00f8rretumbler | Universal | 605 mm | Hvid &#8211; WASK110WT"},"content":{"rendered":"<p>K\u00f8b billig Nedis &#8211; Stable S\u00e6t til Vaskemaskine og T\u00f8rretumbler | Universal | 605 mm | Hvid &#8211; WASK110WT!<br \/>\nDette Nedis stable s\u00e6t er en universel l\u00f8sning, der g\u00f8r det nemt og sikkert at stable din t\u00f8rretumbler ovenp\u00e5 vaskemaskinen. S\u00e6ttet passer til standard vaskemaskiner og t\u00f8rretumblere med en bredde p\u00e5 60 cm og er fremstillet af holdbart metal og plastik, som sikrer b\u00e5de stabilitet og langvarig brug. Ved at stable maskinerne frig\u00f8res v\u00e6rdifuld gulvplads, hvilket optimerer indretningen af dit vaskerum eller hjem.Plac\u00e9r forbindelsesdelene, s\u00e5 den side, hvor der st\u00e5r &quot;TOP&quot;, vender opad.S\u00e6t profildelene korrekt i forbindelsesdelene og s\u00f8rg for, at de strammes godt til.L\u00e6g den bl\u00f8de tape mellem vaskemaskinen og t\u00f8rretumbleren for at beskytte begge maskiner mod ridser og skader under installation og brug.Plac\u00e9r stativs\u00e6ttet mellem maskinerne og fastg\u00f8r fjederen mellem hullerne i profilen for ekstra sikkerhed.Stable s\u00e6ttet fra Nedis giver en sikker og praktisk l\u00f8sning til at optimere pladsen og beskytte dine h\u00e5rde hvidevarer. Se flere produkter fra for smarte og funktionelle l\u00f8sninger til hjemmet.<\/p>\n<p>Sammenlign priser p\u00e5 Nedis &#8211; Stable S\u00e6t til Vaskemaskine og T\u00f8rretumbler | Universal | 605 mm | Hvid &#8211; WASK110WT og k\u00f8b online til den billigste pris, samt p\u00e5 tilbud!\u00a0\u00a0Tjek den bedste pris, produkt beskrivelse, video, test, anmeldelser osv.<\/p>\n<p><strong>Brand: <\/strong>Nedis<br \/>\n<strong>EAN: <\/strong>5412810301676<br \/>\n<strong>Producentens varenr.:<\/strong> 5412810301676<\/p>\n<p><strong>P.S.<\/strong><br \/>\nTilmeld dig til &#8220;Opret Gratis Prisfald Alarm&#8221;, og bliv underrettet med det samme om prisfald p\u00e5 Nedis &#8211; Stable S\u00e6t til Vaskemaskine og T\u00f8rretumbler | Universal | 605 mm | Hvid &#8211; WASK110WT, og f\u00e5 den billigste pris!<\/p>\n<p>&nbsp;<\/p>\n<p>&nbsp;<\/p>\n","protected":false},"excerpt":{"rendered":"<p>K\u00f8b billig Nedis &#8211; Stable S\u00e6t til Vaskemaskine og T\u00f8rretumbler | Universal | 605 mm | Hvid &#8211; WASK110WT! Dette Nedis stable s\u00e6t er en universel l\u00f8sning, der g\u00f8r det nemt og sikkert at stable din t\u00f8rretumbler ovenp\u00e5 vaskemaskinen. S\u00e6ttet passer til standard vaskemaskiner og t\u00f8rretumblere med en bredde p\u00e5 60 cm og er fremstillet [&hellip;]<\/p>\n","protected":false},"featured_media":999980000004470840,"template":"","meta":[],"store":[1272516],"product_brand":[1272517],"product_cat":[1272508],"product_tag":[1272837,1275178],"class_list":{"0":"post-447084","1":"product","2":"type-product","3":"status-publish","4":"has-post-thumbnail","6":"store-butik24","7":"product_brand-nedis","8":"product_cat-husholdningsapparater","9":"product_tag-husholdningsapparater","10":"product_tag-nedis","11":"pa_maerke-nedis","13":"first","14":"instock","15":"product-type-external"},"_links":{"self":[{"href":"https:\/\/www.pricetornado.com\/da\/wp-json\/wp\/v2\/product\/447084","targetHints":{"allow":["GET"]}}],"collection":[{"href":"https:\/\/www.pricetornado.com\/da\/wp-json\/wp\/v2\/product"}],"about":[{"href":"https:\/\/www.pricetornado.com\/da\/wp-json\/wp\/v2\/types\/product"}],"wp:featuredmedia":[{"embeddable":true,"href":"https:\/\/www.pricetornado.com\/da\/wp-json\/"}],"wp:attachment":[{"href":"https:\/\/www.pricetornado.com\/da\/wp-json\/wp\/v2\/media?parent=447084"}],"wp:term":[{"taxonomy":"store","embeddable":true,"href":"https:\/\/www.pricetornado.com\/da\/wp-json\/wp\/v2\/store?post=447084"},{"taxonomy":"product_brand","embeddable":true,"href":"https:\/\/www.pricetornado.com\/da\/wp-json\/wp\/v2\/product_brand?post=447084"},{"taxonomy":"product_cat","embeddable":true,"href":"https:\/\/www.pricetornado.com\/da\/wp-json\/wp\/v2\/product_cat?post=447084"},{"taxonomy":"product_tag","embeddable":true,"href":"https:\/\/www.pricetornado.com\/da\/wp-json\/wp\/v2\/product_tag?post=447084"}],"curies":[{"name":"wp","href":"https:\/\/api.w.org\/{rel}","templated":true}]}}