{"id":447080,"date":"2025-02-21T02:40:57","date_gmt":"2025-02-21T01:40:57","guid":{"rendered":"https:\/\/www.pricetornado.com\/da\/produkt\/nedis-traadloese-over-ear-hovedtelefoner-maksimal-batteritid-28-timer-indbygget-mikrofon-truk-kontrol-hybrid-enc-anc-understoetter-stemmestyring-volumenkontrol-sort-hpbt6024bk\/"},"modified":"2026-04-18T02:30:43","modified_gmt":"2026-04-18T00:30:43","slug":"nedis-traadloese-over-ear-hovedtelefoner-maksimal-batteritid-28-timer-indbygget-mikrofon-truk-kontrol-hybrid-enc-anc-understoetter-stemmestyring-volumenkontrol-sort-hpbt6024bk","status":"publish","type":"product","link":"https:\/\/www.pricetornado.com\/da\/produkt\/nedis-traadloese-over-ear-hovedtelefoner-maksimal-batteritid-28-timer-indbygget-mikrofon-truk-kontrol-hybrid-enc-anc-understoetter-stemmestyring-volumenkontrol-sort-hpbt6024bk\/","title":{"rendered":"Nedis &#8211; Tr\u00e5dl\u00f8se Over-Ear hovedtelefoner | Maksimal batteritid: 28 timer | Indbygget mikrofon | Truk kontrol | Hybrid (ENC + ANC) | Underst\u00f8tter stemmestyring | Volumenkontrol | Sort &#8211; HPBT6024BK"},"content":{"rendered":"<p>K\u00f8b billig Nedis &#8211; Tr\u00e5dl\u00f8se Over-Ear hovedtelefoner | Maksimal batteritid: 28 timer | Indbygget mikrofon | Truk kontrol | Hybrid (ENC + ANC) | Underst\u00f8tter stemmestyring | Volumenkontrol | Sort &#8211; HPBT6024BK!<br \/>\nNedis Bluetooth Smart Over-Ear hovedtelefoner kombinerer h\u00f8j komfort, fremragende lydkvalitet og avanceret teknologi \u2013 ideel til musikelskere p\u00e5 farten eller hjemme. Det lette ABS-plastmateriale og det kompakte, foldbare og drejelige design betyder, at hovedtelefonerne er b\u00e5de holdbare og nemme at tage med p\u00e5 rejsen. Den polstrede, justerbare hovedb\u00f8jle og de bl\u00f8de \u00f8repuder sikrer en behagelig pasform, selv under lange lytte-sessioner.Med hybrid st\u00f8jreduktion \u2013 en kombination af ANC (Active Noise Cancellation) og ENC (Environmental Noise Cancellation) \u2013 bruges b\u00e5de indvendige og udvendige mikrofoner til at identificere og neutralisere omgivelsesst\u00f8j effektivt. Du f\u00e5r mulighed for at fordybe dig i din musik eller dine opkald uden forstyrrelser fra omgivelserne.stabil Bluetooth 5.3 forbindelse og op til 28 timers batterilevetidBluetooth 5.3-teknologien sikrer en stabil tr\u00e5dl\u00f8s forbindelse og interferensfri lyd. Hovedtelefonerne parres automatisk med din enhed efter den f\u00f8rste ops\u00e6tning. Med et 300mAh Li-ion batteri f\u00e5r du op til 28 timers spilletid p\u00e5 en enkelt opladning, og via det medf\u00f8lgende USB-C kabel er de fuldt opladet igen p\u00e5 blot 2 timer takket v\u00e6re hurtigopladning og indbygget overopladningsbeskyttelse.Du kan nemt styre afspilning og opkald direkte p\u00e5 \u00f8rekopperne med fysiske knapper, mens stemmestyring med Siri og Google Assistant muligg\u00f8r h\u00e5ndfri betjening. Den indbyggede mikrofon s\u00f8rger for klare og tydelige samtaler. Hovedtelefonerne tilbyder ogs\u00e5 mulighed for kablet forbindelse via et 3,5 mm jackstik, s\u00e5 du altid kan lytte \u2013 ogs\u00e5 n\u00e5r batteriet er tomt.Bluetooth 5.3 for stabil parring og tr\u00e5dl\u00f8s oplevelseOp til 28 timers batterilevetid pr. opladningMed Nedis SmartLife-appen f\u00e5r du adgang til ekstra funktioner som personlig lyd via equalizer (EQ), anti-tab-funktion, mulighed for at tilpasse tasteinteraktioner, forskellige arbejdstilstande og automatisk sluk-funktion for \u00f8get bekvemmelighed og l\u00e6ngere batteritid. Hovedtelefonerne er ikke vandt\u00e6tte og m\u00e5 ikke uds\u00e6ttes for vand.Opgrader din lytteoplevelse med Nedis Bluetooth Smart Over-Ear hovedtelefoner \u2013 den perfekte kombination af avancerede funktioner, komfort, holdbarhed og mobilitet. Se ogs\u00e5 vores udvalg af for flere innovative l\u00f8sninger.<\/p>\n<p>Sammenlign priser p\u00e5 Nedis &#8211; Tr\u00e5dl\u00f8se Over-Ear hovedtelefoner | Maksimal batteritid: 28 timer | Indbygget mikrofon | Truk kontrol | Hybrid (ENC + ANC) | Underst\u00f8tter stemmestyring | Volumenkontrol | Sort &#8211; HPBT6024BK og k\u00f8b online til den billigste pris, samt p\u00e5 tilbud!\u00a0\u00a0Tjek den bedste pris, produkt beskrivelse, video, test, anmeldelser osv.<\/p>\n<p><strong>Brand: <\/strong>Nedis<br \/>\n<strong>EAN: <\/strong>5412810454990<br \/>\n<strong>Producentens varenr.:<\/strong> 5412810454990<\/p>\n<p><strong>P.S.<\/strong><br \/>\nTilmeld dig til &#8220;Opret Gratis Prisfald Alarm&#8221;, og bliv underrettet med det samme om prisfald p\u00e5 Nedis &#8211; Tr\u00e5dl\u00f8se Over-Ear hovedtelefoner | Maksimal batteritid: 28 timer | Indbygget mikrofon | Truk kontrol | Hybrid (ENC + ANC) | Underst\u00f8tter stemmestyring | Volumenkontrol | Sort &#8211; HPBT6024BK, og f\u00e5 den billigste pris!<\/p>\n<p>&nbsp;<\/p>\n<p>&nbsp;<\/p>\n","protected":false},"excerpt":{"rendered":"<p>K\u00f8b billig Nedis &#8211; Tr\u00e5dl\u00f8se Over-Ear hovedtelefoner | Maksimal batteritid: 28 timer | Indbygget mikrofon | Truk kontrol | Hybrid (ENC + ANC) | Underst\u00f8tter stemmestyring | Volumenkontrol | Sort &#8211; HPBT6024BK! Nedis Bluetooth Smart Over-Ear hovedtelefoner kombinerer h\u00f8j komfort, fremragende lydkvalitet og avanceret teknologi \u2013 ideel til musikelskere p\u00e5 farten eller hjemme. Det lette [&hellip;]<\/p>\n","protected":false},"featured_media":999980000004470800,"template":"","meta":[],"store":[1272516],"product_brand":[1272517],"product_cat":[1272434],"product_tag":[1272843,1275178],"class_list":{"0":"post-447080","1":"product","2":"type-product","3":"status-publish","4":"has-post-thumbnail","6":"store-butik24","7":"product_brand-nedis","8":"product_cat-hovedtelefoner","9":"product_tag-hovedtelefoner","10":"product_tag-nedis","11":"pa_maerke-nedis","13":"first","14":"instock","15":"product-type-external"},"_links":{"self":[{"href":"https:\/\/www.pricetornado.com\/da\/wp-json\/wp\/v2\/product\/447080","targetHints":{"allow":["GET"]}}],"collection":[{"href":"https:\/\/www.pricetornado.com\/da\/wp-json\/wp\/v2\/product"}],"about":[{"href":"https:\/\/www.pricetornado.com\/da\/wp-json\/wp\/v2\/types\/product"}],"wp:featuredmedia":[{"embeddable":true,"href":"https:\/\/www.pricetornado.com\/da\/wp-json\/"}],"wp:attachment":[{"href":"https:\/\/www.pricetornado.com\/da\/wp-json\/wp\/v2\/media?parent=447080"}],"wp:term":[{"taxonomy":"store","embeddable":true,"href":"https:\/\/www.pricetornado.com\/da\/wp-json\/wp\/v2\/store?post=447080"},{"taxonomy":"product_brand","embeddable":true,"href":"https:\/\/www.pricetornado.com\/da\/wp-json\/wp\/v2\/product_brand?post=447080"},{"taxonomy":"product_cat","embeddable":true,"href":"https:\/\/www.pricetornado.com\/da\/wp-json\/wp\/v2\/product_cat?post=447080"},{"taxonomy":"product_tag","embeddable":true,"href":"https:\/\/www.pricetornado.com\/da\/wp-json\/wp\/v2\/product_tag?post=447080"}],"curies":[{"name":"wp","href":"https:\/\/api.w.org\/{rel}","templated":true}]}}