{"id":447078,"date":"2025-02-21T00:09:57","date_gmt":"2025-02-20T23:09:57","guid":{"rendered":"https:\/\/www.pricetornado.com\/da\/produkt\/gense-animal-friends-boernebestik-4-dele-mat-staal\/"},"modified":"2026-04-20T09:20:46","modified_gmt":"2026-04-20T07:20:46","slug":"gense-animal-friends-boernebestik-4-dele-mat-staal","status":"publish","type":"product","link":"https:\/\/www.pricetornado.com\/da\/produkt\/gense-animal-friends-boernebestik-4-dele-mat-staal\/","title":{"rendered":"Gense Animal Friends B\u00f8rnebestik 4 dele Mat st\u00e5l"},"content":{"rendered":"<p>K\u00f8b billig Gense Animal Friends B\u00f8rnebestik 4 dele Mat st\u00e5l!<br \/>\nAnimal Friends er et charmerende b\u00f8rnebestik fra Gense, designet af Karin Mannerst\u00e5l. Her f\u00e5r b\u00f8rnene fire glade venner \u2013 kanin, bj\u00f8rn, kat og abe \u2013 med til spisebordet, hvilket g\u00f8r m\u00e5ltidet b\u00e5de sjovere og mere indbydende. Bestikket er perfekt tilpasset b\u00f8rn i alderen 1-4 \u00e5r og inspirerer til hyggelige m\u00e5ltidsstunder.B\u00f8rnebestikket er fremstillet i robust 18\/8 rustfrit st\u00e5l, som er korrosionsbestandigt, hygiejnisk og sikrer lang holdbarhed. Den matte finish p\u00e5 st\u00e5let mindsker risikoen for at glide og giver et sikkert greb for sm\u00e5 h\u00e6nder.H\u00e5ndtag med dyremotiver (kanin, bj\u00f8rn, kat og abe) g\u00f8r bestikket ekstra sjovt.Rundede, ergonomiske former og kompakt st\u00f8rrelse skaber komfort og nem betjening for b\u00f8rn.T\u00e5ler opvaskemaskine for nem reng\u00f8ring og vedligeholdelse.Velegnet til b\u00f8rn i alderen 1-4 \u00e5r.Giv dit barn en tryg og underholdende spiseoplevelse med Animal Friends b\u00f8rnebestik \u2013 en kombination af funktionalitet, sikkerhed og fantasifuldt design.<\/p>\n<p>Sammenlign priser p\u00e5 Gense Animal Friends B\u00f8rnebestik 4 dele Mat st\u00e5l og k\u00f8b online til den billigste pris, samt p\u00e5 tilbud!\u00a0\u00a0Tjek den bedste pris, produkt beskrivelse, video, test, anmeldelser osv.<\/p>\n<p><strong>Brand: <\/strong>Gense<br \/>\n<strong>EAN: <\/strong>7319011067616<br \/>\n<strong>Producentens varenr.:<\/strong> 7319011067616<\/p>\n<p><strong>P.S.<\/strong><br \/>\nTilmeld dig til &#8220;Opret Gratis Prisfald Alarm&#8221;, og bliv underrettet med det samme om prisfald p\u00e5 Gense Animal Friends B\u00f8rnebestik 4 dele Mat st\u00e5l, og f\u00e5 den billigste pris!<\/p>\n<p>&nbsp;<\/p>\n<p>&nbsp;<\/p>\n","protected":false},"excerpt":{"rendered":"<p>K\u00f8b billig Gense Animal Friends B\u00f8rnebestik 4 dele Mat st\u00e5l! Animal Friends er et charmerende b\u00f8rnebestik fra Gense, designet af Karin Mannerst\u00e5l. Her f\u00e5r b\u00f8rnene fire glade venner \u2013 kanin, bj\u00f8rn, kat og abe \u2013 med til spisebordet, hvilket g\u00f8r m\u00e5ltidet b\u00e5de sjovere og mere indbydende. Bestikket er perfekt tilpasset b\u00f8rn i alderen 1-4 \u00e5r [&hellip;]<\/p>\n","protected":false},"featured_media":999980000004470780,"template":"","meta":[],"store":[1272516],"product_brand":[1272532],"product_cat":[1272410],"product_tag":[1275181,1272681],"class_list":{"0":"post-447078","1":"product","2":"type-product","3":"status-publish","4":"has-post-thumbnail","6":"store-butik24","7":"product_brand-gense","8":"product_cat-koekkengrej","9":"product_tag-gense","10":"product_tag-koekkengrej","11":"pa_maerke-gense","13":"first","14":"instock","15":"product-type-external"},"_links":{"self":[{"href":"https:\/\/www.pricetornado.com\/da\/wp-json\/wp\/v2\/product\/447078","targetHints":{"allow":["GET"]}}],"collection":[{"href":"https:\/\/www.pricetornado.com\/da\/wp-json\/wp\/v2\/product"}],"about":[{"href":"https:\/\/www.pricetornado.com\/da\/wp-json\/wp\/v2\/types\/product"}],"wp:featuredmedia":[{"embeddable":true,"href":"https:\/\/www.pricetornado.com\/da\/wp-json\/"}],"wp:attachment":[{"href":"https:\/\/www.pricetornado.com\/da\/wp-json\/wp\/v2\/media?parent=447078"}],"wp:term":[{"taxonomy":"store","embeddable":true,"href":"https:\/\/www.pricetornado.com\/da\/wp-json\/wp\/v2\/store?post=447078"},{"taxonomy":"product_brand","embeddable":true,"href":"https:\/\/www.pricetornado.com\/da\/wp-json\/wp\/v2\/product_brand?post=447078"},{"taxonomy":"product_cat","embeddable":true,"href":"https:\/\/www.pricetornado.com\/da\/wp-json\/wp\/v2\/product_cat?post=447078"},{"taxonomy":"product_tag","embeddable":true,"href":"https:\/\/www.pricetornado.com\/da\/wp-json\/wp\/v2\/product_tag?post=447078"}],"curies":[{"name":"wp","href":"https:\/\/api.w.org\/{rel}","templated":true}]}}